{"id":807,"date":"2022-12-20T17:14:39","date_gmt":"2022-12-20T14:14:39","guid":{"rendered":"https:\/\/kackaryapi.com.tr\/?post_type=product&#038;p=807"},"modified":"2025-05-29T04:06:33","modified_gmt":"2025-05-29T01:06:33","slug":"esit-seviye-ekleme-parcasi","status":"publish","type":"product","link":"https:\/\/kackaryapi.com.tr\/en\/product\/esit-seviye-ekleme-parcasi\/","title":{"rendered":"E\u015fit Seviye Ekleme Par\u00e7as\u0131"},"content":{"rendered":"","protected":false},"excerpt":{"rendered":"<p><strong>Al\u00e7\u0131pan\u00ae Asma Tavan Sistemlerinde, Tavan C ana ve tali ta\u015f\u0131y\u0131c\u0131lar\u0131n ayn\u0131 seviyede birbirine ba\u011flanmas\u0131n\u0131 sa\u011flayan elemand\u0131r.<\/strong><\/p>\n<p><strong>Kullan\u0131m Alanlar\u0131:<\/strong><\/p>\n<ul>\n<li>Asma tavan sistemleri<\/li>\n<\/ul>\n<p><strong>Ebatlar ve Genel \u00d6zellikler:<\/strong><\/p>\n<ul>\n<li>TC 60 \/ 27: Kal\u0131nl\u0131k: 0,8 mm \/ A\u011f\u0131rl\u0131k: 0,075 kg\/adet \/ Paketleme: 100 adet\/paket<\/li>\n<li>TC 49 \/ 15 (Optimum): Kal\u0131nl\u0131k: 0,8 mm \/ A\u011f\u0131rl\u0131k: 0,04 kg\/adet \/ Paketleme: 100 adet\/paket<\/li>\n<\/ul>","protected":false},"featured_media":809,"comment_status":"open","ping_status":"closed","template":"","meta":[],"product_cat":[40,150],"product_tag":[44,36,47,46,155,156,157,43,34,35,39,45,38,72],"class_list":["post-807","product","type-product","status-publish","has-post-thumbnail","hentry","product_cat-kuruyapi","product_cat-sistem-aksesuarlari","product_tag-alci","product_tag-astarlar","product_tag-atasehir-knauf","product_tag-atasehir-yapi","product_tag-ciftli-klips","product_tag-ekleme-parcasi","product_tag-esit-seviye-ekleme-parcasi","product_tag-kackar-yapi","product_tag-knauf","product_tag-macunlar","product_tag-yapi","product_tag-yapi-onarim","product_tag-yapi-sistemleri","product_tag-zemin-sistemleri"],"_links":{"self":[{"href":"https:\/\/kackaryapi.com.tr\/en\/wp-json\/wp\/v2\/product\/807","targetHints":{"allow":["GET"]}}],"collection":[{"href":"https:\/\/kackaryapi.com.tr\/en\/wp-json\/wp\/v2\/product"}],"about":[{"href":"https:\/\/kackaryapi.com.tr\/en\/wp-json\/wp\/v2\/types\/product"}],"replies":[{"embeddable":true,"href":"https:\/\/kackaryapi.com.tr\/en\/wp-json\/wp\/v2\/comments?post=807"}],"wp:featuredmedia":[{"embeddable":true,"href":"https:\/\/kackaryapi.com.tr\/en\/wp-json\/wp\/v2\/media\/809"}],"wp:attachment":[{"href":"https:\/\/kackaryapi.com.tr\/en\/wp-json\/wp\/v2\/media?parent=807"}],"wp:term":[{"taxonomy":"product_cat","embeddable":true,"href":"https:\/\/kackaryapi.com.tr\/en\/wp-json\/wp\/v2\/product_cat?post=807"},{"taxonomy":"product_tag","embeddable":true,"href":"https:\/\/kackaryapi.com.tr\/en\/wp-json\/wp\/v2\/product_tag?post=807"}],"curies":[{"name":"wp","href":"https:\/\/api.w.org\/{rel}","templated":true}]}}