{"id":805,"date":"2022-12-20T17:11:46","date_gmt":"2022-12-20T14:11:46","guid":{"rendered":"https:\/\/kackaryapi.com.tr\/?post_type=product&#038;p=805"},"modified":"2022-12-20T17:14:21","modified_gmt":"2022-12-20T14:14:21","slug":"ekleme-parcasi","status":"publish","type":"product","link":"https:\/\/kackaryapi.com.tr\/en\/product\/ekleme-parcasi\/","title":{"rendered":"Ekleme Par\u00e7as\u0131"},"content":{"rendered":"","protected":false},"excerpt":{"rendered":"<p><strong>Tavan C Profillerinin birbirine ba\u011flanarak boylar\u0131n\u0131n uzat\u0131lmas\u0131nda kullan\u0131lan elemand\u0131r.<\/strong><\/p>\n<p><strong>Kullan\u0131m Alanlar\u0131:<\/strong><\/p>\n<ul>\n<li>Asma tavan sistemleri<\/li>\n<\/ul>\n<p><strong>Ebatlar ve Genel \u00d6zellikler:<\/strong><\/p>\n<ul>\n<li>TC 60 \/ 27: Kal\u0131nl\u0131k: 0,4 mm \/ A\u011f\u0131rl\u0131k: 0,03 \/ 0,055 kg\/adet \/ Paketleme: 100 adet\/paket<\/li>\n<li>TC 49 \/ 15 (Optimum): Kal\u0131nl\u0131k: 0,5 mm \/ A\u011f\u0131rl\u0131k: 0,03 kg\/adet \/ Paketleme: 100 adet\/paket<\/li>\n<\/ul>","protected":false},"featured_media":806,"comment_status":"open","ping_status":"closed","template":"","meta":[],"product_cat":[40,150],"product_tag":[44,36,47,46,155,156,43,34,35,39,45,38,72],"class_list":["post-805","product","type-product","status-publish","has-post-thumbnail","hentry","product_cat-kuruyapi","product_cat-sistem-aksesuarlari","product_tag-alci","product_tag-astarlar","product_tag-atasehir-knauf","product_tag-atasehir-yapi","product_tag-ciftli-klips","product_tag-ekleme-parcasi","product_tag-kackar-yapi","product_tag-knauf","product_tag-macunlar","product_tag-yapi","product_tag-yapi-onarim","product_tag-yapi-sistemleri","product_tag-zemin-sistemleri"],"_links":{"self":[{"href":"https:\/\/kackaryapi.com.tr\/en\/wp-json\/wp\/v2\/product\/805","targetHints":{"allow":["GET"]}}],"collection":[{"href":"https:\/\/kackaryapi.com.tr\/en\/wp-json\/wp\/v2\/product"}],"about":[{"href":"https:\/\/kackaryapi.com.tr\/en\/wp-json\/wp\/v2\/types\/product"}],"replies":[{"embeddable":true,"href":"https:\/\/kackaryapi.com.tr\/en\/wp-json\/wp\/v2\/comments?post=805"}],"wp:featuredmedia":[{"embeddable":true,"href":"https:\/\/kackaryapi.com.tr\/en\/wp-json\/wp\/v2\/media\/806"}],"wp:attachment":[{"href":"https:\/\/kackaryapi.com.tr\/en\/wp-json\/wp\/v2\/media?parent=805"}],"wp:term":[{"taxonomy":"product_cat","embeddable":true,"href":"https:\/\/kackaryapi.com.tr\/en\/wp-json\/wp\/v2\/product_cat?post=805"},{"taxonomy":"product_tag","embeddable":true,"href":"https:\/\/kackaryapi.com.tr\/en\/wp-json\/wp\/v2\/product_tag?post=805"}],"curies":[{"name":"wp","href":"https:\/\/api.w.org\/{rel}","templated":true}]}}