{"id":801,"date":"2022-12-20T17:07:11","date_gmt":"2022-12-20T14:07:11","guid":{"rendered":"https:\/\/kackaryapi.com.tr\/?post_type=product&#038;p=801"},"modified":"2022-12-20T17:08:34","modified_gmt":"2022-12-20T14:08:34","slug":"klips","status":"publish","type":"product","link":"https:\/\/kackaryapi.com.tr\/en\/product\/klips\/","title":{"rendered":"Klips"},"content":{"rendered":"","protected":false},"excerpt":{"rendered":"<p><strong>Ana ve tali tavan C profilleri iki a\u015famada birbirine ba\u011flayan elemand\u0131r.<\/strong><\/p>\n<p><strong>Kullan\u0131m Alanlar\u0131:<\/strong><\/p>\n<ul>\n<li>Asma tavan sistemleri<\/li>\n<\/ul>\n<p><strong>Ebatlar ve Genel \u00d6zellikler:<\/strong><\/p>\n<ul>\n<li>TC 60 \/ 27: Kal\u0131nl\u0131k: 0,7 \/ 0,8 mm \/ A\u011f\u0131rl\u0131k: 0,019 \/ 0,03 kg\/adet \/ Paketleme: 1000 adet\/paket<\/li>\n<li>TC 49 \/ 15 (Optimum): Kal\u0131nl\u0131k: 0,7 mm \/ A\u011f\u0131rl\u0131k: 0,015 kg\/adet \/ Paketleme: 100 adet\/paket<\/li>\n<\/ul>","protected":false},"featured_media":802,"comment_status":"open","ping_status":"closed","template":"","meta":[],"product_cat":[40,150],"product_tag":[44,154,36,47,46,43,34,35,39,45,38,72],"class_list":["post-801","product","type-product","status-publish","has-post-thumbnail","hentry","product_cat-kuruyapi","product_cat-sistem-aksesuarlari","product_tag-alci","product_tag-aski-masasi","product_tag-astarlar","product_tag-atasehir-knauf","product_tag-atasehir-yapi","product_tag-kackar-yapi","product_tag-knauf","product_tag-macunlar","product_tag-yapi","product_tag-yapi-onarim","product_tag-yapi-sistemleri","product_tag-zemin-sistemleri"],"_links":{"self":[{"href":"https:\/\/kackaryapi.com.tr\/en\/wp-json\/wp\/v2\/product\/801","targetHints":{"allow":["GET"]}}],"collection":[{"href":"https:\/\/kackaryapi.com.tr\/en\/wp-json\/wp\/v2\/product"}],"about":[{"href":"https:\/\/kackaryapi.com.tr\/en\/wp-json\/wp\/v2\/types\/product"}],"replies":[{"embeddable":true,"href":"https:\/\/kackaryapi.com.tr\/en\/wp-json\/wp\/v2\/comments?post=801"}],"wp:featuredmedia":[{"embeddable":true,"href":"https:\/\/kackaryapi.com.tr\/en\/wp-json\/wp\/v2\/media\/802"}],"wp:attachment":[{"href":"https:\/\/kackaryapi.com.tr\/en\/wp-json\/wp\/v2\/media?parent=801"}],"wp:term":[{"taxonomy":"product_cat","embeddable":true,"href":"https:\/\/kackaryapi.com.tr\/en\/wp-json\/wp\/v2\/product_cat?post=801"},{"taxonomy":"product_tag","embeddable":true,"href":"https:\/\/kackaryapi.com.tr\/en\/wp-json\/wp\/v2\/product_tag?post=801"}],"curies":[{"name":"wp","href":"https:\/\/api.w.org\/{rel}","templated":true}]}}