{"id":799,"date":"2022-12-20T17:05:15","date_gmt":"2022-12-20T14:05:15","guid":{"rendered":"https:\/\/kackaryapi.com.tr\/?post_type=product&#038;p=799"},"modified":"2022-12-20T17:06:26","modified_gmt":"2022-12-20T14:06:26","slug":"aski-masasi","status":"publish","type":"product","link":"https:\/\/kackaryapi.com.tr\/en\/product\/aski-masasi\/","title":{"rendered":"Ask\u0131 Ma\u015fas\u0131"},"content":{"rendered":"","protected":false},"excerpt":{"rendered":"<p><strong>Tavan C Profiller ile ask\u0131 tellerini birbirine ba\u011flayan par\u00e7ad\u0131r.<\/strong><\/p>\n<p><strong>Kullan\u0131m Alanlar\u0131:<\/strong><\/p>\n<ul>\n<li>Asma tavan sistemleri<\/li>\n<\/ul>\n<p><strong>Ebatlar ve Genel \u00d6zellikler:<\/strong><\/p>\n<ul>\n<li>TC 60 \/ 27: Kal\u0131nl\u0131k: 1 mm \/ A\u011f\u0131rl\u0131k: 0,075 kg\/adet \/ Paketleme: 250 adet\/paket<\/li>\n<li>TC 49 \/ 15 (Optimum): Kal\u0131nl\u0131k: 1 mm \/ A\u011f\u0131rl\u0131k: 0,06 kg\/adet \/ Paketleme: 100 adet\/paket<\/li>\n<\/ul>","protected":false},"featured_media":800,"comment_status":"open","ping_status":"closed","template":"","meta":[],"product_cat":[40,150],"product_tag":[44,154,36,47,46,43,34,35,39,45,38,72],"class_list":["post-799","product","type-product","status-publish","has-post-thumbnail","hentry","product_cat-kuruyapi","product_cat-sistem-aksesuarlari","product_tag-alci","product_tag-aski-masasi","product_tag-astarlar","product_tag-atasehir-knauf","product_tag-atasehir-yapi","product_tag-kackar-yapi","product_tag-knauf","product_tag-macunlar","product_tag-yapi","product_tag-yapi-onarim","product_tag-yapi-sistemleri","product_tag-zemin-sistemleri"],"_links":{"self":[{"href":"https:\/\/kackaryapi.com.tr\/en\/wp-json\/wp\/v2\/product\/799","targetHints":{"allow":["GET"]}}],"collection":[{"href":"https:\/\/kackaryapi.com.tr\/en\/wp-json\/wp\/v2\/product"}],"about":[{"href":"https:\/\/kackaryapi.com.tr\/en\/wp-json\/wp\/v2\/types\/product"}],"replies":[{"embeddable":true,"href":"https:\/\/kackaryapi.com.tr\/en\/wp-json\/wp\/v2\/comments?post=799"}],"wp:featuredmedia":[{"embeddable":true,"href":"https:\/\/kackaryapi.com.tr\/en\/wp-json\/wp\/v2\/media\/800"}],"wp:attachment":[{"href":"https:\/\/kackaryapi.com.tr\/en\/wp-json\/wp\/v2\/media?parent=799"}],"wp:term":[{"taxonomy":"product_cat","embeddable":true,"href":"https:\/\/kackaryapi.com.tr\/en\/wp-json\/wp\/v2\/product_cat?post=799"},{"taxonomy":"product_tag","embeddable":true,"href":"https:\/\/kackaryapi.com.tr\/en\/wp-json\/wp\/v2\/product_tag?post=799"}],"curies":[{"name":"wp","href":"https:\/\/api.w.org\/{rel}","templated":true}]}}