{"id":797,"date":"2022-12-20T17:01:37","date_gmt":"2022-12-20T14:01:37","guid":{"rendered":"https:\/\/kackaryapi.com.tr\/?post_type=product&#038;p=797"},"modified":"2024-11-20T04:29:57","modified_gmt":"2024-11-20T01:29:57","slug":"aski-teli","status":"publish","type":"product","link":"https:\/\/kackaryapi.com.tr\/en\/product\/aski-teli\/","title":{"rendered":"Ask\u0131 Teli"},"content":{"rendered":"","protected":false},"excerpt":{"rendered":"<p><strong>Asma tavan sistemlerini tavana ba\u011flayan ask\u0131 eleman\u0131d\u0131r.<\/strong><\/p>\n<p><strong>Kullan\u0131m Alanlar\u0131:<\/strong><\/p>\n<ul>\n<li>Asma tavan sistemleri<\/li>\n<\/ul>\n<p><strong>Ebatlar ve Genel \u00d6zellikler:<\/strong><\/p>\n<ul>\n<li>20 cm: Kal\u0131nl\u0131k: 3.8 mm \/ A\u011f\u0131rl\u0131k: 0,02 kg\/adet \/ Paketleme: 100 adet\/paket<\/li>\n<li>40 cm: Kal\u0131nl\u0131k: 3.8 mm \/ A\u011f\u0131rl\u0131k: 0,04 kg\/adet \/ Paketleme: 100 adet\/paket<\/li>\n<li>60 cm: Kal\u0131nl\u0131k: 3.8 mm \/ A\u011f\u0131rl\u0131k: 0,06 kg\/adet \/ Paketleme: 100 adet\/paket<\/li>\n<li>80 cm: Kal\u0131nl\u0131k: 3.8 mm \/ A\u011f\u0131rl\u0131k: 0,08 kg\/adet \/ Paketleme: 100 adet\/paket<\/li>\n<li>100 cm: Kal\u0131nl\u0131k: 3.8 mm \/ A\u011f\u0131rl\u0131k: 0,10 kg\/adet \/ Paketleme: 100 adet\/paket<\/li>\n<li>120 cm: Kal\u0131nl\u0131k: 3.8 mm \/ A\u011f\u0131rl\u0131k: 0,12 kg\/adet \/ Paketleme: 100 adet\/paket<\/li>\n<li>140 cm: Kal\u0131nl\u0131k: 3.8 mm \/ A\u011f\u0131rl\u0131k: 0,14 kg\/adet \/ Paketleme: 100 adet\/paket<\/li>\n<li>160 cm: Kal\u0131nl\u0131k: 3.8 mm \/ A\u011f\u0131rl\u0131k: 0,16 kg\/adet \/ Paketleme: 100 adet\/paket<\/li>\n<li>200 cm: Kal\u0131nl\u0131k: 3.8 mm \/ A\u011f\u0131rl\u0131k: 0,20 kg\/adet \/ Paketleme: 100 adet\/paket<\/li>\n<\/ul>","protected":false},"featured_media":798,"comment_status":"open","ping_status":"closed","template":"","meta":[],"product_cat":[40,150],"product_tag":[44,97,153,36,47,46,43,34,35,39,45,38,72],"class_list":["post-797","product","type-product","status-publish","has-post-thumbnail","hentry","product_cat-kuruyapi","product_cat-sistem-aksesuarlari","product_tag-alci","product_tag-alci-plaka","product_tag-aski-teli","product_tag-astarlar","product_tag-atasehir-knauf","product_tag-atasehir-yapi","product_tag-kackar-yapi","product_tag-knauf","product_tag-macunlar","product_tag-yapi","product_tag-yapi-onarim","product_tag-yapi-sistemleri","product_tag-zemin-sistemleri"],"_links":{"self":[{"href":"https:\/\/kackaryapi.com.tr\/en\/wp-json\/wp\/v2\/product\/797","targetHints":{"allow":["GET"]}}],"collection":[{"href":"https:\/\/kackaryapi.com.tr\/en\/wp-json\/wp\/v2\/product"}],"about":[{"href":"https:\/\/kackaryapi.com.tr\/en\/wp-json\/wp\/v2\/types\/product"}],"replies":[{"embeddable":true,"href":"https:\/\/kackaryapi.com.tr\/en\/wp-json\/wp\/v2\/comments?post=797"}],"wp:featuredmedia":[{"embeddable":true,"href":"https:\/\/kackaryapi.com.tr\/en\/wp-json\/wp\/v2\/media\/798"}],"wp:attachment":[{"href":"https:\/\/kackaryapi.com.tr\/en\/wp-json\/wp\/v2\/media?parent=797"}],"wp:term":[{"taxonomy":"product_cat","embeddable":true,"href":"https:\/\/kackaryapi.com.tr\/en\/wp-json\/wp\/v2\/product_cat?post=797"},{"taxonomy":"product_tag","embeddable":true,"href":"https:\/\/kackaryapi.com.tr\/en\/wp-json\/wp\/v2\/product_tag?post=797"}],"curies":[{"name":"wp","href":"https:\/\/api.w.org\/{rel}","templated":true}]}}