{"id":795,"date":"2022-12-20T16:59:34","date_gmt":"2022-12-20T13:59:34","guid":{"rendered":"https:\/\/kackaryapi.com.tr\/?post_type=product&#038;p=795"},"modified":"2022-12-20T17:01:16","modified_gmt":"2022-12-20T14:01:16","slug":"akustik-agraf-pabucu","status":"publish","type":"product","link":"https:\/\/kackaryapi.com.tr\/en\/product\/akustik-agraf-pabucu\/","title":{"rendered":"Akustik Agraf Pabucu"},"content":{"rendered":"","protected":false},"excerpt":{"rendered":"<p><strong>Ses yal\u0131t\u0131m\u0131 sa\u011flamas\u0131 amac\u0131yla agraflar\u0131n arkas\u0131na yerle\u015ftirilen kau\u00e7uk par\u00e7ad\u0131r.<\/strong><\/p>\n<p><strong>Kullan\u0131m Alanlar\u0131:<\/strong><\/p>\n<ul>\n<li>Asma tavan sistemleri<\/li>\n<li>Duvar giydirme sistemleri<\/li>\n<\/ul>\n<p><strong>Ebatlar ve Genel \u00d6zellikler:<\/strong><\/p>\n<ul>\n<li>A\u011f\u0131rl\u0131k: 0,013 kg\/adet \/ Paketleme: 100 adet\/paket<\/li>\n<\/ul>","protected":false},"featured_media":796,"comment_status":"open","ping_status":"closed","template":"","meta":[],"product_cat":[40,150],"product_tag":[152,44,97,36,47,46,43,34,35,39,45,38,72],"class_list":["post-795","product","type-product","status-publish","has-post-thumbnail","hentry","product_cat-kuruyapi","product_cat-sistem-aksesuarlari","product_tag-akustik-agraf-pabucu","product_tag-alci","product_tag-alci-plaka","product_tag-astarlar","product_tag-atasehir-knauf","product_tag-atasehir-yapi","product_tag-kackar-yapi","product_tag-knauf","product_tag-macunlar","product_tag-yapi","product_tag-yapi-onarim","product_tag-yapi-sistemleri","product_tag-zemin-sistemleri"],"_links":{"self":[{"href":"https:\/\/kackaryapi.com.tr\/en\/wp-json\/wp\/v2\/product\/795","targetHints":{"allow":["GET"]}}],"collection":[{"href":"https:\/\/kackaryapi.com.tr\/en\/wp-json\/wp\/v2\/product"}],"about":[{"href":"https:\/\/kackaryapi.com.tr\/en\/wp-json\/wp\/v2\/types\/product"}],"replies":[{"embeddable":true,"href":"https:\/\/kackaryapi.com.tr\/en\/wp-json\/wp\/v2\/comments?post=795"}],"wp:featuredmedia":[{"embeddable":true,"href":"https:\/\/kackaryapi.com.tr\/en\/wp-json\/wp\/v2\/media\/796"}],"wp:attachment":[{"href":"https:\/\/kackaryapi.com.tr\/en\/wp-json\/wp\/v2\/media?parent=795"}],"wp:term":[{"taxonomy":"product_cat","embeddable":true,"href":"https:\/\/kackaryapi.com.tr\/en\/wp-json\/wp\/v2\/product_cat?post=795"},{"taxonomy":"product_tag","embeddable":true,"href":"https:\/\/kackaryapi.com.tr\/en\/wp-json\/wp\/v2\/product_tag?post=795"}],"curies":[{"name":"wp","href":"https:\/\/api.w.org\/{rel}","templated":true}]}}