{"id":793,"date":"2022-12-20T16:56:26","date_gmt":"2022-12-20T13:56:26","guid":{"rendered":"https:\/\/kackaryapi.com.tr\/?post_type=product&#038;p=793"},"modified":"2024-11-01T11:09:58","modified_gmt":"2024-11-01T08:09:58","slug":"agraf","status":"publish","type":"product","link":"https:\/\/kackaryapi.com.tr\/en\/product\/agraf\/","title":{"rendered":"Agraf"},"content":{"rendered":"","protected":false},"excerpt":{"rendered":"<p><strong>Tavan C Profillerini tavana ve duvara ba\u011flayan ask\u0131 eleman\u0131d\u0131r.<\/strong><\/p>\n<p><strong>Kullan\u0131m Alanlar\u0131:<\/strong><\/p>\n<ul>\n<li>Asma tavan sistemleri<\/li>\n<li>Duvar giydirme sistemleri<\/li>\n<\/ul>\n<p><strong>Ebatlar ve Genel \u00d6zellikler:<\/strong><\/p>\n<ul>\n<li>TC 60\/27:Ebat: 5 cm \/ Kal\u0131nl\u0131k: 0,8 mm \/ A\u011f\u0131rl\u0131k: 0,04 kg\/adet \/ Paketleme: 100 adet\/paket<\/li>\n<li>TC 60\/27:Ebat: 7,5 cm \/ Kal\u0131nl\u0131k: 0,8 mm \/ A\u011f\u0131rl\u0131k: 0,03 kg\/adet \/ Paketleme: 100 adet\/paket<\/li>\n<li>TC 60\/27:Ebat: 7,5 cm \/ Kal\u0131nl\u0131k: 0,7 mm \/ A\u011f\u0131rl\u0131k: 0,06 kg\/adet \/ Paketleme: 100 adet\/paket<\/li>\n<li>TC 60\/27:Ebat: 12 cm \/ Kal\u0131nl\u0131k: 0,7 mm \/ A\u011f\u0131rl\u0131k: 0,05 kg\/adet \/ Paketleme: 100 adet\/paket<\/li>\n<li>TC 60\/27:Ebat: 12 cm \/ Kal\u0131nl\u0131k: 1 mm \/ A\u011f\u0131rl\u0131k: 0,08 kg\/adet \/ Paketleme: 100 adet\/paket<\/li>\n<li>TC 60\/27:Ebat: 15 cm \/ Kal\u0131nl\u0131k: 1 mm \/ A\u011f\u0131rl\u0131k: 0,09 kg\/adet \/ Paketleme: 100 adet\/paket<\/li>\n<li>TC 60\/27:Ebat: 20 cm \/ Kal\u0131nl\u0131k: 1 mm \/ A\u011f\u0131rl\u0131k: 0,11 kg\/adet \/ Paketleme: 100 adet\/paket<\/li>\n<li>TC 60\/27:Ebat: 30 cm \/ Kal\u0131nl\u0131k: 1 mm \/ A\u011f\u0131rl\u0131k: 0,16 kg\/adet \/ Paketleme: 100 adet\/paket<\/li>\n<li>TC 49\/15 (Optimum): Ebat: 5 cm \/ Kal\u0131nl\u0131k: 0,8 mm \/ A\u011f\u0131rl\u0131k: 0,035 kg\/adet \/ Paketleme: 100 adet\/paket<\/li>\n<li>TC 49\/15 (Optimum): Ebat: 7,5 cm \/ Kal\u0131nl\u0131k: 0,8 mm \/ A\u011f\u0131rl\u0131k: 0,045 kg\/adet \/ Paketleme: 100 adet\/paket<\/li>\n<li>TC 49\/15 (Optimum): Ebat: 12 cm \/ Kal\u0131nl\u0131k: 1 mm \/ A\u011f\u0131rl\u0131k: 0,070 kg\/adet \/ Paketleme: 100 adet\/paket<\/li>\n<li>TC 49\/15 (Optimum): Ebat: 15 cm \/ Kal\u0131nl\u0131k: 1 mm \/ A\u011f\u0131rl\u0131k: 0,085 kg\/adet \/ Paketleme: 100 adet\/paket<\/li>\n<\/ul>","protected":false},"featured_media":794,"comment_status":"open","ping_status":"closed","template":"","meta":[],"product_cat":[40,150],"product_tag":[151,44,97,36,47,46,43,34,35,39,45,38,72],"class_list":["post-793","product","type-product","status-publish","has-post-thumbnail","hentry","product_cat-kuruyapi","product_cat-sistem-aksesuarlari","product_tag-agraf","product_tag-alci","product_tag-alci-plaka","product_tag-astarlar","product_tag-atasehir-knauf","product_tag-atasehir-yapi","product_tag-kackar-yapi","product_tag-knauf","product_tag-macunlar","product_tag-yapi","product_tag-yapi-onarim","product_tag-yapi-sistemleri","product_tag-zemin-sistemleri"],"_links":{"self":[{"href":"https:\/\/kackaryapi.com.tr\/en\/wp-json\/wp\/v2\/product\/793","targetHints":{"allow":["GET"]}}],"collection":[{"href":"https:\/\/kackaryapi.com.tr\/en\/wp-json\/wp\/v2\/product"}],"about":[{"href":"https:\/\/kackaryapi.com.tr\/en\/wp-json\/wp\/v2\/types\/product"}],"replies":[{"embeddable":true,"href":"https:\/\/kackaryapi.com.tr\/en\/wp-json\/wp\/v2\/comments?post=793"}],"wp:featuredmedia":[{"embeddable":true,"href":"https:\/\/kackaryapi.com.tr\/en\/wp-json\/wp\/v2\/media\/794"}],"wp:attachment":[{"href":"https:\/\/kackaryapi.com.tr\/en\/wp-json\/wp\/v2\/media?parent=793"}],"wp:term":[{"taxonomy":"product_cat","embeddable":true,"href":"https:\/\/kackaryapi.com.tr\/en\/wp-json\/wp\/v2\/product_cat?post=793"},{"taxonomy":"product_tag","embeddable":true,"href":"https:\/\/kackaryapi.com.tr\/en\/wp-json\/wp\/v2\/product_tag?post=793"}],"curies":[{"name":"wp","href":"https:\/\/api.w.org\/{rel}","templated":true}]}}