{"id":791,"date":"2022-12-19T00:12:41","date_gmt":"2022-12-18T21:12:41","guid":{"rendered":"https:\/\/kackaryapi.com.tr\/?post_type=product&#038;p=791"},"modified":"2022-12-19T00:13:13","modified_gmt":"2022-12-18T21:13:13","slug":"knauf-petek-paneller","status":"publish","type":"product","link":"https:\/\/kackaryapi.com.tr\/en\/product\/knauf-petek-paneller\/","title":{"rendered":"Knauf Petek Paneller"},"content":{"rendered":"","protected":false},"excerpt":{"rendered":"<p><strong>Metal asma tavanlarda kullan\u0131lan \u0131zgara g\u00f6r\u00fcn\u00fcml\u00fc metal tavan plakas\u0131d\u0131r.<\/strong><\/p>\n<p><strong>Kullan\u0131m Alanlar\u0131:<\/strong><\/p>\n<ul>\n<li>Mod\u00fcler asma tavanlar<\/li>\n<\/ul>\n<p><strong>Ebatlar ve Genel \u00d6zellikler:<\/strong><\/p>\n<ul>\n<li>40&#215;100: Kal\u0131nl\u0131k: 0,4 mm \/ A\u011f\u0131rl\u0131k: 2,70 kg\/m2 \/ En: 600 mm \/ Boy: 600 mm \/ Renk: RAL 9005-9006-90016 \/ Paketleme: 27 adet\/palet<\/li>\n<li>40&#215;75: Kal\u0131nl\u0131k: 0,4 mm \/ A\u011f\u0131rl\u0131k: 2,76 kg\/m2 \/ En: 600 mm \/ Boy: 600 mm \/ Renk: RAL 9005-9006-90016 \/ Paketleme: 19 adet\/palet<\/li>\n<li>40&#215;50: Kal\u0131nl\u0131k: 0,4 mm \/ A\u011f\u0131rl\u0131k: 4,13 kg\/m2 \/ En: 600 mm \/ Boy: 600 mm \/ Renk: RAL 9005-9006-90016 \/ Paketleme: 12 adet\/palet<\/li>\n<li>40&#215;60: Kal\u0131nl\u0131k: 0,4 mm \/ A\u011f\u0131rl\u0131k: 3,45 kg\/m2 \/ En: 600 mm \/ Boy: 600 mm \/ Renk: RAL 9005-9006-90016 \/ Paketleme: 15 adet\/palet<\/li>\n<li>40&#215;150: Kal\u0131nl\u0131k: 0,4 mm \/ A\u011f\u0131rl\u0131k: 1,38 kg\/m2 \/ En: 600 mm \/ Boy: 600 mm \/ Renk: RAL 9005-9006-90016 \/ Paketleme: 45 adet\/palet<\/li>\n<\/ul>\n<p>\u00dcr\u00fcn Standard\u0131: TS EN 13964<\/p>","protected":false},"featured_media":792,"comment_status":"open","ping_status":"closed","template":"","meta":[],"product_cat":[40,110],"product_tag":[44,97,36,47,46,43,34,149,35,39,45,38,72],"class_list":["post-791","product","type-product","status-publish","has-post-thumbnail","hentry","product_cat-kuruyapi","product_cat-tavan-plaka","product_tag-alci","product_tag-alci-plaka","product_tag-astarlar","product_tag-atasehir-knauf","product_tag-atasehir-yapi","product_tag-kackar-yapi","product_tag-knauf","product_tag-knauf-petek-paneller","product_tag-macunlar","product_tag-yapi","product_tag-yapi-onarim","product_tag-yapi-sistemleri","product_tag-zemin-sistemleri"],"_links":{"self":[{"href":"https:\/\/kackaryapi.com.tr\/en\/wp-json\/wp\/v2\/product\/791","targetHints":{"allow":["GET"]}}],"collection":[{"href":"https:\/\/kackaryapi.com.tr\/en\/wp-json\/wp\/v2\/product"}],"about":[{"href":"https:\/\/kackaryapi.com.tr\/en\/wp-json\/wp\/v2\/types\/product"}],"replies":[{"embeddable":true,"href":"https:\/\/kackaryapi.com.tr\/en\/wp-json\/wp\/v2\/comments?post=791"}],"wp:featuredmedia":[{"embeddable":true,"href":"https:\/\/kackaryapi.com.tr\/en\/wp-json\/wp\/v2\/media\/792"}],"wp:attachment":[{"href":"https:\/\/kackaryapi.com.tr\/en\/wp-json\/wp\/v2\/media?parent=791"}],"wp:term":[{"taxonomy":"product_cat","embeddable":true,"href":"https:\/\/kackaryapi.com.tr\/en\/wp-json\/wp\/v2\/product_cat?post=791"},{"taxonomy":"product_tag","embeddable":true,"href":"https:\/\/kackaryapi.com.tr\/en\/wp-json\/wp\/v2\/product_tag?post=791"}],"curies":[{"name":"wp","href":"https:\/\/api.w.org\/{rel}","templated":true}]}}