{"id":789,"date":"2022-12-19T00:11:37","date_gmt":"2022-12-18T21:11:37","guid":{"rendered":"https:\/\/kackaryapi.com.tr\/?post_type=product&#038;p=789"},"modified":"2022-12-19T00:12:07","modified_gmt":"2022-12-18T21:12:07","slug":"knauf-lay-on-metal-plakalar","status":"publish","type":"product","link":"https:\/\/kackaryapi.com.tr\/en\/product\/knauf-lay-on-metal-plakalar\/","title":{"rendered":"Knauf Lay-On Metal Plakalar"},"content":{"rendered":"","protected":false},"excerpt":{"rendered":"<p><strong>Mod\u00fcler asma tavanlarda kullan\u0131lan k\u00fct kenar metal tavan plakas\u0131d\u0131r.<\/strong><\/p>\n<p><strong>Kullan\u0131m Alanlar\u0131:<\/strong><\/p>\n<ul>\n<li>Mod\u00fcler metal asma tavan sistemleri<\/li>\n<\/ul>\n<p><strong>Ebatlar ve Genel \u00d6zellikler:<\/strong><\/p>\n<ul>\n<li>D\u00fcz: \u00c7elik: Kal\u0131nl\u0131k: 0,5 mm \/ A\u011f\u0131rl\u0131k: 4,05 kg\/m \/ En: 600 mm \/ Boy: 600 mm \/ Renk: RAL 9016 \/ Paketleme: 22 adet\/ba\u011f<\/li>\n<li>D\u00fcz: \u00c7elik: Kal\u0131nl\u0131k: 0,5 mm \/ A\u011f\u0131rl\u0131k: 4,56 kg\/m \/ En: 300 mm \/ Boy: 300 mm \/ Renk: RAL 9016 \/ Paketleme: 112 adet\/ba\u011f<\/li>\n<li>D\u00fcz: Al\u00fcminyum: Kal\u0131nl\u0131k: 0,7 mm \/ A\u011f\u0131rl\u0131k: 1,96 kg\/m \/ En: 600 mm \/ Boy: 600 mm \/ Renk: RAL 9016 \/ Paketleme: 30 adet\/ba\u011f<\/li>\n<li>D\u00fcz: Al\u00fcminyum: Kal\u0131nl\u0131k: 0,5 mm \/ A\u011f\u0131rl\u0131k: 1,47 kg\/m \/ En: 300 mm \/ Boy: 300 mm \/ Renk: RAL 9016 \/ Paketleme: 112 adet\/ba\u011f<\/li>\n<li>Perfore: \u00c7elik: Kal\u0131nl\u0131k: 0,5 mm \/ A\u011f\u0131rl\u0131k: 3,51 kg\/m \/ En: 600 mm \/ Boy: 600 mm \/ Renk: RAL 9016 \/ Paketleme: 22 adet\/ba\u011f<\/li>\n<li>Perfore: \u00c7elik: Kal\u0131nl\u0131k: 0,5 mm \/ A\u011f\u0131rl\u0131k: 3,78 kg\/m \/ En: 300 mm \/ Boy: 300 mm \/ Renk: RAL 9016 \/ Paketleme: 112 adet\/ba\u011f<\/li>\n<li>Perfore: Al\u00fcminyum: Kal\u0131nl\u0131k: 0,5 mm \/ A\u011f\u0131rl\u0131k: 1,52 kg\/m \/ En: 600 mm \/ Boy: 600 mm \/ Renk: RAL 9016 \/ Paketleme: 30 adet\/ba\u011f<\/li>\n<li>Perfore: Al\u00fcminyum: Kal\u0131nl\u0131k: 0,5 mm \/ A\u011f\u0131rl\u0131k: 1,17 kg\/m \/ En: 300 mm \/ Boy: 300 mm \/ Renk: RAL 9016 \/ Paketleme: 112 adet\/ba\u011f<\/li>\n<\/ul>\n<p>\u00dcr\u00fcn Standard\u0131:TS EN 13964<\/p>","protected":false},"featured_media":790,"comment_status":"open","ping_status":"closed","template":"","meta":[],"product_cat":[40,110],"product_tag":[44,97,36,47,46,43,34,148,35,39,45,38,72],"class_list":["post-789","product","type-product","status-publish","has-post-thumbnail","hentry","product_cat-kuruyapi","product_cat-tavan-plaka","product_tag-alci","product_tag-alci-plaka","product_tag-astarlar","product_tag-atasehir-knauf","product_tag-atasehir-yapi","product_tag-kackar-yapi","product_tag-knauf","product_tag-knauf-lay-on-metal-plakalar","product_tag-macunlar","product_tag-yapi","product_tag-yapi-onarim","product_tag-yapi-sistemleri","product_tag-zemin-sistemleri"],"_links":{"self":[{"href":"https:\/\/kackaryapi.com.tr\/en\/wp-json\/wp\/v2\/product\/789","targetHints":{"allow":["GET"]}}],"collection":[{"href":"https:\/\/kackaryapi.com.tr\/en\/wp-json\/wp\/v2\/product"}],"about":[{"href":"https:\/\/kackaryapi.com.tr\/en\/wp-json\/wp\/v2\/types\/product"}],"replies":[{"embeddable":true,"href":"https:\/\/kackaryapi.com.tr\/en\/wp-json\/wp\/v2\/comments?post=789"}],"wp:featuredmedia":[{"embeddable":true,"href":"https:\/\/kackaryapi.com.tr\/en\/wp-json\/wp\/v2\/media\/790"}],"wp:attachment":[{"href":"https:\/\/kackaryapi.com.tr\/en\/wp-json\/wp\/v2\/media?parent=789"}],"wp:term":[{"taxonomy":"product_cat","embeddable":true,"href":"https:\/\/kackaryapi.com.tr\/en\/wp-json\/wp\/v2\/product_cat?post=789"},{"taxonomy":"product_tag","embeddable":true,"href":"https:\/\/kackaryapi.com.tr\/en\/wp-json\/wp\/v2\/product_tag?post=789"}],"curies":[{"name":"wp","href":"https:\/\/api.w.org\/{rel}","templated":true}]}}