{"id":785,"date":"2022-12-19T00:08:47","date_gmt":"2022-12-18T21:08:47","guid":{"rendered":"https:\/\/kackaryapi.com.tr\/?post_type=product&#038;p=785"},"modified":"2022-12-19T00:09:43","modified_gmt":"2022-12-18T21:09:43","slug":"knauf-clip-in-metal-plakalar","status":"publish","type":"product","link":"https:\/\/kackaryapi.com.tr\/en\/product\/knauf-clip-in-metal-plakalar\/","title":{"rendered":"Knauf Clip-In Metal Plakalar"},"content":{"rendered":"","protected":false},"excerpt":{"rendered":"<p><strong>Mod\u00fcler asma tavanlarda kullan\u0131lan gizli kenar metal tavan plakas\u0131d\u0131r.<\/strong><\/p>\n<p><strong>Kullan\u0131m Alanlar\u0131:<\/strong><\/p>\n<ul>\n<li>Mod\u00fcler metal asma tavan sistemleri<\/li>\n<\/ul>\n<p><strong>Ebatlar ve Genel \u00d6zellikler:<\/strong><\/p>\n<ul>\n<li>D\u00fcz: \u00c7elik: Kal\u0131nl\u0131k: 0,5 mm \/ A\u011f\u0131rl\u0131k: 4,47 kg\/m \/ En: 600 mm \/ Boy: 600 mm \/ Renk: RAL 9016 \/ Paketleme: 16 adet\/ba\u011f<\/li>\n<li>D\u00fcz: \u00c7elik: Kal\u0131nl\u0131k: 0,5 mm \/ A\u011f\u0131rl\u0131k: 5,12 kg\/m \/ En: 300 mm \/ Boy: 300 mm \/ Renk: RAL 9016 \/ Paketleme: 56 adet\/ba\u011f<\/li>\n<li>D\u00fcz: Al\u00fcminyum: Kal\u0131nl\u0131k: 0,7 mm \/ A\u011f\u0131rl\u0131k: 1,89 kg\/m \/ En: 600 mm \/ Boy: 600 mm \/ Renk: RAL 9016 \/ Paketleme: 20 adet\/ba\u011f<\/li>\n<li>D\u00fcz: Al\u00fcminyum: Kal\u0131nl\u0131k: 0,5 mm \/ A\u011f\u0131rl\u0131k: 1,83 kg\/m \/ En: 300 mm \/ Boy: 300 mm \/ Renk: RAL 9016 \/ Paketleme: 88 adet\/ba\u011f<\/li>\n<li>Perfore: \u00c7elik: Kal\u0131nl\u0131k: 0,5 mm \/ A\u011f\u0131rl\u0131k: 4,13 kg\/m \/ En: 600 mm \/ Boy: 600 mm \/ Renk: RAL 9016 \/ Paketleme: 16 adet\/ba\u011f<\/li>\n<li>Perfore: \u00c7elik: Kal\u0131nl\u0131k: 0,5 mm \/ A\u011f\u0131rl\u0131k: 4,28 kg\/m \/ En: 300 mm \/ Boy: 300 mm \/ Renk: RAL 9016 \/ Paketleme: 56 adet\/ba\u011f<\/li>\n<li>Perfore: Al\u00fcminyum: Kal\u0131nl\u0131k: 0,5 mm \/ A\u011f\u0131rl\u0131k: 1,66 kg\/m \/ En: 600 mm \/ Boy: 600 mm \/ Renk: RAL 9016 \/ Paketleme: 20 adet\/ba\u011f<\/li>\n<li>Perfore: Al\u00fcminyum: Kal\u0131nl\u0131k: 0,5 mm \/ A\u011f\u0131rl\u0131k: 1,72 kg\/m \/ En: 300 mm \/ Boy: 300 mm \/ Renk: RAL 9016 \/ Paketleme: 88 adet\/ba\u011f<\/li>\n<\/ul>\n<p>\u00dcr\u00fcn Standard\u0131:TS EN 13964<\/p>","protected":false},"featured_media":786,"comment_status":"open","ping_status":"closed","template":"","meta":[],"product_cat":[40,110],"product_tag":[44,97,36,47,46,43,34,146,35,39,45,38,72],"class_list":["post-785","product","type-product","status-publish","has-post-thumbnail","hentry","product_cat-kuruyapi","product_cat-tavan-plaka","product_tag-alci","product_tag-alci-plaka","product_tag-astarlar","product_tag-atasehir-knauf","product_tag-atasehir-yapi","product_tag-kackar-yapi","product_tag-knauf","product_tag-knauf-clip-in-metal-plakalar","product_tag-macunlar","product_tag-yapi","product_tag-yapi-onarim","product_tag-yapi-sistemleri","product_tag-zemin-sistemleri"],"_links":{"self":[{"href":"https:\/\/kackaryapi.com.tr\/en\/wp-json\/wp\/v2\/product\/785","targetHints":{"allow":["GET"]}}],"collection":[{"href":"https:\/\/kackaryapi.com.tr\/en\/wp-json\/wp\/v2\/product"}],"about":[{"href":"https:\/\/kackaryapi.com.tr\/en\/wp-json\/wp\/v2\/types\/product"}],"replies":[{"embeddable":true,"href":"https:\/\/kackaryapi.com.tr\/en\/wp-json\/wp\/v2\/comments?post=785"}],"wp:featuredmedia":[{"embeddable":true,"href":"https:\/\/kackaryapi.com.tr\/en\/wp-json\/wp\/v2\/media\/786"}],"wp:attachment":[{"href":"https:\/\/kackaryapi.com.tr\/en\/wp-json\/wp\/v2\/media?parent=785"}],"wp:term":[{"taxonomy":"product_cat","embeddable":true,"href":"https:\/\/kackaryapi.com.tr\/en\/wp-json\/wp\/v2\/product_cat?post=785"},{"taxonomy":"product_tag","embeddable":true,"href":"https:\/\/kackaryapi.com.tr\/en\/wp-json\/wp\/v2\/product_tag?post=785"}],"curies":[{"name":"wp","href":"https:\/\/api.w.org\/{rel}","templated":true}]}}