{"id":781,"date":"2022-12-19T00:06:31","date_gmt":"2022-12-18T21:06:31","guid":{"rendered":"https:\/\/kackaryapi.com.tr\/?post_type=product&#038;p=781"},"modified":"2022-12-19T00:07:05","modified_gmt":"2022-12-18T21:07:05","slug":"heradesign-plano-serisi","status":"publish","type":"product","link":"https:\/\/kackaryapi.com.tr\/en\/product\/heradesign-plano-serisi\/","title":{"rendered":"Heradesign\u00ae Plano Serisi"},"content":{"rendered":"","protected":false},"excerpt":{"rendered":"<p><strong>Ah\u015fap y\u00fcn esasl\u0131 magnezit i\u00e7erikli d\u00fczg\u00fcn bir y\u00fczeye sahip akustik plakad\u0131r.<\/strong><\/p>\n<p><strong>Kullan\u0131m Alanlar\u0131:<\/strong><\/p>\n<ul>\n<li>Asma tavan<\/li>\n<li>B\u00f6lme duvar<\/li>\n<\/ul>\n<p><strong>Ebatlar ve Genel \u00d6zellikler:<\/strong><\/p>\n<ul>\n<li>Kenar Formu: AK-01, SK-04, SK-06 \/ Kal\u0131nl\u0131k: 25 mm \/ A\u011f\u0131rl\u0131k: 16 kg\/m2 \/ Geni\u015flik: 600 mm \/ Uzunluk: 600-1200 mm \/ Renk: Naturel<\/li>\n<\/ul>","protected":false},"featured_media":782,"comment_status":"open","ping_status":"closed","template":"","meta":[],"product_cat":[40,110],"product_tag":[44,97,36,47,46,143,43,34,35,39,45,38,72],"class_list":["post-781","product","type-product","status-publish","has-post-thumbnail","hentry","product_cat-kuruyapi","product_cat-tavan-plaka","product_tag-alci","product_tag-alci-plaka","product_tag-astarlar","product_tag-atasehir-knauf","product_tag-atasehir-yapi","product_tag-heradesign-plano-serisi","product_tag-kackar-yapi","product_tag-knauf","product_tag-macunlar","product_tag-yapi","product_tag-yapi-onarim","product_tag-yapi-sistemleri","product_tag-zemin-sistemleri"],"_links":{"self":[{"href":"https:\/\/kackaryapi.com.tr\/en\/wp-json\/wp\/v2\/product\/781","targetHints":{"allow":["GET"]}}],"collection":[{"href":"https:\/\/kackaryapi.com.tr\/en\/wp-json\/wp\/v2\/product"}],"about":[{"href":"https:\/\/kackaryapi.com.tr\/en\/wp-json\/wp\/v2\/types\/product"}],"replies":[{"embeddable":true,"href":"https:\/\/kackaryapi.com.tr\/en\/wp-json\/wp\/v2\/comments?post=781"}],"wp:featuredmedia":[{"embeddable":true,"href":"https:\/\/kackaryapi.com.tr\/en\/wp-json\/wp\/v2\/media\/782"}],"wp:attachment":[{"href":"https:\/\/kackaryapi.com.tr\/en\/wp-json\/wp\/v2\/media?parent=781"}],"wp:term":[{"taxonomy":"product_cat","embeddable":true,"href":"https:\/\/kackaryapi.com.tr\/en\/wp-json\/wp\/v2\/product_cat?post=781"},{"taxonomy":"product_tag","embeddable":true,"href":"https:\/\/kackaryapi.com.tr\/en\/wp-json\/wp\/v2\/product_tag?post=781"}],"curies":[{"name":"wp","href":"https:\/\/api.w.org\/{rel}","templated":true}]}}