{"id":777,"date":"2022-12-18T23:57:57","date_gmt":"2022-12-18T20:57:57","guid":{"rendered":"https:\/\/kackaryapi.com.tr\/?post_type=product&#038;p=777"},"modified":"2022-12-18T23:58:37","modified_gmt":"2022-12-18T20:58:37","slug":"heradesign-superfine-serisi","status":"publish","type":"product","link":"https:\/\/kackaryapi.com.tr\/en\/product\/heradesign-superfine-serisi\/","title":{"rendered":"Heradesign\u00ae Superfine Serisi"},"content":{"rendered":"","protected":false},"excerpt":{"rendered":"<p><strong>Ah\u015fap y\u00fcn esasl\u0131 magnezit ve 1 mm kal\u0131nl\u0131kta ah\u015fap elyaf i\u00e7erikli kendine \u00f6zg\u00fc zarif bir y\u00fczeye sahip akustik plakad\u0131r.<\/strong><\/p>\n<p><strong>Kullan\u0131m Alanlar\u0131:<\/strong><\/p>\n<ul>\n<li>Asma tavan<\/li>\n<li>B\u00f6lme duvar<\/li>\n<\/ul>\n<p><strong>Ebatlar ve Genel \u00d6zellikler:<\/strong><\/p>\n<ul>\n<li>Kenar Formu: GK,AK-00,AK-01, AK-02\/5, AK-02\/10,AK-02\/20, AK-03,SK-04, SK-05,SK-06 \/ Kal\u0131nl\u0131k: 15 mm \/ A\u011f\u0131rl\u0131k: 7,8 kg\/m2 \/ Geni\u015flik: 600 mm \/ Uzunluk: 600-1200 mm \/ Renk: Naturel<\/li>\n<li>Kenar Formu: GK,AK-00,AK-01, AK-02\/5, AK-02\/10,AK-02\/20, AK-03,SK-04, SK-05,SK-06 \/ Kal\u0131nl\u0131k: 25 mm \/ A\u011f\u0131rl\u0131k: 11,3 kg\/m2 \/ Geni\u015flik: 600 mm \/ Uzunluk: 600-1200 mm \/ Renk: Naturel<\/li>\n<li>Kenar Formu: GK,AK-00,AK-01, AK-02\/5, AK-02\/10,AK-02\/20, AK-03,SK-04, SK-05,SK-06 \/ Kal\u0131nl\u0131k: 35 mm \/ A\u011f\u0131rl\u0131k: 15 kg\/m2 \/ Geni\u015flik: 600 mm \/ Uzunluk: 600-1200 mm \/ Renk: Naturel<\/li>\n<\/ul>","protected":false},"featured_media":778,"comment_status":"open","ping_status":"closed","template":"","meta":[],"product_cat":[40,110],"product_tag":[44,97,36,47,46,141,43,34,35,39,45,38,72],"class_list":["post-777","product","type-product","status-publish","has-post-thumbnail","hentry","product_cat-kuruyapi","product_cat-tavan-plaka","product_tag-alci","product_tag-alci-plaka","product_tag-astarlar","product_tag-atasehir-knauf","product_tag-atasehir-yapi","product_tag-heradesign-superfine-serisi","product_tag-kackar-yapi","product_tag-knauf","product_tag-macunlar","product_tag-yapi","product_tag-yapi-onarim","product_tag-yapi-sistemleri","product_tag-zemin-sistemleri"],"_links":{"self":[{"href":"https:\/\/kackaryapi.com.tr\/en\/wp-json\/wp\/v2\/product\/777","targetHints":{"allow":["GET"]}}],"collection":[{"href":"https:\/\/kackaryapi.com.tr\/en\/wp-json\/wp\/v2\/product"}],"about":[{"href":"https:\/\/kackaryapi.com.tr\/en\/wp-json\/wp\/v2\/types\/product"}],"replies":[{"embeddable":true,"href":"https:\/\/kackaryapi.com.tr\/en\/wp-json\/wp\/v2\/comments?post=777"}],"wp:featuredmedia":[{"embeddable":true,"href":"https:\/\/kackaryapi.com.tr\/en\/wp-json\/wp\/v2\/media\/778"}],"wp:attachment":[{"href":"https:\/\/kackaryapi.com.tr\/en\/wp-json\/wp\/v2\/media?parent=777"}],"wp:term":[{"taxonomy":"product_cat","embeddable":true,"href":"https:\/\/kackaryapi.com.tr\/en\/wp-json\/wp\/v2\/product_cat?post=777"},{"taxonomy":"product_tag","embeddable":true,"href":"https:\/\/kackaryapi.com.tr\/en\/wp-json\/wp\/v2\/product_tag?post=777"}],"curies":[{"name":"wp","href":"https:\/\/api.w.org\/{rel}","templated":true}]}}