{"id":773,"date":"2022-12-18T23:55:17","date_gmt":"2022-12-18T20:55:17","guid":{"rendered":"https:\/\/kackaryapi.com.tr\/?post_type=product&#038;p=773"},"modified":"2024-11-09T20:15:41","modified_gmt":"2024-11-09T17:15:41","slug":"heradesign-macro-serisi","status":"publish","type":"product","link":"https:\/\/kackaryapi.com.tr\/en\/product\/heradesign-macro-serisi\/","title":{"rendered":"Heradesign\u00ae Macro Serisi"},"content":{"rendered":"","protected":false},"excerpt":{"rendered":"<p><strong>Ah\u015fap y\u00fcn esasl\u0131 magnezit ve 3mm kal\u0131nl\u0131kta ah\u015fap elyaf i\u00e7erikli kendine \u00f6zg\u00fc da\u011f\u0131n\u0131k bir y\u00fczeye sahip akustik plakad\u0131r.<\/strong><\/p>\n<p><strong>Kullan\u0131m Alanlar\u0131:<\/strong><\/p>\n<ul>\n<li>Asma tavan<\/li>\n<li>B\u00f6lme duvar<\/li>\n<\/ul>\n<p><strong>Ebatlar ve Genel \u00d6zellikler:<\/strong><\/p>\n<ul>\n<li>Kenar Formu: GK,AK-00,AK-01, AK-02\/5, AK-02\/10,AK-02\/20, AK-03,SK-04, SK-05,SK-06 \/ Kal\u0131nl\u0131k: 25 mm \/ A\u011f\u0131rl\u0131k: 12,4 kg\/m2 \/ Geni\u015flik: 600 mm \/ Uzunluk: 600-1200 mm \/ Renk: Naturel<\/li>\n<\/ul>","protected":false},"featured_media":774,"comment_status":"open","ping_status":"closed","template":"","meta":[],"product_cat":[40,110],"product_tag":[134,44,97,36,47,46,139,43,34,35,39,45,38,72],"class_list":["post-773","product","type-product","status-publish","has-post-thumbnail","hentry","product_cat-kuruyapi","product_cat-tavan-plaka","product_tag-5-10","product_tag-alci","product_tag-alci-plaka","product_tag-astarlar","product_tag-atasehir-knauf","product_tag-atasehir-yapi","product_tag-heradesign-macro-serisi","product_tag-kackar-yapi","product_tag-knauf","product_tag-macunlar","product_tag-yapi","product_tag-yapi-onarim","product_tag-yapi-sistemleri","product_tag-zemin-sistemleri"],"_links":{"self":[{"href":"https:\/\/kackaryapi.com.tr\/en\/wp-json\/wp\/v2\/product\/773","targetHints":{"allow":["GET"]}}],"collection":[{"href":"https:\/\/kackaryapi.com.tr\/en\/wp-json\/wp\/v2\/product"}],"about":[{"href":"https:\/\/kackaryapi.com.tr\/en\/wp-json\/wp\/v2\/types\/product"}],"replies":[{"embeddable":true,"href":"https:\/\/kackaryapi.com.tr\/en\/wp-json\/wp\/v2\/comments?post=773"}],"wp:featuredmedia":[{"embeddable":true,"href":"https:\/\/kackaryapi.com.tr\/en\/wp-json\/wp\/v2\/media\/774"}],"wp:attachment":[{"href":"https:\/\/kackaryapi.com.tr\/en\/wp-json\/wp\/v2\/media?parent=773"}],"wp:term":[{"taxonomy":"product_cat","embeddable":true,"href":"https:\/\/kackaryapi.com.tr\/en\/wp-json\/wp\/v2\/product_cat?post=773"},{"taxonomy":"product_tag","embeddable":true,"href":"https:\/\/kackaryapi.com.tr\/en\/wp-json\/wp\/v2\/product_tag?post=773"}],"curies":[{"name":"wp","href":"https:\/\/api.w.org\/{rel}","templated":true}]}}