{"id":772,"date":"2022-12-18T23:53:48","date_gmt":"2022-12-18T20:53:48","guid":{"rendered":"https:\/\/kackaryapi.com.tr\/?post_type=product&#038;p=772"},"modified":"2024-11-08T12:06:37","modified_gmt":"2024-11-08T09:06:37","slug":"kcs-thermatex-sonic-sky","status":"publish","type":"product","link":"https:\/\/kackaryapi.com.tr\/en\/product\/kcs-thermatex-sonic-sky\/","title":{"rendered":"KCS Thermatex Sonic Sky"},"content":{"rendered":"","protected":false},"excerpt":{"rendered":"<p><strong>Y\u00fcksek derecede akustik de\u011ferlere sahip, yang\u0131na dayan\u0131kl\u0131, y\u00fczeyi elyaf kapl\u0131 mineral esasl\u0131 asma tavan plakas\u0131d\u0131r.<\/strong><\/p>\n<p><strong>Kullan\u0131m Alanlar\u0131:<\/strong><\/p>\n<ul>\n<li>Mod\u00fcler asma tavan<\/li>\n<\/ul>\n<p><strong>Ebatlar ve Genel \u00d6zellikler:<\/strong><\/p>\n<ul>\n<li>K\u00fct Kenar (SK): Kal\u0131nl\u0131k: 30 mm \/ A\u011f\u0131rl\u0131k: 8 kg\/m2 \/ Geni\u015flik: 1500 mm \/ Uzunluk: 2000 mm \/ Renk: RAL 9010 beyaz \/ Paketleme: 1 adet\/paket<\/li>\n<li>K\u00fct Kenar (SK): Kal\u0131nl\u0131k: 30 mm \/ A\u011f\u0131rl\u0131k: 8 kg\/m2 \/ Geni\u015flik: 1200 mm \/ Uzunluk: 2400 mm \/ Renk: RAL 9010 beyaz \/ Paketleme: 1 adet\/paket<\/li>\n<li>K\u00fct Kenar (SK): Kal\u0131nl\u0131k: 30 mm \/ A\u011f\u0131rl\u0131k: 8 kg\/m2 \/ Geni\u015flik: 1200 mm \/ Uzunluk: 1200 mm \/ Renk: RAL 9010 beyaz \/ Paketleme: 1 adet\/paket<\/li>\n<\/ul>\n<p>\u00dcr\u00fcn Standard\u0131: EN 13964<\/p>","protected":false},"featured_media":759,"comment_status":"open","ping_status":"closed","template":"","meta":[],"product_cat":[40,110],"product_tag":[134,44,97,36,47,46,43,138,34,35,39,45,38,72],"class_list":["post-772","product","type-product","status-publish","has-post-thumbnail","hentry","product_cat-kuruyapi","product_cat-tavan-plaka","product_tag-5-10","product_tag-alci","product_tag-alci-plaka","product_tag-astarlar","product_tag-atasehir-knauf","product_tag-atasehir-yapi","product_tag-kackar-yapi","product_tag-kcs-thermatex-sonic-sky","product_tag-knauf","product_tag-macunlar","product_tag-yapi","product_tag-yapi-onarim","product_tag-yapi-sistemleri","product_tag-zemin-sistemleri"],"_links":{"self":[{"href":"https:\/\/kackaryapi.com.tr\/en\/wp-json\/wp\/v2\/product\/772","targetHints":{"allow":["GET"]}}],"collection":[{"href":"https:\/\/kackaryapi.com.tr\/en\/wp-json\/wp\/v2\/product"}],"about":[{"href":"https:\/\/kackaryapi.com.tr\/en\/wp-json\/wp\/v2\/types\/product"}],"replies":[{"embeddable":true,"href":"https:\/\/kackaryapi.com.tr\/en\/wp-json\/wp\/v2\/comments?post=772"}],"wp:featuredmedia":[{"embeddable":true,"href":"https:\/\/kackaryapi.com.tr\/en\/wp-json\/wp\/v2\/media\/759"}],"wp:attachment":[{"href":"https:\/\/kackaryapi.com.tr\/en\/wp-json\/wp\/v2\/media?parent=772"}],"wp:term":[{"taxonomy":"product_cat","embeddable":true,"href":"https:\/\/kackaryapi.com.tr\/en\/wp-json\/wp\/v2\/product_cat?post=772"},{"taxonomy":"product_tag","embeddable":true,"href":"https:\/\/kackaryapi.com.tr\/en\/wp-json\/wp\/v2\/product_tag?post=772"}],"curies":[{"name":"wp","href":"https:\/\/api.w.org\/{rel}","templated":true}]}}