{"id":764,"date":"2022-12-18T23:49:19","date_gmt":"2022-12-18T20:49:19","guid":{"rendered":"https:\/\/kackaryapi.com.tr\/?post_type=product&#038;p=764"},"modified":"2025-05-22T19:26:21","modified_gmt":"2025-05-22T16:26:21","slug":"kcs-thermatex-symetra-rg-4-10","status":"publish","type":"product","link":"https:\/\/kackaryapi.com.tr\/en\/product\/kcs-thermatex-symetra-rg-4-10\/","title":{"rendered":"KCS Thermatex Symetra RG 4-10"},"content":{"rendered":"","protected":false},"excerpt":{"rendered":"<p><strong>Y\u00fcksek derecede akustik de\u011ferlere sahip, yang\u0131na dayan\u0131kl\u0131 mineral esasl\u0131 asma tavan plakas\u0131d\u0131r.<\/strong><\/p>\n<p><strong>Kullan\u0131m Alanlar\u0131:<\/strong><\/p>\n<ul>\n<li>Mod\u00fcler asma tavan<\/li>\n<\/ul>\n<p><strong>Ebatlar ve Genel \u00d6zellikler:<\/strong><\/p>\n<ul>\n<li>Sarkmal\u0131 Kenar, K\u00fct Kenar (SK): Kal\u0131nl\u0131k: 15 mm \/ A\u011f\u0131rl\u0131k: 4 kg\/m2 \/ Geni\u015flik: 600 mm \/ Uzunluk: 600 mm \/ Renk: RAL 9010 beyaz \/ Paketleme: 14 adet\/paket<\/li>\n<li>Sarkmal\u0131 Kenar, K\u00fct Kenar (SK): Kal\u0131nl\u0131k: 19 mm \/ A\u011f\u0131rl\u0131k: 5,5 kg\/m2 \/ Geni\u015flik: 600 mm \/ Uzunluk: 600 mm \/ Renk: RAL 9010 beyaz \/ Paketleme: 14 adet\/paket<\/li>\n<\/ul>\n<p>\u00dcr\u00fcn Standard\u0131: EN 13964<\/p>","protected":false},"featured_media":765,"comment_status":"open","ping_status":"closed","template":"","meta":[],"product_cat":[40,110],"product_tag":[44,97,36,47,46,43,132,34,35,39,45,38,72],"class_list":["post-764","product","type-product","status-publish","has-post-thumbnail","hentry","product_cat-kuruyapi","product_cat-tavan-plaka","product_tag-alci","product_tag-alci-plaka","product_tag-astarlar","product_tag-atasehir-knauf","product_tag-atasehir-yapi","product_tag-kackar-yapi","product_tag-kcs-thermatex-symetra-rg-4-10","product_tag-knauf","product_tag-macunlar","product_tag-yapi","product_tag-yapi-onarim","product_tag-yapi-sistemleri","product_tag-zemin-sistemleri"],"_links":{"self":[{"href":"https:\/\/kackaryapi.com.tr\/en\/wp-json\/wp\/v2\/product\/764","targetHints":{"allow":["GET"]}}],"collection":[{"href":"https:\/\/kackaryapi.com.tr\/en\/wp-json\/wp\/v2\/product"}],"about":[{"href":"https:\/\/kackaryapi.com.tr\/en\/wp-json\/wp\/v2\/types\/product"}],"replies":[{"embeddable":true,"href":"https:\/\/kackaryapi.com.tr\/en\/wp-json\/wp\/v2\/comments?post=764"}],"wp:featuredmedia":[{"embeddable":true,"href":"https:\/\/kackaryapi.com.tr\/en\/wp-json\/wp\/v2\/media\/765"}],"wp:attachment":[{"href":"https:\/\/kackaryapi.com.tr\/en\/wp-json\/wp\/v2\/media?parent=764"}],"wp:term":[{"taxonomy":"product_cat","embeddable":true,"href":"https:\/\/kackaryapi.com.tr\/en\/wp-json\/wp\/v2\/product_cat?post=764"},{"taxonomy":"product_tag","embeddable":true,"href":"https:\/\/kackaryapi.com.tr\/en\/wp-json\/wp\/v2\/product_tag?post=764"}],"curies":[{"name":"wp","href":"https:\/\/api.w.org\/{rel}","templated":true}]}}