{"id":734,"date":"2022-12-18T23:27:23","date_gmt":"2022-12-18T20:27:23","guid":{"rendered":"https:\/\/kackaryapi.com.tr\/?post_type=product&#038;p=734"},"modified":"2025-05-22T23:01:17","modified_gmt":"2025-05-22T20:01:17","slug":"4-pahli-tavan-alcipan-fx-4p","status":"publish","type":"product","link":"https:\/\/kackaryapi.com.tr\/en\/product\/4-pahli-tavan-alcipan-fx-4p\/","title":{"rendered":"4 Pahl\u0131 Tavan Al\u00e7\u0131pan\u00ae (FX 4P)"},"content":{"rendered":"","protected":false},"excerpt":{"rendered":"<p><strong>Al\u00e7\u0131pan\u00ae asma tavan sistemlerinde kullan\u0131lan, d\u00f6rt kenar\u0131 pahl\u0131, d\u00fczg\u00fcn y\u00fczeyli, esnek ve hafif Al\u00e7\u0131pan\u00ae \u00e7e\u015fididir.<\/strong><\/p>\n<p><strong>\u00d6zellikler:<\/strong><\/p>\n<ul>\n<li>T\u00fcm kenarlar\u0131 pahl\u0131<\/li>\n<li>Temiz ve kolay montaj<\/li>\n<li>Zaman tasarrufu<\/li>\n<li>Y\u00fcksek y\u00fczey kalitesi<\/li>\n<\/ul>\n<p><strong>Kullan\u0131m Alanlar\u0131:<\/strong><\/p>\n<ul>\n<li>4 Pahl\u0131 Al\u00e7\u0131pan\u00ae, t\u00fcm kenarlar\u0131 pahl\u0131 yap\u0131s\u0131 sayesinde \u015fa\u015f\u0131rtma yap\u0131lmas\u0131na gerek kalmadan, ek yerlerine derz dolgusu ve derz band\u0131 uygun ve d\u00fczg\u00fcn \u015fekilde uygulanarak, m\u00fckemmel y\u00fczey kalitesi sa\u011flar.<\/li>\n<\/ul>\n<p><strong>Ebatlar ve Genel \u00d6zellikler:<\/strong><\/p>\n<ul>\n<li>Kal\u0131nl\u0131k: 12,5 mm \/ A\u011f\u0131rl\u0131k: 8-9 kg\/m2 \/ Geni\u015flik: 1200 mm \/ Uzunluk: 2000 mm \/ Paketleme: 50 adet\/paket<\/li>\n<\/ul>\n<p>\u00dcr\u00fcn Standard\u0131: TS EN 520 + A1 &#8211; Tip A<\/p>","protected":false},"featured_media":732,"comment_status":"open","ping_status":"closed","template":"","meta":[],"product_cat":[40,110],"product_tag":[114,44,97,36,47,46,43,34,35,39,45,38,72],"class_list":["post-734","product","type-product","status-publish","has-post-thumbnail","hentry","product_cat-kuruyapi","product_cat-tavan-plaka","product_tag-4-pahli-tavan-alcipan-fx-4p","product_tag-alci","product_tag-alci-plaka","product_tag-astarlar","product_tag-atasehir-knauf","product_tag-atasehir-yapi","product_tag-kackar-yapi","product_tag-knauf","product_tag-macunlar","product_tag-yapi","product_tag-yapi-onarim","product_tag-yapi-sistemleri","product_tag-zemin-sistemleri"],"_links":{"self":[{"href":"https:\/\/kackaryapi.com.tr\/en\/wp-json\/wp\/v2\/product\/734","targetHints":{"allow":["GET"]}}],"collection":[{"href":"https:\/\/kackaryapi.com.tr\/en\/wp-json\/wp\/v2\/product"}],"about":[{"href":"https:\/\/kackaryapi.com.tr\/en\/wp-json\/wp\/v2\/types\/product"}],"replies":[{"embeddable":true,"href":"https:\/\/kackaryapi.com.tr\/en\/wp-json\/wp\/v2\/comments?post=734"}],"wp:featuredmedia":[{"embeddable":true,"href":"https:\/\/kackaryapi.com.tr\/en\/wp-json\/wp\/v2\/media\/732"}],"wp:attachment":[{"href":"https:\/\/kackaryapi.com.tr\/en\/wp-json\/wp\/v2\/media?parent=734"}],"wp:term":[{"taxonomy":"product_cat","embeddable":true,"href":"https:\/\/kackaryapi.com.tr\/en\/wp-json\/wp\/v2\/product_cat?post=734"},{"taxonomy":"product_tag","embeddable":true,"href":"https:\/\/kackaryapi.com.tr\/en\/wp-json\/wp\/v2\/product_tag?post=734"}],"curies":[{"name":"wp","href":"https:\/\/api.w.org\/{rel}","templated":true}]}}