{"id":733,"date":"2022-12-18T23:26:42","date_gmt":"2022-12-18T20:26:42","guid":{"rendered":"https:\/\/kackaryapi.com.tr\/?post_type=product&#038;p=733"},"modified":"2022-12-18T23:27:06","modified_gmt":"2022-12-18T20:27:06","slug":"akustik-karo-alcipan","status":"publish","type":"product","link":"https:\/\/kackaryapi.com.tr\/en\/product\/akustik-karo-alcipan\/","title":{"rendered":"Akustik Karo Al\u00e7\u0131pan\u00ae"},"content":{"rendered":"","protected":false},"excerpt":{"rendered":"<p><strong>Ses yutum \u00f6zelli\u011fine sahip, dairesel veya kare delikli akustik Al\u00e7\u0131pan\u00ae \u00e7e\u015fididir.<\/strong><\/p>\n<p><strong>\u00d6zellikler:<\/strong><\/p>\n<ul>\n<li>Beyaz boyal\u0131 veya vinil kapl\u0131 kullan\u0131ma haz\u0131r y\u00fczey<\/li>\n<li>Temiz ve kolay montaj<\/li>\n<li>Zaman tasarrufu<\/li>\n<li>Ses yutumu<\/li>\n<\/ul>\n<p><strong>Kullan\u0131m Alanlar\u0131:<\/strong><\/p>\n<ul>\n<li>Mod\u00fcler asma tavanlar<\/li>\n<\/ul>\n<p><strong>Ebatlar ve Genel \u00d6zellikler:<\/strong><\/p>\n<ul>\n<li>Boyal\u0131 Akustik Karo Al\u00e7\u0131pan\u00ae 6\/18 D: Kal\u0131nl\u0131k: 9,5 mm \/ A\u011f\u0131rl\u0131k: 6-7 kg\/m2 \/ Geni\u015flik: 600 mm \/ Uzunluk: 600 mm \/ Paketleme: 10 adet\/paket<\/li>\n<li>Boyal\u0131 Akustik Karo Al\u00e7\u0131pan\u00ae 8\/18D: Kal\u0131nl\u0131k: 9,5 mm \/ A\u011f\u0131rl\u0131k: 6-7 kg\/m2 \/ Geni\u015flik: 600 mm \/ Uzunluk: 600 mm \/ Paketleme: 10 adet\/paket<\/li>\n<li>Boyal\u0131 Akustik Karo Al\u00e7\u0131pan\u00ae 10\/23 D: Kal\u0131nl\u0131k: 9,5 mm \/ A\u011f\u0131rl\u0131k: 6-7 kg\/m2 \/ Geni\u015flik: 600 mm \/ Uzunluk: 600 mm \/ Paketleme: 10 adet\/paket<\/li>\n<li>Boyal\u0131 Akustik Karo Al\u00e7\u0131pan\u00ae 12\/25 D: Kal\u0131nl\u0131k: 9,5 mm \/ A\u011f\u0131rl\u0131k: 6-7 kg\/m2 \/ Geni\u015flik: 600 mm \/ Uzunluk: 600 mm \/ Paketleme: 10 adet\/paket<\/li>\n<li>Boyal\u0131 Akustik Karo Al\u00e7\u0131pan\u00ae 15\/30 D:Kal\u0131nl\u0131k: 9,5 mm \/ A\u011f\u0131rl\u0131k: 6-7 kg\/m2 \/ Geni\u015flik: 600 mm \/ Uzunluk: 600 mm \/ Paketleme: 10 adet\/paket<\/li>\n<li>Boyal\u0131 Akustik Karo Al\u00e7\u0131pan\u00ae 12\/25 K: Kal\u0131nl\u0131k: 9,5 mm \/ A\u011f\u0131rl\u0131k: 6-7 kg\/m2 \/ Geni\u015flik: 600 mm \/ Uzunluk: 600 mm \/ Paketleme: 10 adet\/paket<\/li>\n<li>Boyal\u0131 Akustik Karo Al\u00e7\u0131pan\u00ae 8\/12\/50 D: Kal\u0131nl\u0131k: 9,5 mm \/ A\u011f\u0131rl\u0131k: 6-7 kg\/m2 \/ Geni\u015flik: 600 mm \/ Uzunluk: 600 mm \/ Paketleme: 10 adet\/paket<\/li>\n<li>Vinil Kapl\u0131 Akustik Karo Al\u00e7\u0131pan\u00ae 6\/18 D: Kal\u0131nl\u0131k: 9,5 mm \/ A\u011f\u0131rl\u0131k: 6-7 kg\/m2 \/ Geni\u015flik: 600 mm \/ Uzunluk: 600 mm \/ Paketleme: 10 adet\/paket<\/li>\n<li>Vinil Kapl\u0131 Akustik Karo Al\u00e7\u0131pan\u00ae 8\/18 D: Kal\u0131nl\u0131k: 9,5 mm \/ A\u011f\u0131rl\u0131k: 6-7 kg\/m2 \/ Geni\u015flik: 600 mm \/ Uzunluk: 600 mm \/ Paketleme: 10 adet\/paket<\/li>\n<li>Vinil Kapl\u0131 Akustik Karo Al\u00e7\u0131pan\u00ae 10\/23 D: Kal\u0131nl\u0131k: 9,5 mm \/ A\u011f\u0131rl\u0131k: 6-7 kg\/m2 \/ Geni\u015flik: 600 mm \/ Uzunluk: 600 mm \/ Paketleme: 10 adet\/paket<\/li>\n<li>Vinil Kapl\u0131 Akustik Karo Al\u00e7\u0131pan\u00ae 12\/25 D:Kal\u0131nl\u0131k: 9,5 mm \/ A\u011f\u0131rl\u0131k: 6-7 kg\/m2 \/ Geni\u015flik: 600 mm \/ Uzunluk: 600 mm \/ Paketleme: 10 adet\/paket<\/li>\n<li>Vinil Kapl\u0131 Akustik Karo Al\u00e7\u0131pan\u00ae 15\/30 D: Kal\u0131nl\u0131k: 9,5 mm \/ A\u011f\u0131rl\u0131k: 6-7 kg\/m2 \/ Geni\u015flik: 600 mm \/ Uzunluk: 600 mm \/ Paketleme: 10 adet\/paket<\/li>\n<li>Vinil Kapl\u0131 Akustik Karo Al\u00e7\u0131pan\u00ae 12\/25 K: Kal\u0131nl\u0131k: 9,5 mm \/ A\u011f\u0131rl\u0131k: 6-7 kg\/m2 \/ Geni\u015flik: 600 mm \/ Uzunluk: 600 mm \/ Paketleme: 10 adet\/paket<\/li>\n<li>Vinil Kapl\u0131 Akustik Karo Al\u00e7\u0131pan\u00ae 8\/12\/50 D: Kal\u0131nl\u0131k: 9,5 mm \/ A\u011f\u0131rl\u0131k: 6-7 kg\/m2 \/ Geni\u015flik: 600 mm \/ Uzunluk: 600 mm \/ Paketleme: 10 adet\/paket<\/li>\n<\/ul>\n<p>\u00dcr\u00fcn Standard\u0131: TS EN 14190<\/p>","protected":false},"featured_media":732,"comment_status":"open","ping_status":"closed","template":"","meta":[],"product_cat":[40,110],"product_tag":[44,97,36,47,46,113,43,34,35,39,45,38,72],"class_list":["post-733","product","type-product","status-publish","has-post-thumbnail","hentry","product_cat-kuruyapi","product_cat-tavan-plaka","product_tag-alci","product_tag-alci-plaka","product_tag-astarlar","product_tag-atasehir-knauf","product_tag-atasehir-yapi","product_tag-cleaneo-akustik-alcipan","product_tag-kackar-yapi","product_tag-knauf","product_tag-macunlar","product_tag-yapi","product_tag-yapi-onarim","product_tag-yapi-sistemleri","product_tag-zemin-sistemleri"],"_links":{"self":[{"href":"https:\/\/kackaryapi.com.tr\/en\/wp-json\/wp\/v2\/product\/733","targetHints":{"allow":["GET"]}}],"collection":[{"href":"https:\/\/kackaryapi.com.tr\/en\/wp-json\/wp\/v2\/product"}],"about":[{"href":"https:\/\/kackaryapi.com.tr\/en\/wp-json\/wp\/v2\/types\/product"}],"replies":[{"embeddable":true,"href":"https:\/\/kackaryapi.com.tr\/en\/wp-json\/wp\/v2\/comments?post=733"}],"wp:featuredmedia":[{"embeddable":true,"href":"https:\/\/kackaryapi.com.tr\/en\/wp-json\/wp\/v2\/media\/732"}],"wp:attachment":[{"href":"https:\/\/kackaryapi.com.tr\/en\/wp-json\/wp\/v2\/media?parent=733"}],"wp:term":[{"taxonomy":"product_cat","embeddable":true,"href":"https:\/\/kackaryapi.com.tr\/en\/wp-json\/wp\/v2\/product_cat?post=733"},{"taxonomy":"product_tag","embeddable":true,"href":"https:\/\/kackaryapi.com.tr\/en\/wp-json\/wp\/v2\/product_tag?post=733"}],"curies":[{"name":"wp","href":"https:\/\/api.w.org\/{rel}","templated":true}]}}