{"id":731,"date":"2022-12-18T23:25:39","date_gmt":"2022-12-18T20:25:39","guid":{"rendered":"https:\/\/kackaryapi.com.tr\/?post_type=product&#038;p=731"},"modified":"2022-12-18T23:26:31","modified_gmt":"2022-12-18T20:26:31","slug":"cleaneo-akustik-alcipan","status":"publish","type":"product","link":"https:\/\/kackaryapi.com.tr\/en\/product\/cleaneo-akustik-alcipan\/","title":{"rendered":"Cleaneo Akustik Al\u00e7\u0131pan\u00ae"},"content":{"rendered":"","protected":false},"excerpt":{"rendered":"<p><strong>Y\u00fcksek de\u011ferlerde ses yutum \u00f6zelli\u011finin yan\u0131 s\u0131ra, zeolit katk\u0131s\u0131 sayesinde ortamdaki k\u00f6t\u00fc kokular\u0131 temizleyen tam plaka akustik Al\u00e7\u0131pan\u00ae \u00e7e\u015fididir. Arka y\u00fcz\u00fc siyah veya beyaz akustik \u015filte kapl\u0131d\u0131r, talebe g\u00f6re \u015filtesiz olarak \u00fcretilebilir.<\/strong><\/p>\n<p><strong>\u00d6zellikler:<\/strong><\/p>\n<ul>\n<li>Y\u00fcksek de\u011ferde ses yutumu<\/li>\n<li>Koku giderme \u00f6zelli\u011fi<\/li>\n<li>Estetik tasar\u0131m<\/li>\n<li>E\u011frisel uygulama<\/li>\n<li>Temiz ve kolay montaj<\/li>\n<\/ul>\n<p><strong>Kullan\u0131m Alanlar\u0131:<\/strong><\/p>\n<ul>\n<li>Asma tavan<\/li>\n<li>Duvar giydirme<\/li>\n<\/ul>\n<p><strong>Ebatlar ve Genel \u00d6zellikler:<\/strong><\/p>\n<ul>\n<li><strong>Dairesel Delikli<\/strong>\n<ul>\n<li>Perforasyon: 6-18 D \/ Kal\u0131nl\u0131k: 12,5 mm \/ A\u011f\u0131rl\u0131k: ~ 9,4 kg\/m2 \/ Geni\u015flik: 1134 mm \/ Uzunluk: 2394 mm<\/li>\n<li>Perforasyon: 8-18 D \/ Kal\u0131nl\u0131k: 12,5 mm \/ A\u011f\u0131rl\u0131k: ~ 8,8 kg\/m2 \/ Geni\u015flik: 1134 mm \/ Uzunluk: 2394 mm<\/li>\n<li>Perforasyon: 10-23 D \/ Kal\u0131nl\u0131k: 12,5 mm \/ A\u011f\u0131rl\u0131k: ~ 8,8 kg\/m2 \/ Geni\u015flik: 1127 mm \/ Uzunluk: 2392 mm<\/li>\n<li>Perforasyon: 12-25 D \/ Kal\u0131nl\u0131k: 12,5 mm \/ A\u011f\u0131rl\u0131k: ~ 8,5 kg\/m2 \/ Geni\u015flik: 1150 mm \/ Uzunluk: 2400 mm<\/li>\n<li>Perforasyon: 15-30 D \/ Kal\u0131nl\u0131k: 12,5 mm \/ A\u011f\u0131rl\u0131k: ~ 8,4 kg\/m2 \/ Geni\u015flik: 1140 mm \/ Uzunluk: 2400 mm<\/li>\n<\/ul>\n<p>&nbsp;<\/li>\n<li><strong>Kare Delikli<\/strong>\n<ul>\n<li>Perforasyon: 8-18 K \/ Kal\u0131nl\u0131k: 12,5 mm \/ A\u011f\u0131rl\u0131k: ~ 8,8 kg\/m2 \/ Geni\u015flik: 1188 mm \/ Uzunluk: 1998 mm<\/li>\n<li>Perforasyon: 12-25 K \/ Kal\u0131nl\u0131k: 12,5 mm \/ A\u011f\u0131rl\u0131k: ~ 8,8 kg\/m2 \/ Geni\u015flik: 1150 mm \/ Uzunluk: 2400 mm<\/li>\n<\/ul>\n<p>&nbsp;<\/li>\n<li><strong>\u015ea\u015f\u0131rtmal\u0131 Dairesel Delikli<\/strong>\n<ul>\n<li>Perforasyon: 8-12-50 D \/ Kal\u0131nl\u0131k: 12,5 mm \/ A\u011f\u0131rl\u0131k: ~ 9 kg\/m2 \/ Geni\u015flik: 1100 mm \/ Uzunluk: 2400 mm<\/li>\n<li>Perforasyon: 12-20-66 D \/ Kal\u0131nl\u0131k: 12,5 mm \/ A\u011f\u0131rl\u0131k: ~ 8,4 kg\/m2 \/ Geni\u015flik: 1124 mm \/ Uzunluk: 2376 mm<\/li>\n<\/ul>\n<p>&nbsp;<\/li>\n<li><strong>Da\u011f\u0131n\u0131k Dairesel Delikli Plus R<\/strong>\n<ul>\n<li>Perforasyon: 8-15-20 D \/ Kal\u0131nl\u0131k: 12,5 mm \/ A\u011f\u0131rl\u0131k: ~ 9,3 kg\/m2 \/ Geni\u015flik: 1200 mm \/ Uzunluk: 1998 mm<\/li>\n<\/ul>\n<p>&nbsp;<\/li>\n<li><strong>Blok Halinde B4<\/strong>\n<ul>\n<li>Perforasyon: 6-18 D \/ Kal\u0131nl\u0131k: 12,5 mm \/ A\u011f\u0131rl\u0131k: ~ 8,5 kg\/m2 \/ Geni\u015flik: 1188 mm \/ Uzunluk: 2376 mm<\/li>\n<li>Perforasyon: 8-18 D \/ Kal\u0131nl\u0131k: 12,5 mm \/ A\u011f\u0131rl\u0131k: ~ 8,5 kg\/m2 \/ Geni\u015flik: 1188 mm \/ Uzunluk: 2376 mm<\/li>\n<li>Perforasyon: 10-23 D \/ Kal\u0131nl\u0131k: 12,5 mm \/ A\u011f\u0131rl\u0131k: ~ 8,5 kg\/m2 \/ Geni\u015flik: 1196 mm \/ Uzunluk: 2392 mm<\/li>\n<li>Perforasyon: 12-25 D \/ Kal\u0131nl\u0131k: 12,5 mm \/ A\u011f\u0131rl\u0131k: ~ 8,5 kg\/m2 \/ Geni\u015flik: 1200 mm \/ Uzunluk: 2400 mm<\/li>\n<li>Perforasyon: 15-30 D \/ Kal\u0131nl\u0131k: 12,5 mm \/ A\u011f\u0131rl\u0131k: ~ 8,5 kg\/m2 \/ Geni\u015flik: 1200 mm \/ Uzunluk: 2400 mm<\/li>\n<li>Perforasyon: 12-25 K \/ Kal\u0131nl\u0131k: 12,5 mm \/ A\u011f\u0131rl\u0131k: ~ 8,5 kg\/m2 \/ Geni\u015flik: 1200 mm \/ Uzunluk: 2400 mm<\/li>\n<\/ul>\n<p>&nbsp;<\/li>\n<li><strong>Blok Halinde B5<\/strong>\n<ul>\n<li>Perforasyon: 6-18 D \/ Kal\u0131nl\u0131k: 12,5 mm \/ A\u011f\u0131rl\u0131k: ~ 8,5 kg\/m2 \/ Geni\u015flik: 1188 mm \/ Uzunluk: 2376 mm<\/li>\n<li>Perforasyon: 8-18 D \/ Kal\u0131nl\u0131k: 12,5 mm \/ A\u011f\u0131rl\u0131k: ~ 8,5 kg\/m2 \/ Geni\u015flik: 1188 mm \/ Uzunluk: 2376 mm<\/li>\n<li>Perforasyon: 10-23 D \/ Kal\u0131nl\u0131k: 12,5 mm \/ A\u011f\u0131rl\u0131k: ~ 8,5 kg\/m2 \/ Geni\u015flik: 1196 mm \/ Uzunluk: 2392 mm<\/li>\n<li>Perforasyon: 12-25 D \/ Kal\u0131nl\u0131k: 12,5 mm \/ A\u011f\u0131rl\u0131k: ~ 8,5 kg\/m2 \/ Geni\u015flik: 1200 mm \/ Uzunluk: 2400 mm<\/li>\n<li>Perforasyon: 15-30 D \/ Kal\u0131nl\u0131k: 12,5 mm \/ A\u011f\u0131rl\u0131k: ~ 8,5 kg\/m2 \/ Geni\u015flik: 1200 mm \/ Uzunluk: 2400 mm<\/li>\n<li>Perforasyon: 12-25 K \/ Kal\u0131nl\u0131k: 12,5 mm \/ A\u011f\u0131rl\u0131k: ~ 8,5 kg\/m2 \/ Geni\u015flik: 1200 mm \/ Uzunluk: 2400 mm<\/li>\n<\/ul>\n<p>&nbsp;<\/li>\n<li><strong>Blok Halinde B6<\/strong>\n<ul>\n<li>Perforasyon: 6-18 D \/ Kal\u0131nl\u0131k: 12,5 mm \/ A\u011f\u0131rl\u0131k: ~ 8,5 kg\/m2 \/ Geni\u015flik: 1188 mm \/ Uzunluk: 2376 mm<\/li>\n<li>Perforasyon: 8-18 D \/ Kal\u0131nl\u0131k: 12,5 mm \/ A\u011f\u0131rl\u0131k: ~ 8,5 kg\/m2 \/ Geni\u015flik: 1188 mm \/ Uzunluk: 2376 mm<\/li>\n<li>Perforasyon: 10-23 D \/ Kal\u0131nl\u0131k: 12,5 mm \/ A\u011f\u0131rl\u0131k: ~ 8,5 kg\/m2 \/ Geni\u015flik: 1196 mm \/ Uzunluk: 2392 mm<\/li>\n<li>Perforasyon: 12-25 D \/ Kal\u0131nl\u0131k: 12,5 mm \/ A\u011f\u0131rl\u0131k: ~ 8,5 kg\/m2 \/ Geni\u015flik: 1200 mm \/ Uzunluk: 2400 mm<\/li>\n<li>Perforasyon: 15-30 D \/ Kal\u0131nl\u0131k: 12,5 mm \/ A\u011f\u0131rl\u0131k: ~ 8,5 kg\/m2 \/ Geni\u015flik: 1200 mm \/ Uzunluk: 2400 mm<\/li>\n<li>Perforasyon: 12-25 K \/ Kal\u0131nl\u0131k: 12,5 mm \/ A\u011f\u0131rl\u0131k: ~ 8,5 kg\/m2 \/ Geni\u015flik: 1200 mm \/ Uzunluk: 2400 mm<\/li>\n<\/ul>\n<p>&nbsp;<\/li>\n<li><strong>Slotline B6<\/strong>\n<ul>\n<li>Kal\u0131nl\u0131k: 12,5 mm \/ A\u011f\u0131rl\u0131k: ~ 8 kg\/m2 \/ Geni\u015flik: 1200 mm \/ Uzunluk: 2400 mm<\/li>\n<\/ul>\n<p>&nbsp;<\/li>\n<\/ul>\n<p>\u00dcr\u00fcn Standard\u0131: TS EN 14190<\/p>","protected":false},"featured_media":732,"comment_status":"open","ping_status":"closed","template":"","meta":[],"product_cat":[40,110],"product_tag":[44,97,36,47,46,113,43,34,35,39,45,38,72],"class_list":["post-731","product","type-product","status-publish","has-post-thumbnail","hentry","product_cat-kuruyapi","product_cat-tavan-plaka","product_tag-alci","product_tag-alci-plaka","product_tag-astarlar","product_tag-atasehir-knauf","product_tag-atasehir-yapi","product_tag-cleaneo-akustik-alcipan","product_tag-kackar-yapi","product_tag-knauf","product_tag-macunlar","product_tag-yapi","product_tag-yapi-onarim","product_tag-yapi-sistemleri","product_tag-zemin-sistemleri"],"_links":{"self":[{"href":"https:\/\/kackaryapi.com.tr\/en\/wp-json\/wp\/v2\/product\/731","targetHints":{"allow":["GET"]}}],"collection":[{"href":"https:\/\/kackaryapi.com.tr\/en\/wp-json\/wp\/v2\/product"}],"about":[{"href":"https:\/\/kackaryapi.com.tr\/en\/wp-json\/wp\/v2\/types\/product"}],"replies":[{"embeddable":true,"href":"https:\/\/kackaryapi.com.tr\/en\/wp-json\/wp\/v2\/comments?post=731"}],"wp:featuredmedia":[{"embeddable":true,"href":"https:\/\/kackaryapi.com.tr\/en\/wp-json\/wp\/v2\/media\/732"}],"wp:attachment":[{"href":"https:\/\/kackaryapi.com.tr\/en\/wp-json\/wp\/v2\/media?parent=731"}],"wp:term":[{"taxonomy":"product_cat","embeddable":true,"href":"https:\/\/kackaryapi.com.tr\/en\/wp-json\/wp\/v2\/product_cat?post=731"},{"taxonomy":"product_tag","embeddable":true,"href":"https:\/\/kackaryapi.com.tr\/en\/wp-json\/wp\/v2\/product_tag?post=731"}],"curies":[{"name":"wp","href":"https:\/\/api.w.org\/{rel}","templated":true}]}}