{"id":729,"date":"2022-12-18T23:23:57","date_gmt":"2022-12-18T20:23:57","guid":{"rendered":"https:\/\/kackaryapi.com.tr\/?post_type=product&#038;p=729"},"modified":"2022-12-18T23:24:54","modified_gmt":"2022-12-18T20:24:54","slug":"karolam-alcipan","status":"publish","type":"product","link":"https:\/\/kackaryapi.com.tr\/en\/product\/karolam-alcipan\/","title":{"rendered":"Karolam Al\u00e7\u0131pan\u00ae"},"content":{"rendered":"","protected":false},"excerpt":{"rendered":"<p><strong>Mod\u00fcler asma tavan sistemlerinde kullan\u0131lan, \u00f6n y\u00fcz\u00fc beyaz PVC, arka y\u00fcz\u00fc al\u00fcminyum folyo kapl\u0131 d\u00fczg\u00fcn y\u00fczeyli ve hafif Al\u00e7\u0131pan\u00ae \u00e7e\u015fididir. Talebe g\u00f6re suya dayan\u0131kl\u0131 olarak da \u00fcretilmektedir<\/strong><\/p>\n<p><strong>\u00d6zellikler:<\/strong><\/p>\n<ul>\n<li>Neme dayan\u0131m<\/li>\n<li>Silinebilir y\u00fczey<\/li>\n<li>Temiz ve kolay montaj<\/li>\n<li>Zaman tasarrufu<\/li>\n<\/ul>\n<p><strong>Kullan\u0131m Alanlar\u0131:<\/strong><\/p>\n<ul>\n<li>Mod\u00fcler asma tavanlar<\/li>\n<\/ul>\n<p><strong>Ebatlar ve Genel \u00d6zellikler:<\/strong><\/p>\n<ul>\n<li>Karolam Al\u00e7\u0131pan\u00ae (Beyaz): Kal\u0131nl\u0131k: 8 mm \/ A\u011f\u0131rl\u0131k: 7-5 kg\/m2 \/ Geni\u015flik: 600 mm \/ Uzunluk: 600 mm \/ Paketleme: 12 adet\/paket<\/li>\n<li>Karolam Al\u00e7\u0131pan\u00ae (Fasarit): Kal\u0131nl\u0131k: 8 mm \/ A\u011f\u0131rl\u0131k: 7-5 kg\/m2 \/ Geni\u015flik: 600 mm \/ Uzunluk: 600 mm \/ Paketleme: 12 adet\/paket<\/li>\n<li>Karolam Al\u00e7\u0131pan\u00ae (K\u0131r\u00e7\u0131ll\u0131): Kal\u0131nl\u0131k: 8 mm \/ A\u011f\u0131rl\u0131k: 7-5 kg\/m2 \/ Geni\u015flik: 600 mm \/ Uzunluk: 600 mm \/ Paketleme: 12 adet\/paket<\/li>\n<li>Karolam Al\u00e7\u0131pan\u00ae (Beyaz): Kal\u0131nl\u0131k: 9,5 mm \/ A\u011f\u0131rl\u0131k: 7-5 kg\/m2 \/ Geni\u015flik: 600 mm \/ Uzunluk: 600 mm \/ Paketleme: 10 adet\/paket<\/li>\n<li>Karolam Al\u00e7\u0131pan\u00ae Suya Dayan\u0131kl\u0131 (Beyaz): 9,5 mm \/ A\u011f\u0131rl\u0131k: 7-5 kg\/m2 \/ Geni\u015flik: 600 mm \/ Uzunluk: 600 mm \/ Paketleme: 10 adet\/paket<\/li>\n<li>Karolam Al\u00e7\u0131pan\u00ae Suya Dayan\u0131kl\u0131 (Fasarit): 9,5 mm \/ A\u011f\u0131rl\u0131k: 7-5 kg\/m2 \/ Geni\u015flik: 600 mm \/ Uzunluk: 600 mm \/ Paketleme: 10 adet\/paket<\/li>\n<li>Karolam Al\u00e7\u0131pan\u00ae Suya Dayan\u0131kl\u0131 (K\u0131r\u00e7\u0131ll\u0131): 9,5 mm \/ A\u011f\u0131rl\u0131k: 7-5 kg\/m2 \/ Geni\u015flik: 600 mm \/ Uzunluk: 600 mm \/ Paketleme: 10 adet\/paket<\/li>\n<li>Karolam Al\u00e7\u0131pan\u00ae (K\u00fcre Beyaz): 8 mm \/ A\u011f\u0131rl\u0131k: 7-5 kg\/m2 \/ Geni\u015flik: 600 mm \/ Uzunluk: 600 mm \/ Paketleme: 12 adet\/paket<\/li>\n<li>Karolam Al\u00e7\u0131pan\u00ae (K\u00fcre Silver): 8 mm \/ A\u011f\u0131rl\u0131k: 7-5 kg\/m2 \/ Geni\u015flik: 600 mm \/ Uzunluk: 600 mm \/ Paketleme: 12 adet\/paket<\/li>\n<li>Karolam Al\u00e7\u0131pan\u00ae (K\u00fcre Gold): 8 mm \/ A\u011f\u0131rl\u0131k: 7-5 kg\/m2 \/ Geni\u015flik: 600 mm \/ Uzunluk: 600 mm \/ Paketleme: 12 adet\/paket<\/li>\n<\/ul>\n<p>\u00dcr\u00fcn Standard\u0131: TS EN 14190<\/p>","protected":false},"featured_media":730,"comment_status":"open","ping_status":"closed","template":"","meta":[],"product_cat":[40,110],"product_tag":[44,97,36,47,46,43,112,34,35,39,45,38,72],"class_list":["post-729","product","type-product","status-publish","has-post-thumbnail","hentry","product_cat-kuruyapi","product_cat-tavan-plaka","product_tag-alci","product_tag-alci-plaka","product_tag-astarlar","product_tag-atasehir-knauf","product_tag-atasehir-yapi","product_tag-kackar-yapi","product_tag-karolam-alcipan","product_tag-knauf","product_tag-macunlar","product_tag-yapi","product_tag-yapi-onarim","product_tag-yapi-sistemleri","product_tag-zemin-sistemleri"],"_links":{"self":[{"href":"https:\/\/kackaryapi.com.tr\/en\/wp-json\/wp\/v2\/product\/729","targetHints":{"allow":["GET"]}}],"collection":[{"href":"https:\/\/kackaryapi.com.tr\/en\/wp-json\/wp\/v2\/product"}],"about":[{"href":"https:\/\/kackaryapi.com.tr\/en\/wp-json\/wp\/v2\/types\/product"}],"replies":[{"embeddable":true,"href":"https:\/\/kackaryapi.com.tr\/en\/wp-json\/wp\/v2\/comments?post=729"}],"wp:featuredmedia":[{"embeddable":true,"href":"https:\/\/kackaryapi.com.tr\/en\/wp-json\/wp\/v2\/media\/730"}],"wp:attachment":[{"href":"https:\/\/kackaryapi.com.tr\/en\/wp-json\/wp\/v2\/media?parent=729"}],"wp:term":[{"taxonomy":"product_cat","embeddable":true,"href":"https:\/\/kackaryapi.com.tr\/en\/wp-json\/wp\/v2\/product_cat?post=729"},{"taxonomy":"product_tag","embeddable":true,"href":"https:\/\/kackaryapi.com.tr\/en\/wp-json\/wp\/v2\/product_tag?post=729"}],"curies":[{"name":"wp","href":"https:\/\/api.w.org\/{rel}","templated":true}]}}