{"id":727,"date":"2022-12-18T23:21:57","date_gmt":"2022-12-18T20:21:57","guid":{"rendered":"https:\/\/kackaryapi.com.tr\/?post_type=product&#038;p=727"},"modified":"2022-12-18T23:23:16","modified_gmt":"2022-12-18T20:23:16","slug":"karo-alcipan","status":"publish","type":"product","link":"https:\/\/kackaryapi.com.tr\/en\/product\/karo-alcipan\/","title":{"rendered":"Karo Al\u00e7\u0131pan\u00ae"},"content":{"rendered":"","protected":false},"excerpt":{"rendered":"<p><strong>Mod\u00fcler asma tavan sistemlerinde kullan\u0131lan, \u00fczeri boyas\u0131z veya beyaz boyal\u0131 se\u00e7enekleriyle, d\u00fczg\u00fcn y\u00fczeyli ve hafif Al\u00e7\u0131pan\u00ae \u00e7e\u015fididir. Talebe g\u00f6re suya dayan\u0131kl\u0131 olarak da \u00fcretilmektedir. \u00d6n y\u00fcz\u00fc fildi\u015fi, arka y\u00fcz\u00fc gri renkli ka\u011f\u0131t kapl\u0131d\u0131r.<\/strong><\/p>\n<p><strong>\u00d6zellikler:<\/strong><\/p>\n<ul>\n<li>Boyanabilir y\u00fczey<\/li>\n<li>Temiz ve kolay montaj<\/li>\n<li>Zaman tasarrufu<\/li>\n<\/ul>\n<p><strong>Kullan\u0131m Alanlar\u0131:<\/strong><\/p>\n<ul>\n<li>Mod\u00fcler asma tavanlar<\/li>\n<\/ul>\n<p><strong>Ebatlar ve Genel \u00d6zellikler:<\/strong><\/p>\n<ul>\n<li>Karo Al\u00e7\u0131pan\u00ae: Kal\u0131nl\u0131k: 8 mm \/ A\u011f\u0131rl\u0131k: 5,5 &#8211; 6 kg\/m2 \/ Geni\u015flik: 600 mm \/ Uzunluk: 600 mm \/ Paketleme: 10 adet\/paket<\/li>\n<li>Boyal\u0131 Karo Al\u00e7\u0131pan\u00ae: Kal\u0131nl\u0131k: 9,5 mm \/ A\u011f\u0131rl\u0131k: 7 kg\/m2 \/ Geni\u015flik: 600 mm \/ Uzunluk: 600 mm \/ Paketleme: 10 adet\/paket<\/li>\n<li>Suya Dayan\u0131kl\u0131 Karo Al\u00e7\u0131pan\u00ae: Kal\u0131nl\u0131k: 9,5 mm \/ A\u011f\u0131rl\u0131k: 7 kg\/m2 \/ Geni\u015flik: 600 mm \/ Uzunluk: 600 mm \/ Paketleme: 10 adet\/paket<\/li>\n<\/ul>\n<p>\u00dcr\u00fcn Standard\u0131: TS EN 520 &#8211; Tip A<\/p>","protected":false},"featured_media":728,"comment_status":"open","ping_status":"closed","template":"","meta":[],"product_cat":[40,110],"product_tag":[44,97,36,47,46,53,105,43,111,34,35,104,106,103,39,45,38,72],"class_list":["post-727","product","type-product","status-publish","has-post-thumbnail","hentry","product_cat-kuruyapi","product_cat-tavan-plaka","product_tag-alci","product_tag-alci-plaka","product_tag-astarlar","product_tag-atasehir-knauf","product_tag-atasehir-yapi","product_tag-derz-dolgusu","product_tag-duvar-u-profilleri","product_tag-kackar-yapi","product_tag-karo-alcipan","product_tag-knauf","product_tag-macunlar","product_tag-tasiyici-profil","product_tag-tavan-c-profili","product_tag-tavan-c-profilleri","product_tag-yapi","product_tag-yapi-onarim","product_tag-yapi-sistemleri","product_tag-zemin-sistemleri"],"_links":{"self":[{"href":"https:\/\/kackaryapi.com.tr\/en\/wp-json\/wp\/v2\/product\/727","targetHints":{"allow":["GET"]}}],"collection":[{"href":"https:\/\/kackaryapi.com.tr\/en\/wp-json\/wp\/v2\/product"}],"about":[{"href":"https:\/\/kackaryapi.com.tr\/en\/wp-json\/wp\/v2\/types\/product"}],"replies":[{"embeddable":true,"href":"https:\/\/kackaryapi.com.tr\/en\/wp-json\/wp\/v2\/comments?post=727"}],"wp:featuredmedia":[{"embeddable":true,"href":"https:\/\/kackaryapi.com.tr\/en\/wp-json\/wp\/v2\/media\/728"}],"wp:attachment":[{"href":"https:\/\/kackaryapi.com.tr\/en\/wp-json\/wp\/v2\/media?parent=727"}],"wp:term":[{"taxonomy":"product_cat","embeddable":true,"href":"https:\/\/kackaryapi.com.tr\/en\/wp-json\/wp\/v2\/product_cat?post=727"},{"taxonomy":"product_tag","embeddable":true,"href":"https:\/\/kackaryapi.com.tr\/en\/wp-json\/wp\/v2\/product_tag?post=727"}],"curies":[{"name":"wp","href":"https:\/\/api.w.org\/{rel}","templated":true}]}}