{"id":725,"date":"2022-12-18T22:46:42","date_gmt":"2022-12-18T19:46:42","guid":{"rendered":"https:\/\/kackaryapi.com.tr\/?post_type=product&#038;p=725"},"modified":"2024-10-27T16:27:01","modified_gmt":"2024-10-27T13:27:01","slug":"knauf-t15-tasiyici-profilleri","status":"publish","type":"product","link":"https:\/\/kackaryapi.com.tr\/en\/product\/knauf-t15-tasiyici-profilleri\/","title":{"rendered":"Knauf T15 Ta\u015f\u0131y\u0131c\u0131 Profilleri"},"content":{"rendered":"","protected":false},"excerpt":{"rendered":"<p><strong>Mod\u00fcler Metal Asma Tavan Sistemlerinde kullan\u0131lan ana ve tali ta\u015f\u0131y\u0131c\u0131 profildir.<\/strong><\/p>\n<p><strong>Kullan\u0131m Alanlar\u0131:<\/strong><\/p>\n<ul>\n<li>Mod\u00fcler asma tavan sistemleri<\/li>\n<\/ul>\n<p><strong>Ebatlar ve Genel \u00d6zellikler:<\/strong><\/p>\n<ul>\n<li>T15 Ana Ta\u015f\u0131y\u0131c\u0131: Kal\u0131nl\u0131k: 0,3mm \/ A\u011f\u0131rl\u0131k: 0,3 kg\/m \/ Geni\u015flik: 15 mm \/ Y\u00fckseklik: 38 mm \/ Uzunluk: 3600 mm \/ Paketleme: 25 adet\/ba\u011f<\/li>\n<li>T15 Ara Ta\u015f\u0131y\u0131c\u0131: Kal\u0131nl\u0131k: 0,3 mm \/ A\u011f\u0131rl\u0131k: 0,3 kg\/m \/ Geni\u015flik: 15 mm \/ Y\u00fckseklik: 38 mm \/ Uzunluk: 1200 mm \/ Paketleme: 50 adet\/ba\u011f<\/li>\n<li>T15 Ara Fugal\u0131 Ta\u015f\u0131y\u0131c\u0131: Kal\u0131nl\u0131k: 0,3 mm \/ A\u011f\u0131rl\u0131k: 0,3 kg\/m \/ Geni\u015flik: 15 mm \/ Y\u00fckseklik: 38 mm \/ Uzunluk: 600 mm \/ Paketleme: 75 adet\/ba\u011f<\/li>\n<\/ul>","protected":false},"featured_media":726,"comment_status":"open","ping_status":"closed","template":"","meta":[],"product_cat":[40,102],"product_tag":[44,97,36,47,46,53,105,43,34,109,35,104,106,103,39,45,38,72],"class_list":["post-725","product","type-product","status-publish","has-post-thumbnail","hentry","product_cat-kuruyapi","product_cat-plakalar","product_tag-alci","product_tag-alci-plaka","product_tag-astarlar","product_tag-atasehir-knauf","product_tag-atasehir-yapi","product_tag-derz-dolgusu","product_tag-duvar-u-profilleri","product_tag-kackar-yapi","product_tag-knauf","product_tag-knauf-t15-tasiyici-profilleri","product_tag-macunlar","product_tag-tasiyici-profil","product_tag-tavan-c-profili","product_tag-tavan-c-profilleri","product_tag-yapi","product_tag-yapi-onarim","product_tag-yapi-sistemleri","product_tag-zemin-sistemleri"],"_links":{"self":[{"href":"https:\/\/kackaryapi.com.tr\/en\/wp-json\/wp\/v2\/product\/725","targetHints":{"allow":["GET"]}}],"collection":[{"href":"https:\/\/kackaryapi.com.tr\/en\/wp-json\/wp\/v2\/product"}],"about":[{"href":"https:\/\/kackaryapi.com.tr\/en\/wp-json\/wp\/v2\/types\/product"}],"replies":[{"embeddable":true,"href":"https:\/\/kackaryapi.com.tr\/en\/wp-json\/wp\/v2\/comments?post=725"}],"wp:featuredmedia":[{"embeddable":true,"href":"https:\/\/kackaryapi.com.tr\/en\/wp-json\/wp\/v2\/media\/726"}],"wp:attachment":[{"href":"https:\/\/kackaryapi.com.tr\/en\/wp-json\/wp\/v2\/media?parent=725"}],"wp:term":[{"taxonomy":"product_cat","embeddable":true,"href":"https:\/\/kackaryapi.com.tr\/en\/wp-json\/wp\/v2\/product_cat?post=725"},{"taxonomy":"product_tag","embeddable":true,"href":"https:\/\/kackaryapi.com.tr\/en\/wp-json\/wp\/v2\/product_tag?post=725"}],"curies":[{"name":"wp","href":"https:\/\/api.w.org\/{rel}","templated":true}]}}