{"id":723,"date":"2022-12-18T22:44:25","date_gmt":"2022-12-18T19:44:25","guid":{"rendered":"https:\/\/kackaryapi.com.tr\/?post_type=product&#038;p=723"},"modified":"2024-10-28T09:04:07","modified_gmt":"2024-10-28T06:04:07","slug":"knauf-clip-in-c-kosebent","status":"publish","type":"product","link":"https:\/\/kackaryapi.com.tr\/en\/product\/knauf-clip-in-c-kosebent\/","title":{"rendered":"Knauf Clip-In C K\u00f6\u015febent"},"content":{"rendered":"","protected":false},"excerpt":{"rendered":"<p><strong>Gizli ta\u015f\u0131y\u0131c\u0131l\u0131 mod\u00fcller metal asma tavan sistemlerinde \u00e7er\u00e7eveyi olu\u015fturan k\u00f6\u015febenttir.<\/strong><\/p>\n<p><strong>Kullan\u0131m Alanlar\u0131:<\/strong><\/p>\n<ul>\n<li>Mod\u00fcler asma tavan sistemleri<\/li>\n<\/ul>\n<p><strong>Ebatlar ve Genel \u00d6zellikler:<\/strong><\/p>\n<ul>\n<li>Kal\u0131nl\u0131k: 0,5 mm \/ A\u011f\u0131rl\u0131k: 0,442 kg\/m \/ Geni\u015flik: 28 mm \/ Y\u00fckseklik 40 mm \/ Uzunluk: 3000 mm \/ Paketleme: 12 adet\/ba\u011f<\/li>\n<\/ul>\n<p>\u00dcr\u00fcn Standard\u0131: TS EN 13964<\/p>","protected":false},"featured_media":724,"comment_status":"open","ping_status":"closed","template":"","meta":[],"product_cat":[40,102],"product_tag":[44,97,36,47,46,53,105,43,34,108,35,104,106,103,39,45,38,72],"class_list":["post-723","product","type-product","status-publish","has-post-thumbnail","hentry","product_cat-kuruyapi","product_cat-plakalar","product_tag-alci","product_tag-alci-plaka","product_tag-astarlar","product_tag-atasehir-knauf","product_tag-atasehir-yapi","product_tag-derz-dolgusu","product_tag-duvar-u-profilleri","product_tag-kackar-yapi","product_tag-knauf","product_tag-knauf-clip-in-c-kosebent","product_tag-macunlar","product_tag-tasiyici-profil","product_tag-tavan-c-profili","product_tag-tavan-c-profilleri","product_tag-yapi","product_tag-yapi-onarim","product_tag-yapi-sistemleri","product_tag-zemin-sistemleri"],"_links":{"self":[{"href":"https:\/\/kackaryapi.com.tr\/en\/wp-json\/wp\/v2\/product\/723","targetHints":{"allow":["GET"]}}],"collection":[{"href":"https:\/\/kackaryapi.com.tr\/en\/wp-json\/wp\/v2\/product"}],"about":[{"href":"https:\/\/kackaryapi.com.tr\/en\/wp-json\/wp\/v2\/types\/product"}],"replies":[{"embeddable":true,"href":"https:\/\/kackaryapi.com.tr\/en\/wp-json\/wp\/v2\/comments?post=723"}],"wp:featuredmedia":[{"embeddable":true,"href":"https:\/\/kackaryapi.com.tr\/en\/wp-json\/wp\/v2\/media\/724"}],"wp:attachment":[{"href":"https:\/\/kackaryapi.com.tr\/en\/wp-json\/wp\/v2\/media?parent=723"}],"wp:term":[{"taxonomy":"product_cat","embeddable":true,"href":"https:\/\/kackaryapi.com.tr\/en\/wp-json\/wp\/v2\/product_cat?post=723"},{"taxonomy":"product_tag","embeddable":true,"href":"https:\/\/kackaryapi.com.tr\/en\/wp-json\/wp\/v2\/product_tag?post=723"}],"curies":[{"name":"wp","href":"https:\/\/api.w.org\/{rel}","templated":true}]}}