{"id":714,"date":"2022-12-18T22:37:35","date_gmt":"2022-12-18T19:37:35","guid":{"rendered":"https:\/\/kackaryapi.com.tr\/?post_type=product&#038;p=714"},"modified":"2024-10-14T11:11:19","modified_gmt":"2024-10-14T08:11:19","slug":"alci-siva-kose-profili","status":"publish","type":"product","link":"https:\/\/kackaryapi.com.tr\/en\/product\/alci-siva-kose-profili\/","title":{"rendered":"Al\u00e7\u0131 S\u0131va K\u00f6\u015fe Profili"},"content":{"rendered":"","protected":false},"excerpt":{"rendered":"<p><strong>Al\u00e7\u0131 s\u0131va uygulamalar\u0131nda d\u0131\u015f k\u00f6\u015feleri darbelere kar\u015f\u0131 korumak ve d\u00fczg\u00fcn y\u00fczey elde etmek i\u00e7in kullan\u0131lan profildir.<\/strong><\/p>\n<p><strong>Kullan\u0131m Alanlar\u0131:<\/strong><\/p>\n<ul>\n<li>Al\u00e7\u0131 s\u0131va yap\u0131lacak y\u00fczeylerin ve tavanlar\u0131n d\u0131\u015f k\u00f6\u015feleri<\/li>\n<\/ul>\n<p><strong>Ebatlar ve Genel \u00d6zellikler:<\/strong><\/p>\n<ul>\n<li>\u00c7elik U Profil: Kal\u0131nl\u0131k: 0,5 mm \/ A\u011f\u0131rl\u0131k: 0,117 kg\/m \/ Geni\u015flik: 35 mm \/ Y\u00fckseklik: 35 mm \/ Uzunluk: 2700 mm \/ Paketleme: 100 adet\/paket<\/li>\n<li>\u00c7elik V Profil: Kal\u0131nl\u0131k: 0,5 mm \/ A\u011f\u0131rl\u0131k: 0,117 kg\/m \/ Geni\u015flik: 35 mm \/ Y\u00fckseklik: 35 mm \/ Uzunluk: 2700 mm \/ Paketleme: 100 adet\/paket<\/li>\n<li>Al\u00fcminyum: Kal\u0131nl\u0131k: 0,5 mm \/ A\u011f\u0131rl\u0131k: 0,050 kg\/m \/ Geni\u015flik: 35 mm \/ Y\u00fckseklik: 35 mm \/ Uzunluk: 2700 mm \/ Paketleme: 25 adet\/paket<\/li>\n<\/ul>\n<p>\u00dcr\u00fcn Standard\u0131: TS EN 13658 &#8211; 1<\/p>","protected":false},"featured_media":715,"comment_status":"open","ping_status":"closed","template":"","meta":[],"product_cat":[40,102],"product_tag":[44,97,36,47,46,53,105,43,34,35,104,106,103,39,45,38,72],"class_list":["post-714","product","type-product","status-publish","has-post-thumbnail","hentry","product_cat-kuruyapi","product_cat-plakalar","product_tag-alci","product_tag-alci-plaka","product_tag-astarlar","product_tag-atasehir-knauf","product_tag-atasehir-yapi","product_tag-derz-dolgusu","product_tag-duvar-u-profilleri","product_tag-kackar-yapi","product_tag-knauf","product_tag-macunlar","product_tag-tasiyici-profil","product_tag-tavan-c-profili","product_tag-tavan-c-profilleri","product_tag-yapi","product_tag-yapi-onarim","product_tag-yapi-sistemleri","product_tag-zemin-sistemleri"],"_links":{"self":[{"href":"https:\/\/kackaryapi.com.tr\/en\/wp-json\/wp\/v2\/product\/714","targetHints":{"allow":["GET"]}}],"collection":[{"href":"https:\/\/kackaryapi.com.tr\/en\/wp-json\/wp\/v2\/product"}],"about":[{"href":"https:\/\/kackaryapi.com.tr\/en\/wp-json\/wp\/v2\/types\/product"}],"replies":[{"embeddable":true,"href":"https:\/\/kackaryapi.com.tr\/en\/wp-json\/wp\/v2\/comments?post=714"}],"wp:featuredmedia":[{"embeddable":true,"href":"https:\/\/kackaryapi.com.tr\/en\/wp-json\/wp\/v2\/media\/715"}],"wp:attachment":[{"href":"https:\/\/kackaryapi.com.tr\/en\/wp-json\/wp\/v2\/media?parent=714"}],"wp:term":[{"taxonomy":"product_cat","embeddable":true,"href":"https:\/\/kackaryapi.com.tr\/en\/wp-json\/wp\/v2\/product_cat?post=714"},{"taxonomy":"product_tag","embeddable":true,"href":"https:\/\/kackaryapi.com.tr\/en\/wp-json\/wp\/v2\/product_tag?post=714"}],"curies":[{"name":"wp","href":"https:\/\/api.w.org\/{rel}","templated":true}]}}