{"id":712,"date":"2022-12-18T22:35:46","date_gmt":"2022-12-18T19:35:46","guid":{"rendered":"https:\/\/kackaryapi.com.tr\/?post_type=product&#038;p=712"},"modified":"2024-11-11T16:56:22","modified_gmt":"2024-11-11T13:56:22","slug":"delikli-kose-profili","status":"publish","type":"product","link":"https:\/\/kackaryapi.com.tr\/en\/product\/delikli-kose-profili\/","title":{"rendered":"Delikli K\u00f6\u015fe Profili"},"content":{"rendered":"","protected":false},"excerpt":{"rendered":"<p><strong>Al\u00e7\u0131pan\u00ae uygulamalar\u0131nda d\u0131\u015f k\u00f6\u015feleri darbelere kar\u015f\u0131 korumak ve d\u00fczg\u00fcn y\u00fczey elde etmek i\u00e7in kullan\u0131lan profildir.<\/strong><\/p>\n<p><strong>Kullan\u0131m Alanlar\u0131:<\/strong><\/p>\n<ul>\n<li>Asma tavan sistemlerinde d\u0131\u015f k\u00f6\u015feler<\/li>\n<li>B\u00f6lme duvar sistemlerinde d\u0131\u015f k\u00f6\u015feler<\/li>\n<li>Duvar giydirme sistemlerinde d\u0131\u015f k\u00f6\u015feler<\/li>\n<\/ul>\n<p><strong>Ebatlar ve Genel \u00d6zellikler:<\/strong><\/p>\n<ul>\n<li>\u00c7elik: Kal\u0131nl\u0131k: 0,35 mm \/ A\u011f\u0131rl\u0131k: 0,126 kg\/m \/ Geni\u015flik: 23 mm \/ Y\u00fckseklik: 23 mm \/ Uzunluk: 2700 mm \/ Paketleme: 50 adet\/ba\u011f<\/li>\n<li>Al\u00fcminyum: Kal\u0131nl\u0131k: 0,35 mm \/ A\u011f\u0131rl\u0131k: 0,053 kg\/m \/ Geni\u015flik: 23 mm \/ Y\u00fckseklik: 23 mm \/ Uzunluk: 2700 mm \/ Paketleme: 50 adet\/ba\u011f<\/li>\n<\/ul>","protected":false},"featured_media":713,"comment_status":"open","ping_status":"closed","template":"","meta":[],"product_cat":[40,102],"product_tag":[44,97,36,47,46,53,105,43,34,35,104,106,103,39,45,38,72],"class_list":["post-712","product","type-product","status-publish","has-post-thumbnail","hentry","product_cat-kuruyapi","product_cat-plakalar","product_tag-alci","product_tag-alci-plaka","product_tag-astarlar","product_tag-atasehir-knauf","product_tag-atasehir-yapi","product_tag-derz-dolgusu","product_tag-duvar-u-profilleri","product_tag-kackar-yapi","product_tag-knauf","product_tag-macunlar","product_tag-tasiyici-profil","product_tag-tavan-c-profili","product_tag-tavan-c-profilleri","product_tag-yapi","product_tag-yapi-onarim","product_tag-yapi-sistemleri","product_tag-zemin-sistemleri"],"_links":{"self":[{"href":"https:\/\/kackaryapi.com.tr\/en\/wp-json\/wp\/v2\/product\/712","targetHints":{"allow":["GET"]}}],"collection":[{"href":"https:\/\/kackaryapi.com.tr\/en\/wp-json\/wp\/v2\/product"}],"about":[{"href":"https:\/\/kackaryapi.com.tr\/en\/wp-json\/wp\/v2\/types\/product"}],"replies":[{"embeddable":true,"href":"https:\/\/kackaryapi.com.tr\/en\/wp-json\/wp\/v2\/comments?post=712"}],"wp:featuredmedia":[{"embeddable":true,"href":"https:\/\/kackaryapi.com.tr\/en\/wp-json\/wp\/v2\/media\/713"}],"wp:attachment":[{"href":"https:\/\/kackaryapi.com.tr\/en\/wp-json\/wp\/v2\/media?parent=712"}],"wp:term":[{"taxonomy":"product_cat","embeddable":true,"href":"https:\/\/kackaryapi.com.tr\/en\/wp-json\/wp\/v2\/product_cat?post=712"},{"taxonomy":"product_tag","embeddable":true,"href":"https:\/\/kackaryapi.com.tr\/en\/wp-json\/wp\/v2\/product_tag?post=712"}],"curies":[{"name":"wp","href":"https:\/\/api.w.org\/{rel}","templated":true}]}}