{"id":710,"date":"2022-12-18T22:34:39","date_gmt":"2022-12-18T19:34:39","guid":{"rendered":"https:\/\/kackaryapi.com.tr\/?post_type=product&#038;p=710"},"modified":"2022-12-18T22:35:36","modified_gmt":"2022-12-18T19:35:36","slug":"ua-profilleri","status":"publish","type":"product","link":"https:\/\/kackaryapi.com.tr\/en\/product\/ua-profilleri\/","title":{"rendered":"UA Profilleri"},"content":{"rendered":"","protected":false},"excerpt":{"rendered":"<p><strong>Al\u00e7\u0131pan\u00ae B\u00f6lme Duvar ve Asma Tavan yap\u0131m\u0131nda, kap\u0131 &#8211; pencere dikey kenarlar\u0131nda ve Aquapanel\u00ae cephe uygulamalar\u0131nda kullan\u0131lan, et kal\u0131nl\u0131\u011f\u0131 y\u00fcksek, ta\u015f\u0131y\u0131c\u0131 profildir.<\/strong><\/p>\n<p><strong>Kullan\u0131m Alanlar\u0131:<\/strong><\/p>\n<ul>\n<li>B\u00f6lme duvar sistemleri<\/li>\n<li>Asma tavan sistemleri<\/li>\n<li>Ask\u0131 sisteminden ba\u011f\u0131ms\u0131z Al\u00e7\u0131pan\u00ae tavanlar<\/li>\n<\/ul>\n<p><strong>Ebatlar ve Genel \u00d6zellikler:<\/strong><\/p>\n<ul>\n<li>UA50: Kal\u0131nl\u0131k: 2 mm \/ A\u011f\u0131rl\u0131k: 1,870 kg\/m \/ Geni\u015flik: 48,8 mm \/ Y\u00fckseklik: 40 mm \/ Uzunluk: 3000 mm \/ Paketleme: 6 adet\/ba\u011f<\/li>\n<li>UA75: Kal\u0131nl\u0131k: 2 mm \/ A\u011f\u0131rl\u0131k: 2,296 kg\/m \/ Geni\u015flik: 73,8 mm \/ Y\u00fckseklik: 40 mm \/ Uzunluk: 3000 mm \/ Paketleme: 4 adet\/ba\u011f<\/li>\n<li>UA100: Kal\u0131nl\u0131k: 2 mm \/ A\u011f\u0131rl\u0131k: 2,686 kg\/m \/ Geni\u015flik: 98,8 mm \/ Y\u00fckseklik: 40 mm \/ Uzunluk: 3000 mm \/ Paketleme: 4 adet\/ba\u011f<\/li>\n<\/ul>\n<p>\u00dcr\u00fcn Standard\u0131: TS EN 14195<\/p>","protected":false},"featured_media":711,"comment_status":"open","ping_status":"closed","template":"","meta":[],"product_cat":[40,102],"product_tag":[44,97,36,47,46,53,105,43,34,35,104,106,103,39,45,38,72],"class_list":["post-710","product","type-product","status-publish","has-post-thumbnail","hentry","product_cat-kuruyapi","product_cat-plakalar","product_tag-alci","product_tag-alci-plaka","product_tag-astarlar","product_tag-atasehir-knauf","product_tag-atasehir-yapi","product_tag-derz-dolgusu","product_tag-duvar-u-profilleri","product_tag-kackar-yapi","product_tag-knauf","product_tag-macunlar","product_tag-tasiyici-profil","product_tag-tavan-c-profili","product_tag-tavan-c-profilleri","product_tag-yapi","product_tag-yapi-onarim","product_tag-yapi-sistemleri","product_tag-zemin-sistemleri"],"_links":{"self":[{"href":"https:\/\/kackaryapi.com.tr\/en\/wp-json\/wp\/v2\/product\/710","targetHints":{"allow":["GET"]}}],"collection":[{"href":"https:\/\/kackaryapi.com.tr\/en\/wp-json\/wp\/v2\/product"}],"about":[{"href":"https:\/\/kackaryapi.com.tr\/en\/wp-json\/wp\/v2\/types\/product"}],"replies":[{"embeddable":true,"href":"https:\/\/kackaryapi.com.tr\/en\/wp-json\/wp\/v2\/comments?post=710"}],"wp:featuredmedia":[{"embeddable":true,"href":"https:\/\/kackaryapi.com.tr\/en\/wp-json\/wp\/v2\/media\/711"}],"wp:attachment":[{"href":"https:\/\/kackaryapi.com.tr\/en\/wp-json\/wp\/v2\/media?parent=710"}],"wp:term":[{"taxonomy":"product_cat","embeddable":true,"href":"https:\/\/kackaryapi.com.tr\/en\/wp-json\/wp\/v2\/product_cat?post=710"},{"taxonomy":"product_tag","embeddable":true,"href":"https:\/\/kackaryapi.com.tr\/en\/wp-json\/wp\/v2\/product_tag?post=710"}],"curies":[{"name":"wp","href":"https:\/\/api.w.org\/{rel}","templated":true}]}}