{"id":704,"date":"2022-12-18T22:31:42","date_gmt":"2022-12-18T19:31:42","guid":{"rendered":"https:\/\/kackaryapi.com.tr\/?post_type=product&#038;p=704"},"modified":"2024-11-04T09:12:50","modified_gmt":"2024-11-04T06:12:50","slug":"optimum-tavan-c-profilleri","status":"publish","type":"product","link":"https:\/\/kackaryapi.com.tr\/en\/product\/optimum-tavan-c-profilleri\/","title":{"rendered":"Optimum Tavan C Profilleri"},"content":{"rendered":"","protected":false},"excerpt":{"rendered":"<p><strong>Al\u00e7\u0131pan\u00ae Asma Tavan Sistemlerinde ana ve tali ta\u015f\u0131y\u0131c\u0131; agrafl\u0131 duvar giydirme sistemlerinde ana ta\u015f\u0131y\u0131c\u0131 olarak kullan\u0131lan profildir.<\/strong><\/p>\n<p><strong>Kullan\u0131m Alanlar\u0131:<\/strong><\/p>\n<ul>\n<li>Al\u00e7\u0131pan\u00ae asma tavan sistemleri<\/li>\n<li>Agrafl\u0131 duvar giydirme sistemleri<\/li>\n<\/ul>\n<p><strong>Ebatlar ve Genel \u00d6zellikler:<\/strong><\/p>\n<ul>\n<li>Kal\u0131nl\u0131k: 0,5 mm \/ A\u011f\u0131rl\u0131k: 0,380 kg\/m \/ Geni\u015flik: 49 mm \/ Y\u00fckseklik: 15 mm \/ Uzunluk: 3000 mm \/ Paketleme: 12 adet\/ba\u011f<\/li>\n<li>Kal\u0131nl\u0131k: 0,6 mm \/ A\u011f\u0131rl\u0131k: 0,450 kg\/m \/ Geni\u015flik: 49 mm \/ Y\u00fckseklik: 15 mm \/ Uzunluk: 3000 mm \/ Paketleme: 12 adet\/ba\u011f<\/li>\n<\/ul>\n<p>\u00dcr\u00fcn Standard\u0131: TS EN 14195<\/p>","protected":false},"featured_media":705,"comment_status":"open","ping_status":"closed","template":"","meta":[],"product_cat":[40,102],"product_tag":[44,97,36,47,46,53,105,43,34,35,104,106,103,39,45,38,72],"class_list":["post-704","product","type-product","status-publish","has-post-thumbnail","hentry","product_cat-kuruyapi","product_cat-plakalar","product_tag-alci","product_tag-alci-plaka","product_tag-astarlar","product_tag-atasehir-knauf","product_tag-atasehir-yapi","product_tag-derz-dolgusu","product_tag-duvar-u-profilleri","product_tag-kackar-yapi","product_tag-knauf","product_tag-macunlar","product_tag-tasiyici-profil","product_tag-tavan-c-profili","product_tag-tavan-c-profilleri","product_tag-yapi","product_tag-yapi-onarim","product_tag-yapi-sistemleri","product_tag-zemin-sistemleri"],"_links":{"self":[{"href":"https:\/\/kackaryapi.com.tr\/en\/wp-json\/wp\/v2\/product\/704","targetHints":{"allow":["GET"]}}],"collection":[{"href":"https:\/\/kackaryapi.com.tr\/en\/wp-json\/wp\/v2\/product"}],"about":[{"href":"https:\/\/kackaryapi.com.tr\/en\/wp-json\/wp\/v2\/types\/product"}],"replies":[{"embeddable":true,"href":"https:\/\/kackaryapi.com.tr\/en\/wp-json\/wp\/v2\/comments?post=704"}],"wp:featuredmedia":[{"embeddable":true,"href":"https:\/\/kackaryapi.com.tr\/en\/wp-json\/wp\/v2\/media\/705"}],"wp:attachment":[{"href":"https:\/\/kackaryapi.com.tr\/en\/wp-json\/wp\/v2\/media?parent=704"}],"wp:term":[{"taxonomy":"product_cat","embeddable":true,"href":"https:\/\/kackaryapi.com.tr\/en\/wp-json\/wp\/v2\/product_cat?post=704"},{"taxonomy":"product_tag","embeddable":true,"href":"https:\/\/kackaryapi.com.tr\/en\/wp-json\/wp\/v2\/product_tag?post=704"}],"curies":[{"name":"wp","href":"https:\/\/api.w.org\/{rel}","templated":true}]}}