{"id":702,"date":"2022-12-18T22:29:58","date_gmt":"2022-12-18T19:29:58","guid":{"rendered":"https:\/\/kackaryapi.com.tr\/?post_type=product&#038;p=702"},"modified":"2022-12-18T22:30:26","modified_gmt":"2022-12-18T19:30:26","slug":"artform-egrisel-duvar-u-profili","status":"publish","type":"product","link":"https:\/\/kackaryapi.com.tr\/en\/product\/artform-egrisel-duvar-u-profili\/","title":{"rendered":"Artform E\u011frisel Duvar U Profili"},"content":{"rendered":"","protected":false},"excerpt":{"rendered":"<p><strong>B\u00f6lme duvarlarda e\u011frisel y\u00fczeyler olu\u015fturmak i\u00e7in Duvar C profillere k\u0131lavuz g\u00f6revi g\u00f6ren profildir.<\/strong><\/p>\n<p><strong>Kullan\u0131m Alanlar\u0131:<\/strong><\/p>\n<ul>\n<li>E\u011frisel b\u00f6lme duvar sistemleri<\/li>\n<li>E\u011frisel duvar giydirme sistemleri<\/li>\n<\/ul>\n<p><strong>Ebatlar ve Genel \u00d6zellikler:<\/strong><\/p>\n<ul>\n<li>Kal\u0131nl\u0131k: 0,5 mm \/ A\u011f\u0131rl\u0131k: 0,58 kg\/m \/ Geni\u015flik: 75 mm \/ Y\u00fckseklik: 32 mm \/ Uzunluk: 3000 mm \/ Paketleme: 12 adet\/ba\u011f<\/li>\n<\/ul>\n<p>\u00dcr\u00fcn Standard\u0131: TS EN 14195<\/p>","protected":false},"featured_media":703,"comment_status":"open","ping_status":"closed","template":"","meta":[],"product_cat":[40,102],"product_tag":[44,97,36,47,46,53,105,43,34,35,104,106,103,39,45,38,72],"class_list":["post-702","product","type-product","status-publish","has-post-thumbnail","hentry","product_cat-kuruyapi","product_cat-plakalar","product_tag-alci","product_tag-alci-plaka","product_tag-astarlar","product_tag-atasehir-knauf","product_tag-atasehir-yapi","product_tag-derz-dolgusu","product_tag-duvar-u-profilleri","product_tag-kackar-yapi","product_tag-knauf","product_tag-macunlar","product_tag-tasiyici-profil","product_tag-tavan-c-profili","product_tag-tavan-c-profilleri","product_tag-yapi","product_tag-yapi-onarim","product_tag-yapi-sistemleri","product_tag-zemin-sistemleri"],"_links":{"self":[{"href":"https:\/\/kackaryapi.com.tr\/en\/wp-json\/wp\/v2\/product\/702","targetHints":{"allow":["GET"]}}],"collection":[{"href":"https:\/\/kackaryapi.com.tr\/en\/wp-json\/wp\/v2\/product"}],"about":[{"href":"https:\/\/kackaryapi.com.tr\/en\/wp-json\/wp\/v2\/types\/product"}],"replies":[{"embeddable":true,"href":"https:\/\/kackaryapi.com.tr\/en\/wp-json\/wp\/v2\/comments?post=702"}],"wp:featuredmedia":[{"embeddable":true,"href":"https:\/\/kackaryapi.com.tr\/en\/wp-json\/wp\/v2\/media\/703"}],"wp:attachment":[{"href":"https:\/\/kackaryapi.com.tr\/en\/wp-json\/wp\/v2\/media?parent=702"}],"wp:term":[{"taxonomy":"product_cat","embeddable":true,"href":"https:\/\/kackaryapi.com.tr\/en\/wp-json\/wp\/v2\/product_cat?post=702"},{"taxonomy":"product_tag","embeddable":true,"href":"https:\/\/kackaryapi.com.tr\/en\/wp-json\/wp\/v2\/product_tag?post=702"}],"curies":[{"name":"wp","href":"https:\/\/api.w.org\/{rel}","templated":true}]}}