{"id":698,"date":"2022-12-18T22:26:39","date_gmt":"2022-12-18T19:26:39","guid":{"rendered":"https:\/\/kackaryapi.com.tr\/?post_type=product&#038;p=698"},"modified":"2022-12-18T22:27:26","modified_gmt":"2022-12-18T19:27:26","slug":"artform-egrisel-tavan-c-profili","status":"publish","type":"product","link":"https:\/\/kackaryapi.com.tr\/en\/product\/artform-egrisel-tavan-c-profili\/","title":{"rendered":"Artform E\u011frisel Tavan C Profili"},"content":{"rendered":"","protected":false},"excerpt":{"rendered":"<p><strong>E\u011frisel asma tavan uygulamalar\u0131nda kullan\u0131lan, haz\u0131r olarak b\u00fck\u00fclm\u00fc\u015f, ta\u015f\u0131y\u0131c\u0131 profildir.<\/strong><\/p>\n<p><strong>Kullan\u0131m Alanlar\u0131:<\/strong><\/p>\n<ul>\n<li>E\u011frisel asma tavan sistemleri<\/li>\n<\/ul>\n<p><strong>Ebatlar ve Genel \u00d6zellikler:<\/strong><\/p>\n<ul>\n<li>Kal\u0131nl\u0131k: 0,6 mm \/ A\u011f\u0131rl\u0131k: 0,58 kg\/m \/ Geni\u015flik: 60 mm \/ Y\u00fckseklik: 27 mm \/ Uzunluk: &#8211; mm \/ Paketleme: &#8211; adet\/ba\u011f<\/li>\n<\/ul>\n<p>\u00dcr\u00fcn Standard\u0131: TS EN 14195<\/p>","protected":false},"featured_media":699,"comment_status":"open","ping_status":"closed","template":"","meta":[],"product_cat":[40,102],"product_tag":[44,97,36,47,46,53,105,43,34,35,104,106,103,39,45,38,72],"class_list":["post-698","product","type-product","status-publish","has-post-thumbnail","hentry","product_cat-kuruyapi","product_cat-plakalar","product_tag-alci","product_tag-alci-plaka","product_tag-astarlar","product_tag-atasehir-knauf","product_tag-atasehir-yapi","product_tag-derz-dolgusu","product_tag-duvar-u-profilleri","product_tag-kackar-yapi","product_tag-knauf","product_tag-macunlar","product_tag-tasiyici-profil","product_tag-tavan-c-profili","product_tag-tavan-c-profilleri","product_tag-yapi","product_tag-yapi-onarim","product_tag-yapi-sistemleri","product_tag-zemin-sistemleri"],"_links":{"self":[{"href":"https:\/\/kackaryapi.com.tr\/en\/wp-json\/wp\/v2\/product\/698","targetHints":{"allow":["GET"]}}],"collection":[{"href":"https:\/\/kackaryapi.com.tr\/en\/wp-json\/wp\/v2\/product"}],"about":[{"href":"https:\/\/kackaryapi.com.tr\/en\/wp-json\/wp\/v2\/types\/product"}],"replies":[{"embeddable":true,"href":"https:\/\/kackaryapi.com.tr\/en\/wp-json\/wp\/v2\/comments?post=698"}],"wp:featuredmedia":[{"embeddable":true,"href":"https:\/\/kackaryapi.com.tr\/en\/wp-json\/wp\/v2\/media\/699"}],"wp:attachment":[{"href":"https:\/\/kackaryapi.com.tr\/en\/wp-json\/wp\/v2\/media?parent=698"}],"wp:term":[{"taxonomy":"product_cat","embeddable":true,"href":"https:\/\/kackaryapi.com.tr\/en\/wp-json\/wp\/v2\/product_cat?post=698"},{"taxonomy":"product_tag","embeddable":true,"href":"https:\/\/kackaryapi.com.tr\/en\/wp-json\/wp\/v2\/product_tag?post=698"}],"curies":[{"name":"wp","href":"https:\/\/api.w.org\/{rel}","templated":true}]}}