{"id":696,"date":"2022-12-18T03:37:41","date_gmt":"2022-12-18T00:37:41","guid":{"rendered":"https:\/\/kackaryapi.com.tr\/?post_type=product&#038;p=696"},"modified":"2022-12-18T03:38:20","modified_gmt":"2022-12-18T00:38:20","slug":"duvar-u-profilleri","status":"publish","type":"product","link":"https:\/\/kackaryapi.com.tr\/en\/product\/duvar-u-profilleri\/","title":{"rendered":"Duvar U Profilleri"},"content":{"rendered":"","protected":false},"excerpt":{"rendered":"<p><strong>Al\u00e7\u0131pan\u00ae B\u00f6lme Duvar Sistemlerinde, \u00e7er\u00e7eveyi olu\u015fturan, yatay uygulanan profildir.<\/strong><\/p>\n<p><strong>Kullan\u0131m Alanlar\u0131:<\/strong><\/p>\n<ul>\n<li>B\u00f6lme duvar sistemleri<\/li>\n<li>Agrafl\u0131 duvar giydirme sistemleri<\/li>\n<li>Ask\u0131 sisteminden ba\u011f\u0131ms\u0131z Al\u00e7\u0131pan\u00ae tavanlar<\/li>\n<\/ul>\n<p><strong>Ebatlar ve Genel \u00d6zellikler:<\/strong><\/p>\n<ul>\n<li>DU50:\u00a0<strong>Kal\u0131nl\u0131k:<\/strong>\u00a00,5 mm\u00a0<strong>A\u011f\u0131rl\u0131k:<\/strong>\u00a00,449 \/ 0,495 kg\/m\u00a0<strong>Geni\u015flik:<\/strong>\u00a050 mm\u00a0<strong>Y\u00fckseklik:<\/strong>\u00a032 \/ 40 mm\u00a0<strong>Uzunluk:<\/strong>\u00a03000 mm\u00a0<strong>Paketleme:<\/strong>\u00a012 adet\/ba\u011f<\/li>\n<li>DU50:\u00a0<strong>Kal\u0131nl\u0131k:<\/strong>\u00a00,6 mm\u00a0<strong>A\u011f\u0131rl\u0131k:<\/strong>\u00a00,538 \/ 0,594 kg\/m\u00a0<strong>Geni\u015flik:<\/strong>\u00a050 mm\u00a0<strong>Y\u00fckseklik:<\/strong>\u00a032 \/ 40 mm\u00a0<strong>Uzunluk:<\/strong>\u00a03000 mm\u00a0<strong>Paketleme:<\/strong>\u00a012 adet\/ba\u011f<\/li>\n<li>DU75:\u00a0<strong>Kal\u0131nl\u0131k:<\/strong>\u00a00,5 mm\u00a0<strong>A\u011f\u0131rl\u0131k:<\/strong>\u00a00,527 \/ 0,597 kg\/m\u00a0<strong>Geni\u015flik:<\/strong>\u00a075 mm\u00a0<strong>Y\u00fckseklik:<\/strong>\u00a032 \/ 40 mm\u00a0<strong>Uzunluk:<\/strong>\u00a03000 mm\u00a0<strong>Paketleme:<\/strong>\u00a012 adet\/ba\u011f<\/li>\n<li>DU75:\u00a0<strong>Kal\u0131nl\u0131k:<\/strong>\u00a00,6 mm\u00a0<strong>A\u011f\u0131rl\u0131k:<\/strong>\u00a00,632 \/ 0,716 kg\/m\u00a0<strong>Geni\u015flik:<\/strong>\u00a075 mm\u00a0<strong>Y\u00fckseklik:<\/strong>\u00a032 \/ 40 mm\u00a0<strong>Uzunluk:<\/strong>\u00a03000 mm\u00a0<strong>Paketleme:<\/strong>\u00a012 adet\/ba\u011f<\/li>\n<li>DU100:\u00a0<strong>Kal\u0131nl\u0131k:<\/strong>\u00a00,5 mm\u00a0<strong>A\u011f\u0131rl\u0131k:<\/strong>\u00a00,644 \/ 0,690 kg\/m\u00a0<strong>Geni\u015flik:<\/strong>\u00a0100 mm<strong>Y\u00fckseklik:<\/strong>\u00a032 \/ 40 mm\u00a0<strong>Uzunluk:<\/strong>\u00a03000 mm\u00a0<strong>Paketleme:<\/strong>\u00a012 adet\/ba\u011f<\/li>\n<li>DU100:\u00a0<strong>Kal\u0131nl\u0131k:<\/strong>\u00a00,6 mm\u00a0<strong>A\u011f\u0131rl\u0131k:<\/strong>\u00a00,722 \/ 0,828 kg\/m\u00a0<strong>Geni\u015flik:<\/strong>\u00a0100 mm<strong>Y\u00fckseklik:<\/strong>\u00a032 \/ 40 mm\u00a0<strong>Uzunluk:<\/strong>\u00a03000 mm\u00a0<strong>Paketleme:<\/strong>\u00a012 adet\/ba\u011f<\/li>\n<li>DU125:\u00a0<strong>Kal\u0131nl\u0131k:<\/strong>\u00a00,5 mm\u00a0<strong>A\u011f\u0131rl\u0131k:<\/strong>\u00a00,740 \/ 0,790 kg\/m\u00a0<strong>Geni\u015flik:<\/strong>\u00a0125 mm<strong>Y\u00fckseklik:<\/strong>\u00a032 \/ 40 mm\u00a0<strong>Uzunluk:<\/strong>\u00a03000 mm\u00a0<strong>Paketleme:<\/strong>\u00a08 adet\/ba\u011f<\/li>\n<li>DU125:\u00a0<strong>Kal\u0131nl\u0131k:<\/strong>\u00a00,6 mm\u00a0<strong>A\u011f\u0131rl\u0131k:<\/strong>\u00a00,890 \/ 0,940 kg\/m\u00a0<strong>Geni\u015flik:<\/strong>\u00a0125 mm<strong>Y\u00fckseklik:<\/strong>\u00a032 \/ 40 mm\u00a0<strong>Uzunluk:<\/strong>\u00a03000 mm\u00a0<strong>Paketleme:<\/strong>\u00a08 adet\/ba\u011f<\/li>\n<li>DU150:\u00a0<strong>Kal\u0131nl\u0131k:<\/strong>\u00a00,6 mm\u00a0<strong>A\u011f\u0131rl\u0131k:<\/strong>\u00a01,000 \/ 1,060 kg\/m\u00a0<strong>Geni\u015flik:<\/strong>\u00a0150 mm\u00a0<strong>Y\u00fckseklik:<\/strong>\u00a032 \/ 40 mm\u00a0<strong>Uzunluk:<\/strong>\u00a03000 mm\u00a0<strong>Paketleme:<\/strong>\u00a04 adet\/ba\u011f<\/li>\n<\/ul>\n<p>\u00dcr\u00fcn Standard\u0131: TS EN 14195<\/p>","protected":false},"featured_media":697,"comment_status":"open","ping_status":"closed","template":"","meta":[],"product_cat":[40,102],"product_tag":[44,97,36,47,46,53,105,99,43,34,35,100,104,103,39,45,38,72],"class_list":["post-696","product","type-product","status-publish","has-post-thumbnail","hentry","product_cat-kuruyapi","product_cat-plakalar","product_tag-alci","product_tag-alci-plaka","product_tag-astarlar","product_tag-atasehir-knauf","product_tag-atasehir-yapi","product_tag-derz-dolgusu","product_tag-duvar-u-profilleri","product_tag-flex-alcipan-fx","product_tag-kackar-yapi","product_tag-knauf","product_tag-macunlar","product_tag-mouldboard-kufe-ve-suya-dayanikli-alcipan","product_tag-tasiyici-profil","product_tag-tavan-c-profilleri","product_tag-yapi","product_tag-yapi-onarim","product_tag-yapi-sistemleri","product_tag-zemin-sistemleri"],"_links":{"self":[{"href":"https:\/\/kackaryapi.com.tr\/en\/wp-json\/wp\/v2\/product\/696","targetHints":{"allow":["GET"]}}],"collection":[{"href":"https:\/\/kackaryapi.com.tr\/en\/wp-json\/wp\/v2\/product"}],"about":[{"href":"https:\/\/kackaryapi.com.tr\/en\/wp-json\/wp\/v2\/types\/product"}],"replies":[{"embeddable":true,"href":"https:\/\/kackaryapi.com.tr\/en\/wp-json\/wp\/v2\/comments?post=696"}],"wp:featuredmedia":[{"embeddable":true,"href":"https:\/\/kackaryapi.com.tr\/en\/wp-json\/wp\/v2\/media\/697"}],"wp:attachment":[{"href":"https:\/\/kackaryapi.com.tr\/en\/wp-json\/wp\/v2\/media?parent=696"}],"wp:term":[{"taxonomy":"product_cat","embeddable":true,"href":"https:\/\/kackaryapi.com.tr\/en\/wp-json\/wp\/v2\/product_cat?post=696"},{"taxonomy":"product_tag","embeddable":true,"href":"https:\/\/kackaryapi.com.tr\/en\/wp-json\/wp\/v2\/product_tag?post=696"}],"curies":[{"name":"wp","href":"https:\/\/api.w.org\/{rel}","templated":true}]}}