{"id":694,"date":"2022-12-18T03:36:12","date_gmt":"2022-12-18T00:36:12","guid":{"rendered":"https:\/\/kackaryapi.com.tr\/?post_type=product&#038;p=694"},"modified":"2022-12-18T03:36:42","modified_gmt":"2022-12-18T00:36:42","slug":"duvar-c-profilleri","status":"publish","type":"product","link":"https:\/\/kackaryapi.com.tr\/en\/product\/duvar-c-profilleri\/","title":{"rendered":"Duvar C Profilleri"},"content":{"rendered":"","protected":false},"excerpt":{"rendered":"<p><strong>Al\u00e7\u0131pan\u00ae B\u00f6lme Duvar ve Duvar Giydirme Sistemlerinde dikey olarak uygulanan, ask\u0131 sisteminden ba\u011f\u0131ms\u0131z Al\u00e7\u0131pan\u00ae tavanlarda yatay uygulanan ta\u015f\u0131y\u0131c\u0131 profildir.<\/strong><\/p>\n<p><strong>Kullan\u0131m Alanlar\u0131:<\/strong><\/p>\n<ul>\n<li>B\u00f6lme duvar sistemleri<\/li>\n<li>Ask\u0131 sisteminden ba\u011f\u0131ms\u0131z Al\u00e7\u0131pan\u00ae tavanlar<\/li>\n<\/ul>\n<p><strong>Ebatlar ve Genel \u00d6zellikler:<\/strong><\/p>\n<ul>\n<li>DC50:\u00a0<strong>Kal\u0131nl\u0131k:<\/strong>\u00a00,5 \/ 0,6 \/ 0,8 mm\u00a0<strong>A\u011f\u0131rl\u0131k:<\/strong>\u00a00,608 \/ 0,730 \/ 0,980 kg\/m\u00a0<strong>Geni\u015flik:<\/strong>\u00a048,8 mm\u00a0<strong>Y\u00fckseklik:<\/strong>\u00a049 mm\u00a0<strong>Uzunluk:<\/strong>\u00a02700 \/ 2800 \/ 3000 mm\u00a0<strong>Paketleme:<\/strong>\u00a012 adet\/ba\u011f<\/li>\n<li>DC75:\u00a0<strong>Kal\u0131nl\u0131k:<\/strong>\u00a00,5 \/ 0,6 \/ 0,8 mm\u00a0<strong>A\u011f\u0131rl\u0131k:<\/strong>\u00a00,706 \/ 0,847 \/ 1,150 kg\/m\u00a0<strong>Geni\u015flik:<\/strong>\u00a073,8 mm\u00a0<strong>Y\u00fckseklik:<\/strong>\u00a049 mm\u00a0<strong>Uzunluk:<\/strong>\u00a02700 \/ 2800 \/ 3000 mm\u00a0<strong>Paketleme:<\/strong>\u00a012 adet\/ba\u011f<\/li>\n<li>DC100:\u00a0<strong>Kal\u0131nl\u0131k:<\/strong>\u00a00,6 \/ 0,8 mm\u00a0<strong>A\u011f\u0131rl\u0131k:<\/strong>\u00a00,964 \/ 1,290 kg\/m\u00a0<strong>Geni\u015flik:<\/strong>\u00a098,8 mm\u00a0<strong>Y\u00fckseklik:<\/strong>\u00a049 mm\u00a0<strong>Uzunluk:<\/strong>\u00a02800 \/ 3000 mm\u00a0<strong>Paketleme:<\/strong>\u00a012 adet\/ba\u011f<\/li>\n<li>DC125:\u00a0<strong>Kal\u0131nl\u0131k:<\/strong>\u00a00,6 \/ 0,8 mm\u00a0<strong>A\u011f\u0131rl\u0131k:<\/strong>\u00a01,063 \/ 1,450 kg\/m\u00a0<strong>Geni\u015flik:<\/strong>\u00a0123,8 mm\u00a0<strong>Y\u00fckseklik:<\/strong>\u00a049 mm\u00a0<strong>Uzunluk:<\/strong>\u00a03000 mm\u00a0<strong>Paketleme:<\/strong>\u00a08 adet\/ba\u011f<\/li>\n<li>DC150:\u00a0<strong>Kal\u0131nl\u0131k:<\/strong>\u00a00,6 \/ 0,8 mm\u00a0<strong>A\u011f\u0131rl\u0131k:<\/strong>\u00a01,180 \/ 1,600 kg\/m\u00a0<strong>Geni\u015flik:<\/strong>\u00a0148,8 mm\u00a0<strong>Y\u00fckseklik:<\/strong>\u00a049 mm\u00a0<strong>Uzunluk:<\/strong>\u00a03000 mm\u00a0<strong>Paketleme:<\/strong>\u00a04 adet\/ba\u011f<\/li>\n<\/ul>\n<p>\u00dcr\u00fcn Standard\u0131: TS EN 14195<\/p>","protected":false},"featured_media":695,"comment_status":"open","ping_status":"closed","template":"","meta":[],"product_cat":[40,102],"product_tag":[44,97,36,47,46,53,99,43,34,35,100,104,103,39,45,38,72],"class_list":["post-694","product","type-product","status-publish","has-post-thumbnail","hentry","product_cat-kuruyapi","product_cat-plakalar","product_tag-alci","product_tag-alci-plaka","product_tag-astarlar","product_tag-atasehir-knauf","product_tag-atasehir-yapi","product_tag-derz-dolgusu","product_tag-flex-alcipan-fx","product_tag-kackar-yapi","product_tag-knauf","product_tag-macunlar","product_tag-mouldboard-kufe-ve-suya-dayanikli-alcipan","product_tag-tasiyici-profil","product_tag-tavan-c-profilleri","product_tag-yapi","product_tag-yapi-onarim","product_tag-yapi-sistemleri","product_tag-zemin-sistemleri"],"_links":{"self":[{"href":"https:\/\/kackaryapi.com.tr\/en\/wp-json\/wp\/v2\/product\/694","targetHints":{"allow":["GET"]}}],"collection":[{"href":"https:\/\/kackaryapi.com.tr\/en\/wp-json\/wp\/v2\/product"}],"about":[{"href":"https:\/\/kackaryapi.com.tr\/en\/wp-json\/wp\/v2\/types\/product"}],"replies":[{"embeddable":true,"href":"https:\/\/kackaryapi.com.tr\/en\/wp-json\/wp\/v2\/comments?post=694"}],"wp:featuredmedia":[{"embeddable":true,"href":"https:\/\/kackaryapi.com.tr\/en\/wp-json\/wp\/v2\/media\/695"}],"wp:attachment":[{"href":"https:\/\/kackaryapi.com.tr\/en\/wp-json\/wp\/v2\/media?parent=694"}],"wp:term":[{"taxonomy":"product_cat","embeddable":true,"href":"https:\/\/kackaryapi.com.tr\/en\/wp-json\/wp\/v2\/product_cat?post=694"},{"taxonomy":"product_tag","embeddable":true,"href":"https:\/\/kackaryapi.com.tr\/en\/wp-json\/wp\/v2\/product_tag?post=694"}],"curies":[{"name":"wp","href":"https:\/\/api.w.org\/{rel}","templated":true}]}}