{"id":686,"date":"2022-12-18T03:25:42","date_gmt":"2022-12-18T00:25:42","guid":{"rendered":"https:\/\/kackaryapi.com.tr\/?post_type=product&#038;p=686"},"modified":"2022-12-18T03:26:15","modified_gmt":"2022-12-18T00:26:15","slug":"flameboard-yuksek-yangin-dayanimina-sahip-a1-sinifi-ozel-alcipan","status":"publish","type":"product","link":"https:\/\/kackaryapi.com.tr\/en\/product\/flameboard-yuksek-yangin-dayanimina-sahip-a1-sinifi-ozel-alcipan\/","title":{"rendered":"Flameboard\u00ae Y\u00fcksek Yang\u0131n Dayan\u0131m\u0131na Sahip A1 S\u0131n\u0131f\u0131 \u00d6zel Al\u00e7\u0131pan\u00ae"},"content":{"rendered":"","protected":false},"excerpt":{"rendered":"<h5><strong>Her iki y\u00fczeyinde de ka\u011f\u0131t bulunmayan, cam elyaf \u015filte ile kapl\u0131, y\u00fcksek yang\u0131ndayan\u0131m\u0131 sa\u011flayan A1 s\u0131n\u0131f\u0131 \u00f6zel Al\u00e7\u0131pan\u00ae \u00e7e\u015fididir.<\/strong><\/h5>\n<p>&nbsp;<\/p>\n<p><strong>\u00d6zellikler:<\/strong><\/p>\n<ul>\n<li>Y\u00fcksek yang\u0131n dayan\u0131m\u0131<\/li>\n<li>A1 s\u0131n\u0131f\u0131 yanmaz malzeme<\/li>\n<li>Temiz ve kolay montaj<\/li>\n<li>Zaman tasarrufu<\/li>\n<li>Y\u00fcksek y\u00fczey kalitesi<\/li>\n<\/ul>\n<p><strong>Kullan\u0131m Alanlar\u0131:<\/strong><\/p>\n<ul>\n<li>B\u00f6lme duvar<\/li>\n<li>Asma tavan<\/li>\n<li>\u015eaft duvar\u0131<\/li>\n<\/ul>\n<p><strong>Ebatlar ve Genel \u00d6zellikler:<\/strong><\/p>\n<ul>\n<li>Kal\u0131nl\u0131k: 15 \/ 25 mm<\/li>\n<li>A\u011f\u0131rl\u0131k: 12,5 &#8211; 13 \/ 20,5 &#8211; 21,5 kg\/m2<\/li>\n<li>Geni\u015flik: 1200 mm<\/li>\n<li>Uzunluk: 2000 mm<\/li>\n<li>Paketleme: 24 \/ 40 adet \/ palet<\/li>\n<\/ul>\n<p>\u00dcr\u00fcn Standard\u0131: TS EN 15283 &#8211; 1 GM &#8211; FR<\/p>","protected":false},"featured_media":687,"comment_status":"open","ping_status":"closed","template":"","meta":[],"product_cat":[95,40],"product_tag":[44,97,96,36,47,46,53,99,43,34,35,100,98,101,39,45,38,72],"class_list":["post-686","product","type-product","status-publish","has-post-thumbnail","hentry","product_cat-alci-plakalar","product_cat-kuruyapi","product_tag-alci","product_tag-alci-plaka","product_tag-alcipan-flex-ultra-fx-ultra","product_tag-astarlar","product_tag-atasehir-knauf","product_tag-atasehir-yapi","product_tag-derz-dolgusu","product_tag-flex-alcipan-fx","product_tag-kackar-yapi","product_tag-knauf","product_tag-macunlar","product_tag-mouldboard-kufe-ve-suya-dayanikli-alcipan","product_tag-suya-dayanikli-alcipan","product_tag-yangina-dayanikli-alcipan","product_tag-yapi","product_tag-yapi-onarim","product_tag-yapi-sistemleri","product_tag-zemin-sistemleri"],"_links":{"self":[{"href":"https:\/\/kackaryapi.com.tr\/en\/wp-json\/wp\/v2\/product\/686","targetHints":{"allow":["GET"]}}],"collection":[{"href":"https:\/\/kackaryapi.com.tr\/en\/wp-json\/wp\/v2\/product"}],"about":[{"href":"https:\/\/kackaryapi.com.tr\/en\/wp-json\/wp\/v2\/types\/product"}],"replies":[{"embeddable":true,"href":"https:\/\/kackaryapi.com.tr\/en\/wp-json\/wp\/v2\/comments?post=686"}],"wp:featuredmedia":[{"embeddable":true,"href":"https:\/\/kackaryapi.com.tr\/en\/wp-json\/wp\/v2\/media\/687"}],"wp:attachment":[{"href":"https:\/\/kackaryapi.com.tr\/en\/wp-json\/wp\/v2\/media?parent=686"}],"wp:term":[{"taxonomy":"product_cat","embeddable":true,"href":"https:\/\/kackaryapi.com.tr\/en\/wp-json\/wp\/v2\/product_cat?post=686"},{"taxonomy":"product_tag","embeddable":true,"href":"https:\/\/kackaryapi.com.tr\/en\/wp-json\/wp\/v2\/product_tag?post=686"}],"curies":[{"name":"wp","href":"https:\/\/api.w.org\/{rel}","templated":true}]}}