{"id":684,"date":"2022-12-18T03:23:41","date_gmt":"2022-12-18T00:23:41","guid":{"rendered":"https:\/\/kackaryapi.com.tr\/?post_type=product&#038;p=684"},"modified":"2022-12-18T03:24:18","modified_gmt":"2022-12-18T00:24:18","slug":"alcipan-regular-plus","status":"publish","type":"product","link":"https:\/\/kackaryapi.com.tr\/en\/product\/alcipan-regular-plus\/","title":{"rendered":"Al\u00e7\u0131pan\u00ae Regular Plus"},"content":{"rendered":"","protected":false},"excerpt":{"rendered":"<p><strong>\u0130\u00e7 mekanlarda kullan\u0131lan d\u00fczg\u00fcn y\u00fczeyli ve esnek Al\u00e7\u0131pan\u00ae \u00e7e\u015fididir. \u00d6n y\u00fcz\u00fc fildi\u015fi, arka y\u00fcz\u00fc gri renkli ka\u011f\u0131t kapl\u0131d\u0131r.<\/strong><\/p>\n<p><strong>\u00d6zellikler:<\/strong><\/p>\n<ul>\n<li>Temiz ve kolay montaj<\/li>\n<li>Zaman tasarrufu<\/li>\n<li>Y\u00fcksek y\u00fczey kalitesi<\/li>\n<\/ul>\n<p><strong>Kullan\u0131m Alanlar\u0131:<\/strong><\/p>\n<ul>\n<li>Asma tavan<\/li>\n<li>B\u00f6lme duvar<\/li>\n<li>Duvar giydirme<\/li>\n<li>Kuru s\u0131va duvar kaplama<\/li>\n<\/ul>\n<p><strong>Ebatlar ve Genel \u00d6zellikler:<\/strong><\/p>\n<ul>\n<li>Kal\u0131nl\u0131k: 12,5 \/ 15 mm<\/li>\n<li>A\u011f\u0131rl\u0131k: 9 &#8211; 9,5 \/ 10 &#8211; 11 kg\/m2<\/li>\n<li>Geni\u015flik: 1200 mm<\/li>\n<li>Uzunluk: 2200 \/ 2300 \/ 2400 \/ 2500 \/ 2600 \/ 2700 \/ 2800 \/ 3000 mm<\/li>\n<li>Paketleme: 30 \/ 50 adet \/ palet<\/li>\n<\/ul>\n<p>\u00dcr\u00fcn Standard\u0131: TS EN 520 + A1 &#8211; T\u0130P A<\/p>","protected":false},"featured_media":685,"comment_status":"open","ping_status":"closed","template":"","meta":[],"product_cat":[95,40],"product_tag":[44,97,96,36,47,46,53,99,43,34,35,100,98,101,39,45,38,72],"class_list":["post-684","product","type-product","status-publish","has-post-thumbnail","hentry","product_cat-alci-plakalar","product_cat-kuruyapi","product_tag-alci","product_tag-alci-plaka","product_tag-alcipan-flex-ultra-fx-ultra","product_tag-astarlar","product_tag-atasehir-knauf","product_tag-atasehir-yapi","product_tag-derz-dolgusu","product_tag-flex-alcipan-fx","product_tag-kackar-yapi","product_tag-knauf","product_tag-macunlar","product_tag-mouldboard-kufe-ve-suya-dayanikli-alcipan","product_tag-suya-dayanikli-alcipan","product_tag-yangina-dayanikli-alcipan","product_tag-yapi","product_tag-yapi-onarim","product_tag-yapi-sistemleri","product_tag-zemin-sistemleri"],"_links":{"self":[{"href":"https:\/\/kackaryapi.com.tr\/en\/wp-json\/wp\/v2\/product\/684","targetHints":{"allow":["GET"]}}],"collection":[{"href":"https:\/\/kackaryapi.com.tr\/en\/wp-json\/wp\/v2\/product"}],"about":[{"href":"https:\/\/kackaryapi.com.tr\/en\/wp-json\/wp\/v2\/types\/product"}],"replies":[{"embeddable":true,"href":"https:\/\/kackaryapi.com.tr\/en\/wp-json\/wp\/v2\/comments?post=684"}],"wp:featuredmedia":[{"embeddable":true,"href":"https:\/\/kackaryapi.com.tr\/en\/wp-json\/wp\/v2\/media\/685"}],"wp:attachment":[{"href":"https:\/\/kackaryapi.com.tr\/en\/wp-json\/wp\/v2\/media?parent=684"}],"wp:term":[{"taxonomy":"product_cat","embeddable":true,"href":"https:\/\/kackaryapi.com.tr\/en\/wp-json\/wp\/v2\/product_cat?post=684"},{"taxonomy":"product_tag","embeddable":true,"href":"https:\/\/kackaryapi.com.tr\/en\/wp-json\/wp\/v2\/product_tag?post=684"}],"curies":[{"name":"wp","href":"https:\/\/api.w.org\/{rel}","templated":true}]}}