{"id":677,"date":"2022-12-18T03:18:11","date_gmt":"2022-12-18T00:18:11","guid":{"rendered":"https:\/\/kackaryapi.com.tr\/?post_type=product&#038;p=677"},"modified":"2025-05-28T07:13:54","modified_gmt":"2025-05-28T04:13:54","slug":"safeboard-x-ray-isinlarini-tutma-ozelligine-sahip-alcipan","status":"publish","type":"product","link":"https:\/\/kackaryapi.com.tr\/en\/product\/safeboard-x-ray-isinlarini-tutma-ozelligine-sahip-alcipan\/","title":{"rendered":"Safeboard\u00ae X-ray I\u015f\u0131nlar\u0131n\u0131 Tutma \u00d6zelli\u011fine Sahip Al\u00e7\u0131pan\u00ae"},"content":{"rendered":"","protected":false},"excerpt":{"rendered":"<p><strong>X-ray \u0131\u015f\u0131nlar\u0131n\u0131 tutma \u00f6zelli\u011fine ve ek olarak y\u00fcksek de\u011ferde ses yal\u0131t\u0131m\u0131na sahip, kur\u015fun i\u00e7ermeyen \u00f6zel Al\u00e7\u0131pan\u00ae \u00e7e\u015fididir.<\/strong><\/p>\n<p><strong>\u00d6zellikler:<\/strong><\/p>\n<ul>\n<li>X-ray \u0131\u015f\u0131n\u0131ndan koruma<\/li>\n<li>Kur\u015fun i\u00e7ermeme<\/li>\n<li>Yang\u0131n dayan\u0131m\u0131<\/li>\n<li>Y\u00fcksek ses yal\u0131t\u0131m\u0131<\/li>\n<li>B\u00fck\u00fclebilme<\/li>\n<li>Temiz ve kolay montaj<\/li>\n<li>Zaman tasarrufu<\/li>\n<li>Y\u00fcksek y\u00fczey kalitesi<\/li>\n<\/ul>\n<p><strong>Kullan\u0131m Alanlar\u0131:<\/strong><\/p>\n<ul>\n<li>Asma tavan<\/li>\n<li>B\u00f6lme duvar<\/li>\n<li>Duvar giydirme<\/li>\n<\/ul>\n<p><strong>Ebatlar ve Genel \u00d6zellikler<\/strong><\/p>\n<ul>\n<li>Kal\u0131nl\u0131k: 12,5 mm<\/li>\n<li>A\u011f\u0131rl\u0131k: yakl. 17,8 kg\/m2<\/li>\n<li>Geni\u015flik: 625 mm<\/li>\n<li>Uzunluk: 2500 mm<\/li>\n<li>Paketleme: 42 adet \/ palet<\/li>\n<\/ul>\n<p>\u00dcr\u00fcn Standard\u0131: EN 520 &#8211; T\u0130P DF \/ DIN18180 &#8211; GKF<\/p>","protected":false},"featured_media":678,"comment_status":"open","ping_status":"closed","template":"","meta":[],"product_cat":[95,40],"product_tag":[44,97,96,36,47,46,53,99,43,34,35,100,98,101,39,45,38,72],"class_list":["post-677","product","type-product","status-publish","has-post-thumbnail","hentry","product_cat-alci-plakalar","product_cat-kuruyapi","product_tag-alci","product_tag-alci-plaka","product_tag-alcipan-flex-ultra-fx-ultra","product_tag-astarlar","product_tag-atasehir-knauf","product_tag-atasehir-yapi","product_tag-derz-dolgusu","product_tag-flex-alcipan-fx","product_tag-kackar-yapi","product_tag-knauf","product_tag-macunlar","product_tag-mouldboard-kufe-ve-suya-dayanikli-alcipan","product_tag-suya-dayanikli-alcipan","product_tag-yangina-dayanikli-alcipan","product_tag-yapi","product_tag-yapi-onarim","product_tag-yapi-sistemleri","product_tag-zemin-sistemleri"],"_links":{"self":[{"href":"https:\/\/kackaryapi.com.tr\/en\/wp-json\/wp\/v2\/product\/677","targetHints":{"allow":["GET"]}}],"collection":[{"href":"https:\/\/kackaryapi.com.tr\/en\/wp-json\/wp\/v2\/product"}],"about":[{"href":"https:\/\/kackaryapi.com.tr\/en\/wp-json\/wp\/v2\/types\/product"}],"replies":[{"embeddable":true,"href":"https:\/\/kackaryapi.com.tr\/en\/wp-json\/wp\/v2\/comments?post=677"}],"wp:featuredmedia":[{"embeddable":true,"href":"https:\/\/kackaryapi.com.tr\/en\/wp-json\/wp\/v2\/media\/678"}],"wp:attachment":[{"href":"https:\/\/kackaryapi.com.tr\/en\/wp-json\/wp\/v2\/media?parent=677"}],"wp:term":[{"taxonomy":"product_cat","embeddable":true,"href":"https:\/\/kackaryapi.com.tr\/en\/wp-json\/wp\/v2\/product_cat?post=677"},{"taxonomy":"product_tag","embeddable":true,"href":"https:\/\/kackaryapi.com.tr\/en\/wp-json\/wp\/v2\/product_tag?post=677"}],"curies":[{"name":"wp","href":"https:\/\/api.w.org\/{rel}","templated":true}]}}