{"id":669,"date":"2022-12-18T03:10:58","date_gmt":"2022-12-18T00:10:58","guid":{"rendered":"https:\/\/kackaryapi.com.tr\/?post_type=product&#038;p=669"},"modified":"2022-12-18T03:11:47","modified_gmt":"2022-12-18T00:11:47","slug":"mouldboard-kufe-ve-suya-dayanikli-alcipan-mwr","status":"publish","type":"product","link":"https:\/\/kackaryapi.com.tr\/en\/product\/mouldboard-kufe-ve-suya-dayanikli-alcipan-mwr\/","title":{"rendered":"Mouldboard\u00ae K\u00fcfe ve Suya Dayan\u0131kl\u0131 Al\u00e7\u0131pan\u00ae (MWR)"},"content":{"rendered":"","protected":false},"excerpt":{"rendered":"<p><strong>Islak hacim ve nemli ortamlarda kullan\u0131labilen, su iticilik \u00f6zelli\u011fi kazand\u0131r\u0131lm\u0131\u015f, k\u00fcf \u00f6nleyici ve k\u00fcfe kar\u015f\u0131 diren\u00e7 sa\u011flayan d\u00fczg\u00fcn y\u00fczeyli Al\u00e7\u0131pan\u00ae \u00e7e\u015fididir. \u00d6n y\u00fcz\u00fc ye\u015fil, arka y\u00fcz\u00fc gri renkli ka\u011f\u0131t kapl\u0131d\u0131r.<\/strong><\/p>\n<p><strong>\u00d6zellikler:<\/strong><\/p>\n<ul>\n<li>Neme dayan\u0131m<\/li>\n<li>K\u00fcfe dayan\u0131m<\/li>\n<li>\u00dczerine fayans, seramik vb. uygulanabilirlik<\/li>\n<li>Temiz ve kolay montaj<\/li>\n<li>Zaman tasarrufu<\/li>\n<li>Y\u00fcksek y\u00fczey kalitesi<\/li>\n<\/ul>\n<p><strong>Kullan\u0131m Alanlar\u0131:<\/strong><\/p>\n<ul>\n<li>Asma tavan<\/li>\n<li>B\u00f6lme duvar<\/li>\n<li>Duvar giydirme<\/li>\n<li>Kuru s\u0131va duvar kaplama<\/li>\n<li>\u015eaft duvarlar\u0131<\/li>\n<li>Islak hacim<\/li>\n<\/ul>\n<p><strong>Ebatlar ve Genel \u00d6zellikler:<\/strong><\/p>\n<ul>\n<li>Kal\u0131nl\u0131k: 12,5 \/ 15 mm<\/li>\n<li>A\u011f\u0131rl\u0131k: 10 &#8211; 11 \/ 11 &#8211; 12 kg\/m2<\/li>\n<li>Geni\u015flik: 1200 mm<\/li>\n<li>Uzunluk: 2500 mm<\/li>\n<li>Paketleme: 30 \/ 50 adet \/ palet<\/li>\n<\/ul>\n<p>\u00dcr\u00fcn Standard\u0131: TS EN 520 + A1 &#8211; Tip H1<\/p>","protected":false},"featured_media":666,"comment_status":"open","ping_status":"closed","template":"","meta":[],"product_cat":[95,40],"product_tag":[44,97,96,36,47,46,53,99,43,34,35,100,98,39,45,38,72],"class_list":["post-669","product","type-product","status-publish","has-post-thumbnail","hentry","product_cat-alci-plakalar","product_cat-kuruyapi","product_tag-alci","product_tag-alci-plaka","product_tag-alcipan-flex-ultra-fx-ultra","product_tag-astarlar","product_tag-atasehir-knauf","product_tag-atasehir-yapi","product_tag-derz-dolgusu","product_tag-flex-alcipan-fx","product_tag-kackar-yapi","product_tag-knauf","product_tag-macunlar","product_tag-mouldboard-kufe-ve-suya-dayanikli-alcipan","product_tag-suya-dayanikli-alcipan","product_tag-yapi","product_tag-yapi-onarim","product_tag-yapi-sistemleri","product_tag-zemin-sistemleri"],"_links":{"self":[{"href":"https:\/\/kackaryapi.com.tr\/en\/wp-json\/wp\/v2\/product\/669","targetHints":{"allow":["GET"]}}],"collection":[{"href":"https:\/\/kackaryapi.com.tr\/en\/wp-json\/wp\/v2\/product"}],"about":[{"href":"https:\/\/kackaryapi.com.tr\/en\/wp-json\/wp\/v2\/types\/product"}],"replies":[{"embeddable":true,"href":"https:\/\/kackaryapi.com.tr\/en\/wp-json\/wp\/v2\/comments?post=669"}],"wp:featuredmedia":[{"embeddable":true,"href":"https:\/\/kackaryapi.com.tr\/en\/wp-json\/wp\/v2\/media\/666"}],"wp:attachment":[{"href":"https:\/\/kackaryapi.com.tr\/en\/wp-json\/wp\/v2\/media?parent=669"}],"wp:term":[{"taxonomy":"product_cat","embeddable":true,"href":"https:\/\/kackaryapi.com.tr\/en\/wp-json\/wp\/v2\/product_cat?post=669"},{"taxonomy":"product_tag","embeddable":true,"href":"https:\/\/kackaryapi.com.tr\/en\/wp-json\/wp\/v2\/product_tag?post=669"}],"curies":[{"name":"wp","href":"https:\/\/api.w.org\/{rel}","templated":true}]}}