{"id":661,"date":"2022-12-18T03:04:13","date_gmt":"2022-12-18T00:04:13","guid":{"rendered":"https:\/\/kackaryapi.com.tr\/?post_type=product&#038;p=661"},"modified":"2022-12-18T03:05:11","modified_gmt":"2022-12-18T00:05:11","slug":"alcipan-flex-ultra-fx-ultra","status":"publish","type":"product","link":"https:\/\/kackaryapi.com.tr\/en\/product\/alcipan-flex-ultra-fx-ultra\/","title":{"rendered":"Al\u00e7\u0131pan\u00ae Flex Ultra (FX Ultra)"},"content":{"rendered":"","protected":false},"excerpt":{"rendered":"<p><strong>Darbeye kar\u015f\u0131 dayan\u0131kl\u0131, mukavemeti, ses yal\u0131t\u0131m \u00f6zelli\u011fi artt\u0131r\u0131lm\u0131\u015f \u00f6zel Al\u00e7\u0131pan\u00ae \u00e7e\u015fididir. \u00d6n y\u00fcz\u00fc sar\u0131 ve arka y\u00fcz\u00fc gri renkli ka\u011f\u0131t kapl\u0131d\u0131r.<\/strong><\/p>\n<p><strong>\u00d6zellikleri:<\/strong><\/p>\n<ul>\n<li>Darbe dayan\u0131m\u0131<\/li>\n<li>Temiz ve kolay montaj<\/li>\n<li>Y\u00fcksek de\u011ferde ses yal\u0131t\u0131m\u0131<\/li>\n<li>Daha y\u00fcksek duvarlar<\/li>\n<li>Y\u00fcksek y\u00fck ta\u015f\u0131ma kapasitesi<\/li>\n<li>Artt\u0131r\u0131lm\u0131\u015f y\u00fczey sertli\u011fi<\/li>\n<li>Zaman tasarrufu<\/li>\n<li>Y\u00fcksek y\u00fczey kalitesi<\/li>\n<\/ul>\n<p><strong>Kullan\u0131m Alanlar\u0131:<\/strong><\/p>\n<ul>\n<li>Asma tavan<\/li>\n<li>B\u00f6lme duvar<\/li>\n<li>Duvar giydirme<\/li>\n<\/ul>\n<p><strong>Ebatlar ve Genel \u00d6zellikler:<\/strong><\/p>\n<ul>\n<li>Kal\u0131nl\u0131k: 12,5 \/\/ 15 mm<\/li>\n<li>A\u011f\u0131rl\u0131k: 12,5 &#8211; 13,5 kg\/m2 \/\/ 15 &#8211; 16 kg\/m2<\/li>\n<li>Geni\u015flik: 1200 mm<\/li>\n<li>Uzunluk: 2500 mm<\/li>\n<li>Paketleme: 40 adet\/palet \/\/ 30 adet\/palet<\/li>\n<\/ul>\n<p>\u00dcr\u00fcn Standard\u0131: TS EN 520 + A1 &#8211; Tip DIR<\/p>","protected":false},"featured_media":662,"comment_status":"open","ping_status":"closed","template":"","meta":[],"product_cat":[95,40],"product_tag":[44,97,96,36,47,46,53,43,34,35,39,45,38,72],"class_list":["post-661","product","type-product","status-publish","has-post-thumbnail","hentry","product_cat-alci-plakalar","product_cat-kuruyapi","product_tag-alci","product_tag-alci-plaka","product_tag-alcipan-flex-ultra-fx-ultra","product_tag-astarlar","product_tag-atasehir-knauf","product_tag-atasehir-yapi","product_tag-derz-dolgusu","product_tag-kackar-yapi","product_tag-knauf","product_tag-macunlar","product_tag-yapi","product_tag-yapi-onarim","product_tag-yapi-sistemleri","product_tag-zemin-sistemleri"],"_links":{"self":[{"href":"https:\/\/kackaryapi.com.tr\/en\/wp-json\/wp\/v2\/product\/661","targetHints":{"allow":["GET"]}}],"collection":[{"href":"https:\/\/kackaryapi.com.tr\/en\/wp-json\/wp\/v2\/product"}],"about":[{"href":"https:\/\/kackaryapi.com.tr\/en\/wp-json\/wp\/v2\/types\/product"}],"replies":[{"embeddable":true,"href":"https:\/\/kackaryapi.com.tr\/en\/wp-json\/wp\/v2\/comments?post=661"}],"wp:featuredmedia":[{"embeddable":true,"href":"https:\/\/kackaryapi.com.tr\/en\/wp-json\/wp\/v2\/media\/662"}],"wp:attachment":[{"href":"https:\/\/kackaryapi.com.tr\/en\/wp-json\/wp\/v2\/media?parent=661"}],"wp:term":[{"taxonomy":"product_cat","embeddable":true,"href":"https:\/\/kackaryapi.com.tr\/en\/wp-json\/wp\/v2\/product_cat?post=661"},{"taxonomy":"product_tag","embeddable":true,"href":"https:\/\/kackaryapi.com.tr\/en\/wp-json\/wp\/v2\/product_tag?post=661"}],"curies":[{"name":"wp","href":"https:\/\/api.w.org\/{rel}","templated":true}]}}