{"id":659,"date":"2022-12-18T02:48:16","date_gmt":"2022-12-17T23:48:16","guid":{"rendered":"https:\/\/kackaryapi.com.tr\/?post_type=product&#038;p=659"},"modified":"2022-12-18T02:49:00","modified_gmt":"2022-12-17T23:49:00","slug":"su-yalitim-ortusu","status":"publish","type":"product","link":"https:\/\/kackaryapi.com.tr\/en\/product\/su-yalitim-ortusu\/","title":{"rendered":"Su Yal\u0131t\u0131m \u00d6rt\u00fcs\u00fc"},"content":{"rendered":"","protected":false},"excerpt":{"rendered":"<p><strong>Aquapanel\u00ae, Brio, Vidipan vb. Kuru \u015eap Zemin Sistemlerinde \u0131slak mekanlardakullan\u0131lan su yal\u0131t\u0131m \u00f6rt\u00fcs\u00fcd\u00fcr.<\/strong><\/p>\n<p><strong>Kullan\u0131m Alanlar\u0131:<\/strong><\/p>\n<ul>\n<li>Kuru \u015fap zemin sistemleri<\/li>\n<\/ul>\n<p><strong>Genel \u00d6zellikler:<\/strong><\/p>\n<ul>\n<li>En: 1250 mm \/ Kal\u0131nl\u0131k: 0,9 mm \/ Paketleme: 1 adet\/rulo<\/li>\n<\/ul>","protected":false},"featured_media":660,"comment_status":"open","ping_status":"closed","template":"","meta":[],"product_cat":[40,70],"product_tag":[44,36,47,46,53,43,34,83,35,94,37,93,39,45,38,72],"class_list":["post-659","product","type-product","status-publish","has-post-thumbnail","hentry","product_cat-kuruyapi","product_cat-zemin-sistemleri","product_tag-alci","product_tag-astarlar","product_tag-atasehir-knauf","product_tag-atasehir-yapi","product_tag-derz-dolgusu","product_tag-kackar-yapi","product_tag-knauf","product_tag-knauf-brio","product_tag-macunlar","product_tag-su-yalitim-ortusu","product_tag-toz-alci","product_tag-yalitim-levhasi","product_tag-yapi","product_tag-yapi-onarim","product_tag-yapi-sistemleri","product_tag-zemin-sistemleri"],"_links":{"self":[{"href":"https:\/\/kackaryapi.com.tr\/en\/wp-json\/wp\/v2\/product\/659","targetHints":{"allow":["GET"]}}],"collection":[{"href":"https:\/\/kackaryapi.com.tr\/en\/wp-json\/wp\/v2\/product"}],"about":[{"href":"https:\/\/kackaryapi.com.tr\/en\/wp-json\/wp\/v2\/types\/product"}],"replies":[{"embeddable":true,"href":"https:\/\/kackaryapi.com.tr\/en\/wp-json\/wp\/v2\/comments?post=659"}],"wp:featuredmedia":[{"embeddable":true,"href":"https:\/\/kackaryapi.com.tr\/en\/wp-json\/wp\/v2\/media\/660"}],"wp:attachment":[{"href":"https:\/\/kackaryapi.com.tr\/en\/wp-json\/wp\/v2\/media?parent=659"}],"wp:term":[{"taxonomy":"product_cat","embeddable":true,"href":"https:\/\/kackaryapi.com.tr\/en\/wp-json\/wp\/v2\/product_cat?post=659"},{"taxonomy":"product_tag","embeddable":true,"href":"https:\/\/kackaryapi.com.tr\/en\/wp-json\/wp\/v2\/product_tag?post=659"}],"curies":[{"name":"wp","href":"https:\/\/api.w.org\/{rel}","templated":true}]}}