{"id":657,"date":"2022-12-18T02:46:40","date_gmt":"2022-12-17T23:46:40","guid":{"rendered":"https:\/\/kackaryapi.com.tr\/?post_type=product&#038;p=657"},"modified":"2022-12-18T02:47:30","modified_gmt":"2022-12-17T23:47:30","slug":"mineral-yun-kenar-yalitim-levhasi","status":"publish","type":"product","link":"https:\/\/kackaryapi.com.tr\/en\/product\/mineral-yun-kenar-yalitim-levhasi\/","title":{"rendered":"Mineral Y\u00fcn Kenar Yal\u0131t\u0131m Levhas\u0131"},"content":{"rendered":"","protected":false},"excerpt":{"rendered":"<p><strong>Brio, Vidipan ve Aquapanel\u00ae Kuru \u015eap Zemin Sistemlerinde, ses yal\u0131t\u0131m\u0131 sa\u011flamak amac\u0131 ile, zemin plakalar\u0131 ile duvar aras\u0131nda kullan\u0131lan izolasyon levhas\u0131d\u0131r.<\/strong><\/p>\n<p><strong>Kullan\u0131m Alanlar\u0131:<\/strong><\/p>\n<ul>\n<li>Kuru \u015fap zemin sistemleri<\/li>\n<\/ul>\n<p><strong>Genel \u00d6zellikler:<\/strong><\/p>\n<ul>\n<li>Geni\u015flik: 100 mm \/ Uzunluk: 1200 mm \/ Kal\u0131nl\u0131k: 10 mm<\/li>\n<\/ul>","protected":false},"featured_media":658,"comment_status":"open","ping_status":"closed","template":"","meta":[],"product_cat":[40,70],"product_tag":[44,36,47,46,53,43,34,83,90,35,91,86,37,85,93,39,45,38,92,72],"class_list":["post-657","product","type-product","status-publish","has-post-thumbnail","hentry","product_cat-kuruyapi","product_cat-zemin-sistemleri","product_tag-alci","product_tag-astarlar","product_tag-atasehir-knauf","product_tag-atasehir-yapi","product_tag-derz-dolgusu","product_tag-kackar-yapi","product_tag-knauf","product_tag-knauf-brio","product_tag-kuru-tesviye-sapi","product_tag-macunlar","product_tag-mineral-yun-kenar-yalitim-levhasi","product_tag-tesviye-sapi","product_tag-toz-alci","product_tag-yalitim-bandi","product_tag-yalitim-levhasi","product_tag-yapi","product_tag-yapi-onarim","product_tag-yapi-sistemleri","product_tag-yun-kenar-yalitim-levhasi","product_tag-zemin-sistemleri"],"_links":{"self":[{"href":"https:\/\/kackaryapi.com.tr\/en\/wp-json\/wp\/v2\/product\/657","targetHints":{"allow":["GET"]}}],"collection":[{"href":"https:\/\/kackaryapi.com.tr\/en\/wp-json\/wp\/v2\/product"}],"about":[{"href":"https:\/\/kackaryapi.com.tr\/en\/wp-json\/wp\/v2\/types\/product"}],"replies":[{"embeddable":true,"href":"https:\/\/kackaryapi.com.tr\/en\/wp-json\/wp\/v2\/comments?post=657"}],"wp:featuredmedia":[{"embeddable":true,"href":"https:\/\/kackaryapi.com.tr\/en\/wp-json\/wp\/v2\/media\/658"}],"wp:attachment":[{"href":"https:\/\/kackaryapi.com.tr\/en\/wp-json\/wp\/v2\/media?parent=657"}],"wp:term":[{"taxonomy":"product_cat","embeddable":true,"href":"https:\/\/kackaryapi.com.tr\/en\/wp-json\/wp\/v2\/product_cat?post=657"},{"taxonomy":"product_tag","embeddable":true,"href":"https:\/\/kackaryapi.com.tr\/en\/wp-json\/wp\/v2\/product_tag?post=657"}],"curies":[{"name":"wp","href":"https:\/\/api.w.org\/{rel}","templated":true}]}}