{"id":655,"date":"2022-12-18T02:43:57","date_gmt":"2022-12-17T23:43:57","guid":{"rendered":"https:\/\/kackaryapi.com.tr\/?post_type=product&#038;p=655"},"modified":"2022-12-18T02:44:59","modified_gmt":"2022-12-17T23:44:59","slug":"k437-kuru-tesviye-sapi-knauf-trockenschuttung-pa","status":"publish","type":"product","link":"https:\/\/kackaryapi.com.tr\/en\/product\/k437-kuru-tesviye-sapi-knauf-trockenschuttung-pa\/","title":{"rendered":"K437 Kuru Tesviye \u015eap\u0131 (Knauf Trockensch\u00fcttung PA)"},"content":{"rendered":"","protected":false},"excerpt":{"rendered":"<p><strong>Brio, Vidipan vb. Kuru \u015eap Zemin Sistemlerinde, plakalar\u0131n alt\u0131nda kullan\u0131lan, y\u00fckseklik seviyeleme, yang\u0131n koruma, \u0131s\u0131 ve ses yal\u0131t\u0131m\u0131 sa\u011flayan perlitli dolgu malzemesidir.<\/strong><\/p>\n<p><strong>Kullan\u0131m Alanlar\u0131:<\/strong><\/p>\n<ul>\n<li>Brio<\/li>\n<li>Vidipan zemin<\/li>\n<\/ul>\n<p><strong>Genel \u00d6zellikler:<\/strong><\/p>\n<ul>\n<li>A\u011f\u0131rl\u0131k: 26,5 kg (50 L) \/ Paketleme: 1 adet \/ Raf \u00d6mr\u00fc: 12 ay<\/li>\n<\/ul>","protected":false},"featured_media":656,"comment_status":"open","ping_status":"closed","template":"","meta":[],"product_cat":[40,70],"product_tag":[44,36,47,46,53,89,88,43,34,83,90,35,86,37,85,39,45,38,72],"class_list":["post-655","product","type-product","status-publish","has-post-thumbnail","hentry","product_cat-kuruyapi","product_cat-zemin-sistemleri","product_tag-alci","product_tag-astarlar","product_tag-atasehir-knauf","product_tag-atasehir-yapi","product_tag-derz-dolgusu","product_tag-k437","product_tag-k437-kuru-tesviye-sapi","product_tag-kackar-yapi","product_tag-knauf","product_tag-knauf-brio","product_tag-kuru-tesviye-sapi","product_tag-macunlar","product_tag-tesviye-sapi","product_tag-toz-alci","product_tag-yalitim-bandi","product_tag-yapi","product_tag-yapi-onarim","product_tag-yapi-sistemleri","product_tag-zemin-sistemleri"],"_links":{"self":[{"href":"https:\/\/kackaryapi.com.tr\/en\/wp-json\/wp\/v2\/product\/655","targetHints":{"allow":["GET"]}}],"collection":[{"href":"https:\/\/kackaryapi.com.tr\/en\/wp-json\/wp\/v2\/product"}],"about":[{"href":"https:\/\/kackaryapi.com.tr\/en\/wp-json\/wp\/v2\/types\/product"}],"replies":[{"embeddable":true,"href":"https:\/\/kackaryapi.com.tr\/en\/wp-json\/wp\/v2\/comments?post=655"}],"wp:featuredmedia":[{"embeddable":true,"href":"https:\/\/kackaryapi.com.tr\/en\/wp-json\/wp\/v2\/media\/656"}],"wp:attachment":[{"href":"https:\/\/kackaryapi.com.tr\/en\/wp-json\/wp\/v2\/media?parent=655"}],"wp:term":[{"taxonomy":"product_cat","embeddable":true,"href":"https:\/\/kackaryapi.com.tr\/en\/wp-json\/wp\/v2\/product_cat?post=655"},{"taxonomy":"product_tag","embeddable":true,"href":"https:\/\/kackaryapi.com.tr\/en\/wp-json\/wp\/v2\/product_tag?post=655"}],"curies":[{"name":"wp","href":"https:\/\/api.w.org\/{rel}","templated":true}]}}