{"id":653,"date":"2022-12-18T02:42:18","date_gmt":"2022-12-17T23:42:18","guid":{"rendered":"https:\/\/kackaryapi.com.tr\/?post_type=product&#038;p=653"},"modified":"2022-12-18T02:43:08","modified_gmt":"2022-12-17T23:43:08","slug":"k415-kendinden-tesviye-sapi","status":"publish","type":"product","link":"https:\/\/kackaryapi.com.tr\/en\/product\/k415-kendinden-tesviye-sapi\/","title":{"rendered":"K415 Kendinden Tesviye \u015eap\u0131"},"content":{"rendered":"","protected":false},"excerpt":{"rendered":"<p><strong>Brio Kuru \u015eap Zemin Sistemlerinde, zemin tesviyesinde kullan\u0131lan ince d\u00fczeltme \u015fap\u0131d\u0131r.<\/strong><\/p>\n<p><strong>Kullan\u0131m Alanlar\u0131:<\/strong><\/p>\n<ul>\n<li>Brio<\/li>\n<li>Vidipan zemin<\/li>\n<\/ul>\n<p><strong>Genel \u00d6zellikler:<\/strong><\/p>\n<ul>\n<li>A\u011f\u0131rl\u0131k: 25 kg \/ Paketleme: 1 adet \/ Raf \u00d6mr\u00fc: 18 ay<\/li>\n<\/ul>","protected":false},"featured_media":654,"comment_status":"open","ping_status":"closed","template":"","meta":[],"product_cat":[40,70],"product_tag":[44,36,47,46,53,87,43,34,83,35,86,37,85,39,45,38,72],"class_list":["post-653","product","type-product","status-publish","has-post-thumbnail","hentry","product_cat-kuruyapi","product_cat-zemin-sistemleri","product_tag-alci","product_tag-astarlar","product_tag-atasehir-knauf","product_tag-atasehir-yapi","product_tag-derz-dolgusu","product_tag-k415","product_tag-kackar-yapi","product_tag-knauf","product_tag-knauf-brio","product_tag-macunlar","product_tag-tesviye-sapi","product_tag-toz-alci","product_tag-yalitim-bandi","product_tag-yapi","product_tag-yapi-onarim","product_tag-yapi-sistemleri","product_tag-zemin-sistemleri"],"_links":{"self":[{"href":"https:\/\/kackaryapi.com.tr\/en\/wp-json\/wp\/v2\/product\/653","targetHints":{"allow":["GET"]}}],"collection":[{"href":"https:\/\/kackaryapi.com.tr\/en\/wp-json\/wp\/v2\/product"}],"about":[{"href":"https:\/\/kackaryapi.com.tr\/en\/wp-json\/wp\/v2\/types\/product"}],"replies":[{"embeddable":true,"href":"https:\/\/kackaryapi.com.tr\/en\/wp-json\/wp\/v2\/comments?post=653"}],"wp:featuredmedia":[{"embeddable":true,"href":"https:\/\/kackaryapi.com.tr\/en\/wp-json\/wp\/v2\/media\/654"}],"wp:attachment":[{"href":"https:\/\/kackaryapi.com.tr\/en\/wp-json\/wp\/v2\/media?parent=653"}],"wp:term":[{"taxonomy":"product_cat","embeddable":true,"href":"https:\/\/kackaryapi.com.tr\/en\/wp-json\/wp\/v2\/product_cat?post=653"},{"taxonomy":"product_tag","embeddable":true,"href":"https:\/\/kackaryapi.com.tr\/en\/wp-json\/wp\/v2\/product_tag?post=653"}],"curies":[{"name":"wp","href":"https:\/\/api.w.org\/{rel}","templated":true}]}}