{"id":649,"date":"2022-12-18T02:38:14","date_gmt":"2022-12-17T23:38:14","guid":{"rendered":"https:\/\/kackaryapi.com.tr\/?post_type=product&#038;p=649"},"modified":"2022-12-18T02:39:03","modified_gmt":"2022-12-17T23:39:03","slug":"knauf-brio-plaka-yapistiricisi","status":"publish","type":"product","link":"https:\/\/kackaryapi.com.tr\/en\/product\/knauf-brio-plaka-yapistiricisi\/","title":{"rendered":"Knauf Brio\u00ae Plaka Yap\u0131\u015ft\u0131r\u0131c\u0131s\u0131"},"content":{"rendered":"","protected":false},"excerpt":{"rendered":"<p><strong>Knauf Brio\u00ae Zemin Plakalar\u0131n\u0131 birbirine yap\u0131\u015ft\u0131rmak i\u00e7in plaka kenarlar\u0131na uygulanan suya dayan\u0131kl\u0131 yap\u0131\u015ft\u0131r\u0131c\u0131d\u0131r.<\/strong><\/p>\n<p><strong>Kullan\u0131m Alanlar\u0131:<\/strong><\/p>\n<ul>\n<li>Knauf Brio\u00ae Zemin Plakalar\u0131n\u0131n yap\u0131\u015ft\u0131r\u0131lmas\u0131nda kullan\u0131l\u0131r.<\/li>\n<\/ul>\n<p><strong>Genel \u00d6zellikler:<\/strong><\/p>\n<ul>\n<li>A\u011f\u0131rl\u0131k: 800 gr\/t\u00fcp \/ Paketleme: 1 adet\/t\u00fcp \/ Raf \u00d6mr\u00fc: 12 ay<\/li>\n<\/ul>","protected":false},"featured_media":650,"comment_status":"open","ping_status":"closed","template":"","meta":[],"product_cat":[40,70],"product_tag":[44,36,47,46,53,43,34,83,82,35,37,39,45,38,78,72],"class_list":["post-649","product","type-product","status-publish","has-post-thumbnail","hentry","product_cat-kuruyapi","product_cat-zemin-sistemleri","product_tag-alci","product_tag-astarlar","product_tag-atasehir-knauf","product_tag-atasehir-yapi","product_tag-derz-dolgusu","product_tag-kackar-yapi","product_tag-knauf","product_tag-knauf-brio","product_tag-knauf-brio-plaka-yapistiricisi","product_tag-macunlar","product_tag-toz-alci","product_tag-yapi","product_tag-yapi-onarim","product_tag-yapi-sistemleri","product_tag-yer-sapi-astari","product_tag-zemin-sistemleri"],"_links":{"self":[{"href":"https:\/\/kackaryapi.com.tr\/en\/wp-json\/wp\/v2\/product\/649","targetHints":{"allow":["GET"]}}],"collection":[{"href":"https:\/\/kackaryapi.com.tr\/en\/wp-json\/wp\/v2\/product"}],"about":[{"href":"https:\/\/kackaryapi.com.tr\/en\/wp-json\/wp\/v2\/types\/product"}],"replies":[{"embeddable":true,"href":"https:\/\/kackaryapi.com.tr\/en\/wp-json\/wp\/v2\/comments?post=649"}],"wp:featuredmedia":[{"embeddable":true,"href":"https:\/\/kackaryapi.com.tr\/en\/wp-json\/wp\/v2\/media\/650"}],"wp:attachment":[{"href":"https:\/\/kackaryapi.com.tr\/en\/wp-json\/wp\/v2\/media?parent=649"}],"wp:term":[{"taxonomy":"product_cat","embeddable":true,"href":"https:\/\/kackaryapi.com.tr\/en\/wp-json\/wp\/v2\/product_cat?post=649"},{"taxonomy":"product_tag","embeddable":true,"href":"https:\/\/kackaryapi.com.tr\/en\/wp-json\/wp\/v2\/product_tag?post=649"}],"curies":[{"name":"wp","href":"https:\/\/api.w.org\/{rel}","templated":true}]}}