{"id":647,"date":"2022-12-18T02:36:12","date_gmt":"2022-12-17T23:36:12","guid":{"rendered":"https:\/\/kackaryapi.com.tr\/?post_type=product&#038;p=647"},"modified":"2022-12-18T02:36:57","modified_gmt":"2022-12-17T23:36:57","slug":"brio-vida","status":"publish","type":"product","link":"https:\/\/kackaryapi.com.tr\/en\/product\/brio-vida\/","title":{"rendered":"Brio\u00ae Vida"},"content":{"rendered":"","protected":false},"excerpt":{"rendered":"<p><strong>Brio\u00ae Zemin Plakalar\u0131n\u0131n birbirine tespit edilmesinde kullan\u0131lan hav\u015fa ba\u015fl\u0131 vidad\u0131r.<\/strong><\/p>\n<p><strong>Kullan\u0131m Alanlar\u0131:<\/strong><\/p>\n<ul>\n<li>Knauf Brio\u00ae kuru \u015fap zemin uygulamalar\u0131<\/li>\n<\/ul>\n<p><strong>Genel \u00d6zellikler:<\/strong><\/p>\n<ul>\n<li>Boy: 17 mm \/ A\u011f\u0131rl\u0131k: 0,65 kg\/kutu \/ Paketleme: 500 adet\/kutu<\/li>\n<li>Boy: 22 mm \/ A\u011f\u0131rl\u0131k: 0,76 kg\/kutu \/ Paketleme: 500 adet\/kutu<\/li>\n<\/ul>\n<p>\u00dcr\u00fcn Standard\u0131: EN 14566<\/p>","protected":false},"featured_media":648,"comment_status":"open","ping_status":"closed","template":"","meta":[],"product_cat":[40,70],"product_tag":[44,36,47,46,80,79,53,43,34,35,37,81,75,74,39,45,38,78,72],"class_list":["post-647","product","type-product","status-publish","has-post-thumbnail","hentry","product_cat-kuruyapi","product_cat-zemin-sistemleri","product_tag-alci","product_tag-astarlar","product_tag-atasehir-knauf","product_tag-atasehir-yapi","product_tag-brio","product_tag-brio-vida","product_tag-derz-dolgusu","product_tag-kackar-yapi","product_tag-knauf","product_tag-macunlar","product_tag-toz-alci","product_tag-vida","product_tag-vidipan","product_tag-vidipan-zemin-plakasi","product_tag-yapi","product_tag-yapi-onarim","product_tag-yapi-sistemleri","product_tag-yer-sapi-astari","product_tag-zemin-sistemleri"],"_links":{"self":[{"href":"https:\/\/kackaryapi.com.tr\/en\/wp-json\/wp\/v2\/product\/647","targetHints":{"allow":["GET"]}}],"collection":[{"href":"https:\/\/kackaryapi.com.tr\/en\/wp-json\/wp\/v2\/product"}],"about":[{"href":"https:\/\/kackaryapi.com.tr\/en\/wp-json\/wp\/v2\/types\/product"}],"replies":[{"embeddable":true,"href":"https:\/\/kackaryapi.com.tr\/en\/wp-json\/wp\/v2\/comments?post=647"}],"wp:featuredmedia":[{"embeddable":true,"href":"https:\/\/kackaryapi.com.tr\/en\/wp-json\/wp\/v2\/media\/648"}],"wp:attachment":[{"href":"https:\/\/kackaryapi.com.tr\/en\/wp-json\/wp\/v2\/media?parent=647"}],"wp:term":[{"taxonomy":"product_cat","embeddable":true,"href":"https:\/\/kackaryapi.com.tr\/en\/wp-json\/wp\/v2\/product_cat?post=647"},{"taxonomy":"product_tag","embeddable":true,"href":"https:\/\/kackaryapi.com.tr\/en\/wp-json\/wp\/v2\/product_tag?post=647"}],"curies":[{"name":"wp","href":"https:\/\/api.w.org\/{rel}","templated":true}]}}