{"id":644,"date":"2022-12-18T02:34:07","date_gmt":"2022-12-17T23:34:07","guid":{"rendered":"https:\/\/kackaryapi.com.tr\/?post_type=product&#038;p=644"},"modified":"2022-12-18T02:34:59","modified_gmt":"2022-12-17T23:34:59","slug":"estrichgrund-yer-sapi-astari","status":"publish","type":"product","link":"https:\/\/kackaryapi.com.tr\/en\/product\/estrichgrund-yer-sapi-astari\/","title":{"rendered":"Estrichgrund Yer \u015eap\u0131 Astar\u0131"},"content":{"rendered":"","protected":false},"excerpt":{"rendered":"<p><strong>Zemin sistemlerinde aderans art\u0131rmak i\u00e7in kullan\u0131lan, re\u00e7ine bazl\u0131, alkali dayan\u0131ml\u0131 astard\u0131r.<\/strong><\/p>\n<p><strong>\u00d6zellikler:<\/strong><\/p>\n<ul>\n<li>\u0130\u00e7 cephe uygulamalar\u0131<\/li>\n<li>D\u00fc\u015f\u00fck emisyon de\u011feri, EMICODE EC 1PLUS (\u00a0<a class=\"link external\" href=\"http:\/\/www.emicode.com\/en\" target=\"_blank\" rel=\"noopener\">www.emicode.com\/en<\/a>\u00a0)<\/li>\n<li>Solventsiz<\/li>\n<li>Y\u00fczey emilimini d\u00fczenler<\/li>\n<li>Ye\u015fil pigmentli<\/li>\n<li>El ile uygulama<\/li>\n<\/ul>\n<p><strong>Kullan\u0131m Alanlar\u0131:<\/strong><\/p>\n<ul>\n<li>\u0130\u00e7 cephede kuru zemin \u015fap\u0131 (Brio vb.) veya kalsiyum s\u00fclfat bazl\u0131 (Tribon vb.) \u015faplar ve di\u011fer mineral bazl\u0131 y\u00fczeyler \u00fczerine uygulanabilir.<\/li>\n<li>Do\u011frudan beton ya da \u00e7imento bazl\u0131 \u015fap \u00fczerine kalsiyum s\u00fclfat bazl\u0131 (Tribon vb.) ya da seramik uygulamadan \u00f6nce uygulan\u0131r.<\/li>\n<\/ul>\n<p><strong>Genel \u00d6zellikler:<\/strong><\/p>\n<ul>\n<li>A\u011f\u0131rl\u0131k: 5 &#8211; 10 kg \/ Paketleme: 60 &#8211; 36 kova\/palet \/ Raf \u00d6mr\u00fc: 12 ay<\/li>\n<\/ul>","protected":false},"featured_media":645,"comment_status":"open","ping_status":"closed","template":"","meta":[],"product_cat":[40,70],"product_tag":[44,36,47,46,53,77,76,43,34,35,37,75,74,39,45,38,78,72],"class_list":["post-644","product","type-product","status-publish","has-post-thumbnail","hentry","product_cat-kuruyapi","product_cat-zemin-sistemleri","product_tag-alci","product_tag-astarlar","product_tag-atasehir-knauf","product_tag-atasehir-yapi","product_tag-derz-dolgusu","product_tag-estrichgrund","product_tag-estrichgrund-yer-sapi-astari","product_tag-kackar-yapi","product_tag-knauf","product_tag-macunlar","product_tag-toz-alci","product_tag-vidipan","product_tag-vidipan-zemin-plakasi","product_tag-yapi","product_tag-yapi-onarim","product_tag-yapi-sistemleri","product_tag-yer-sapi-astari","product_tag-zemin-sistemleri"],"_links":{"self":[{"href":"https:\/\/kackaryapi.com.tr\/en\/wp-json\/wp\/v2\/product\/644","targetHints":{"allow":["GET"]}}],"collection":[{"href":"https:\/\/kackaryapi.com.tr\/en\/wp-json\/wp\/v2\/product"}],"about":[{"href":"https:\/\/kackaryapi.com.tr\/en\/wp-json\/wp\/v2\/types\/product"}],"replies":[{"embeddable":true,"href":"https:\/\/kackaryapi.com.tr\/en\/wp-json\/wp\/v2\/comments?post=644"}],"wp:featuredmedia":[{"embeddable":true,"href":"https:\/\/kackaryapi.com.tr\/en\/wp-json\/wp\/v2\/media\/645"}],"wp:attachment":[{"href":"https:\/\/kackaryapi.com.tr\/en\/wp-json\/wp\/v2\/media?parent=644"}],"wp:term":[{"taxonomy":"product_cat","embeddable":true,"href":"https:\/\/kackaryapi.com.tr\/en\/wp-json\/wp\/v2\/product_cat?post=644"},{"taxonomy":"product_tag","embeddable":true,"href":"https:\/\/kackaryapi.com.tr\/en\/wp-json\/wp\/v2\/product_tag?post=644"}],"curies":[{"name":"wp","href":"https:\/\/api.w.org\/{rel}","templated":true}]}}