{"id":641,"date":"2022-12-18T02:31:14","date_gmt":"2022-12-17T23:31:14","guid":{"rendered":"https:\/\/kackaryapi.com.tr\/?post_type=product&#038;p=641"},"modified":"2025-05-28T22:56:33","modified_gmt":"2025-05-28T19:56:33","slug":"vidipan-zemin-plakasi","status":"publish","type":"product","link":"https:\/\/kackaryapi.com.tr\/en\/product\/vidipan-zemin-plakasi\/","title":{"rendered":"Vidipan\u00ae Zemin Plakas\u0131"},"content":{"rendered":"","protected":false},"excerpt":{"rendered":"<p><strong>Y\u00fcksek de\u011ferlerde ses yal\u0131t\u0131m\u0131 sa\u011flayan, fiber al\u00e7\u0131 teknolojisi ile \u00fcretilen, sel\u00fcloz katk\u0131l\u0131 \u00f6zel Al\u00e7\u0131pan\u00ae \u00e7e\u015fididir.<\/strong><\/p>\n<p><strong>\u00d6zellikler:<\/strong><\/p>\n<ul>\n<li>Neme dayan\u0131m<\/li>\n<li>Yerden \u0131s\u0131tma sistemleri i\u00e7in uygun<\/li>\n<li>Y\u00fcksek \u0131s\u0131 ve ses yal\u0131t\u0131m\u0131<\/li>\n<li>Temiz ve kolay montaj<\/li>\n<li>Zaman tasarrufu<\/li>\n<li>Y\u00fcksek y\u00fczey kalitesi<\/li>\n<\/ul>\n<p><strong>Kullan\u0131m Alanlar\u0131 :<\/strong><\/p>\n<ul>\n<li>Kuru \u015fap zemin uygulamalar\u0131<\/li>\n<\/ul>\n<p><strong>Ebatlar ve Genel \u00d6zellikler:<\/strong><\/p>\n<ul>\n<li>Kal\u0131nl\u0131k: 10 mm \/ A\u011f\u0131rl\u0131k: 12 kg\/m2 \/ Geni\u015flik: 1000 mm\/ Uzunluk: 1500 mm \/ Paketleme: 70 adet\/palet<\/li>\n<li>Kal\u0131nl\u0131k: 12,5 mm \/ A\u011f\u0131rl\u0131k: 15 kg\/m2 \/ Geni\u015flik: 1000 mm \/ Uzunluk: 1500 mm \/ Paketleme: 60 adet\/palet<\/li>\n<li>Kal\u0131nl\u0131k: 18 mm \/ A\u011f\u0131rl\u0131k: 23 kg\/m2 \/ Geni\u015flik: 600 mm \/ Uzunluk: 1200 mm \/ Paketleme: 40 adet\/palet<\/li>\n<\/ul>\n<p>\u00dcr\u00fcn Standard\u0131: EN 15283 &#8211; 2 GF &#8211; W2<\/p>","protected":false},"featured_media":642,"comment_status":"open","ping_status":"closed","template":"","meta":[],"product_cat":[40,70],"product_tag":[44,36,47,46,53,43,34,35,37,75,74,39,45,38,72],"class_list":["post-641","product","type-product","status-publish","has-post-thumbnail","hentry","product_cat-kuruyapi","product_cat-zemin-sistemleri","product_tag-alci","product_tag-astarlar","product_tag-atasehir-knauf","product_tag-atasehir-yapi","product_tag-derz-dolgusu","product_tag-kackar-yapi","product_tag-knauf","product_tag-macunlar","product_tag-toz-alci","product_tag-vidipan","product_tag-vidipan-zemin-plakasi","product_tag-yapi","product_tag-yapi-onarim","product_tag-yapi-sistemleri","product_tag-zemin-sistemleri"],"_links":{"self":[{"href":"https:\/\/kackaryapi.com.tr\/en\/wp-json\/wp\/v2\/product\/641","targetHints":{"allow":["GET"]}}],"collection":[{"href":"https:\/\/kackaryapi.com.tr\/en\/wp-json\/wp\/v2\/product"}],"about":[{"href":"https:\/\/kackaryapi.com.tr\/en\/wp-json\/wp\/v2\/types\/product"}],"replies":[{"embeddable":true,"href":"https:\/\/kackaryapi.com.tr\/en\/wp-json\/wp\/v2\/comments?post=641"}],"wp:featuredmedia":[{"embeddable":true,"href":"https:\/\/kackaryapi.com.tr\/en\/wp-json\/wp\/v2\/media\/642"}],"wp:attachment":[{"href":"https:\/\/kackaryapi.com.tr\/en\/wp-json\/wp\/v2\/media?parent=641"}],"wp:term":[{"taxonomy":"product_cat","embeddable":true,"href":"https:\/\/kackaryapi.com.tr\/en\/wp-json\/wp\/v2\/product_cat?post=641"},{"taxonomy":"product_tag","embeddable":true,"href":"https:\/\/kackaryapi.com.tr\/en\/wp-json\/wp\/v2\/product_tag?post=641"}],"curies":[{"name":"wp","href":"https:\/\/api.w.org\/{rel}","templated":true}]}}