{"id":640,"date":"2022-12-18T02:29:17","date_gmt":"2022-12-17T23:29:17","guid":{"rendered":"https:\/\/kackaryapi.com.tr\/?post_type=product&#038;p=640"},"modified":"2022-12-18T02:29:43","modified_gmt":"2022-12-17T23:29:43","slug":"knauf-tribon-thin","status":"publish","type":"product","link":"https:\/\/kackaryapi.com.tr\/en\/product\/knauf-tribon-thin\/","title":{"rendered":"Knauf Tribon\u00ae Thin"},"content":{"rendered":"","protected":false},"excerpt":{"rendered":"<p><strong>\u0130\u00e7 mekanlarda makine ve el ile 1-10 mm kal\u0131nl\u0131klarda uygulanabilen, genel ama\u00e7l\u0131, kalsiyum s\u00fclfat bazl\u0131, kendinden yay\u0131lan haz\u0131r tesviye \u015fap\u0131d\u0131r.<\/strong><\/p>\n<p><strong>Kullan\u0131m Alanlar\u0131:<\/strong><\/p>\n<ul>\n<li>\u0130\u00e7 mekanlarda zemin \u00fczerine, minimum kal\u0131nl\u0131k istenilen zeminlerde, yerden \u0131s\u0131tma sistemi uygulanan zeminlerde, kompozit bir seviyeleyici olarak beton y\u00fczeyler, al\u00e7\u0131 ve \u00e7imento bazl\u0131 y\u00fczeyler ve \u015fap \u00fczerine uygulan\u0131r.<\/li>\n<li>\u0130\u00e7 mekanlarda konut tipi mutfak, banyo, kiler gibi normal nem d\u00fczeyine sahip alanlarda da kullan\u0131lmas\u0131 uygundur. Direkt su gelecek du\u015f, banyo vb. alanlarda \u015fap \u00fczerine su yal\u0131t\u0131m\u0131 yap\u0131lmal\u0131d\u0131r.<\/li>\n<li>Sauna, hamam, kapal\u0131 y\u00fczme havuzu vb. alanlarda kullan\u0131ma uygun de\u011fildir.<\/li>\n<\/ul>\n<p><strong>Uygulama Kal\u0131nl\u0131klar\u0131<\/strong><\/p>\n<ul>\n<li>Do\u011frudan alt zemin \u00fczerine 1-10 mm<\/li>\n<li>Parke alt\u0131 en az 3 mm<\/li>\n<\/ul>\n<p><strong>\u00d6zellikleri:<\/strong><\/p>\n<ul>\n<li>Y\u00fcksek \u0131s\u0131 iletkenli\u011fi<\/li>\n<li>El ve makine ile uygulama<\/li>\n<li>Kendili\u011finden yay\u0131labilme<\/li>\n<li>Boyutsal kararl\u0131l\u0131k<\/li>\n<li>Y\u00fcksek mukavemet<\/li>\n<li>D\u00fczg\u00fcn y\u00fczey<\/li>\n<li>Hal\u0131, fayans, laminat, ah\u015fap, parke, PVC gibi kaplama malzemelerine ek i\u015flem gerektirmeyen uygulama<\/li>\n<\/ul>\n<p><strong>Malzeme Sarfiyat\u0131:<\/strong><\/p>\n<ul>\n<li>Knauf Tribon\u00ae Thin (10 mm i\u00e7in): 16 kg\/m2<\/li>\n<\/ul>\n<p><strong>Paketleme:<\/strong><\/p>\n<ul>\n<li>A\u011f\u0131rl\u0131k : 30 Kg<\/li>\n<li>Paketleme: 48 torba\/palet<\/li>\n<\/ul>\n<p>TS EN 13813 CA-C20-F5<\/p>","protected":false},"featured_media":638,"comment_status":"open","ping_status":"closed","template":"","meta":[],"product_cat":[40,70],"product_tag":[44,36,47,46,53,43,34,71,73,35,37,39,45,38,72],"class_list":["post-640","product","type-product","status-publish","has-post-thumbnail","hentry","product_cat-kuruyapi","product_cat-zemin-sistemleri","product_tag-alci","product_tag-astarlar","product_tag-atasehir-knauf","product_tag-atasehir-yapi","product_tag-derz-dolgusu","product_tag-kackar-yapi","product_tag-knauf","product_tag-knauf-tribon","product_tag-knauf-tribon-thin","product_tag-macunlar","product_tag-toz-alci","product_tag-yapi","product_tag-yapi-onarim","product_tag-yapi-sistemleri","product_tag-zemin-sistemleri"],"_links":{"self":[{"href":"https:\/\/kackaryapi.com.tr\/en\/wp-json\/wp\/v2\/product\/640","targetHints":{"allow":["GET"]}}],"collection":[{"href":"https:\/\/kackaryapi.com.tr\/en\/wp-json\/wp\/v2\/product"}],"about":[{"href":"https:\/\/kackaryapi.com.tr\/en\/wp-json\/wp\/v2\/types\/product"}],"replies":[{"embeddable":true,"href":"https:\/\/kackaryapi.com.tr\/en\/wp-json\/wp\/v2\/comments?post=640"}],"wp:featuredmedia":[{"embeddable":true,"href":"https:\/\/kackaryapi.com.tr\/en\/wp-json\/wp\/v2\/media\/638"}],"wp:attachment":[{"href":"https:\/\/kackaryapi.com.tr\/en\/wp-json\/wp\/v2\/media?parent=640"}],"wp:term":[{"taxonomy":"product_cat","embeddable":true,"href":"https:\/\/kackaryapi.com.tr\/en\/wp-json\/wp\/v2\/product_cat?post=640"},{"taxonomy":"product_tag","embeddable":true,"href":"https:\/\/kackaryapi.com.tr\/en\/wp-json\/wp\/v2\/product_tag?post=640"}],"curies":[{"name":"wp","href":"https:\/\/api.w.org\/{rel}","templated":true}]}}