{"id":635,"date":"2022-12-18T02:20:51","date_gmt":"2022-12-17T23:20:51","guid":{"rendered":"https:\/\/kackaryapi.com.tr\/?post_type=product&#038;p=635"},"modified":"2026-04-06T21:58:31","modified_gmt":"2026-04-06T18:58:31","slug":"fireboard-derz-dolgusu","status":"publish","type":"product","link":"https:\/\/kackaryapi.com.tr\/en\/product\/fireboard-derz-dolgusu\/","title":{"rendered":"Fireboard\u00ae Derz Dolgusu"},"content":{"rendered":"","protected":false},"excerpt":{"rendered":"<p><strong>Fireboard\u00ae plakalar\u0131n birle\u015fim yerlerinde kullan\u0131lan, al\u00e7\u0131 bazl\u0131 ve yang\u0131n dayan\u0131m\u0131na uygun katk\u0131 malzemeleri i\u00e7eren derz dolgusudur.<\/strong><\/p>\n<p><strong>\u00d6zellikler:<\/strong><\/p>\n<ul>\n<li>Toz \u015feklinde kar\u0131\u015f\u0131ma haz\u0131r<\/li>\n<li>G\u00fc\u00e7l\u00fc aderans<\/li>\n<li>Al\u00e7\u0131 bazl\u0131<\/li>\n<li>Artt\u0131r\u0131lm\u0131\u015f su iticilik<\/li>\n<\/ul>\n<p><strong>Kullan\u0131m Alanlar\u0131:<\/strong><\/p>\n<ul>\n<li>Fireboard\u00ae derzlerinin cam elyafl\u0131 derz band\u0131 (Fireboard\u00ae Derz Band\u0131) ile derz dolgusu yap\u0131lmas\u0131 ve plakalar\u0131n tam y\u00fczeyli s\u0131vanmas\u0131 i\u015fleminde kullan\u0131l\u0131r.<\/li>\n<\/ul>\n<p><strong>Ebatlar ve Genel \u00d6zellikler:<\/strong><\/p>\n<ul>\n<li>A\u011f\u0131rl\u0131k: 20 kg<\/li>\n<li>Paketleme: 42 torba \/ palet<\/li>\n<li>Raf \u00d6mr\u00fc: 6 ay<\/li>\n<\/ul>\n<p>\u00dcr\u00fcn Standard\u0131: EN 13963<\/p>","protected":false},"featured_media":636,"comment_status":"open","ping_status":"closed","template":"","meta":[],"product_cat":[32],"product_tag":[44,36,47,46,53,69,43,34,35,37,39,45,38],"class_list":["post-635","product","type-product","status-publish","has-post-thumbnail","hentry","product_cat-macunlar-astarlar-toz-alci","product_tag-alci","product_tag-astarlar","product_tag-atasehir-knauf","product_tag-atasehir-yapi","product_tag-derz-dolgusu","product_tag-fireboard-derz-dolgusu","product_tag-kackar-yapi","product_tag-knauf","product_tag-macunlar","product_tag-toz-alci","product_tag-yapi","product_tag-yapi-onarim","product_tag-yapi-sistemleri"],"_links":{"self":[{"href":"https:\/\/kackaryapi.com.tr\/en\/wp-json\/wp\/v2\/product\/635","targetHints":{"allow":["GET"]}}],"collection":[{"href":"https:\/\/kackaryapi.com.tr\/en\/wp-json\/wp\/v2\/product"}],"about":[{"href":"https:\/\/kackaryapi.com.tr\/en\/wp-json\/wp\/v2\/types\/product"}],"replies":[{"embeddable":true,"href":"https:\/\/kackaryapi.com.tr\/en\/wp-json\/wp\/v2\/comments?post=635"}],"wp:featuredmedia":[{"embeddable":true,"href":"https:\/\/kackaryapi.com.tr\/en\/wp-json\/wp\/v2\/media\/636"}],"wp:attachment":[{"href":"https:\/\/kackaryapi.com.tr\/en\/wp-json\/wp\/v2\/media?parent=635"}],"wp:term":[{"taxonomy":"product_cat","embeddable":true,"href":"https:\/\/kackaryapi.com.tr\/en\/wp-json\/wp\/v2\/product_cat?post=635"},{"taxonomy":"product_tag","embeddable":true,"href":"https:\/\/kackaryapi.com.tr\/en\/wp-json\/wp\/v2\/product_tag?post=635"}],"curies":[{"name":"wp","href":"https:\/\/api.w.org\/{rel}","templated":true}]}}