{"id":633,"date":"2022-12-18T02:19:43","date_gmt":"2022-12-17T23:19:43","guid":{"rendered":"https:\/\/kackaryapi.com.tr\/?post_type=product&#038;p=633"},"modified":"2025-05-27T20:26:24","modified_gmt":"2025-05-27T17:26:24","slug":"uniflott","status":"publish","type":"product","link":"https:\/\/kackaryapi.com.tr\/en\/product\/uniflott\/","title":{"rendered":"Uniflott"},"content":{"rendered":"","protected":false},"excerpt":{"rendered":"<p><strong>Al\u00e7\u0131pan\u00ae \u00e7e\u015fitlerinin birle\u015fim yerlerindeki derzlerin doldurulmas\u0131nda kullan\u0131lan esnek derz dolgu al\u00e7\u0131s\u0131d\u0131r.<\/strong><\/p>\n<p><strong>\u00d6zellikler:<\/strong><\/p>\n<ul>\n<li>Esneklik<\/li>\n<li>Y\u00fcksek \u00e7atlama direnci<\/li>\n<li>Y\u00fcksek aderans<\/li>\n<li>H\u0131zl\u0131 kuruma<\/li>\n<li>Derz dolgu makinesi ile uygulanabilme<\/li>\n<li>Az b\u00fcz\u00fc\u015fme<\/li>\n<\/ul>\n<p><strong>Kullan\u0131m Alanlar\u0131:<\/strong><\/p>\n<ul>\n<li>Al\u00e7\u0131pan\u00ae birle\u015fim yerlerindeki derzlerin doldurulmas\u0131nda<\/li>\n<li>Cleaneo\u00ae Akustik Al\u00e7\u0131pan\u00ae birle\u015fim derzlerinde (derz bants\u0131z uygulama)<\/li>\n<li>Brio ve Vidipan zemin plakalar\u0131nda<\/li>\n<\/ul>\n<p><strong>Ebatlar ve Genel \u00d6zellikler:<\/strong><\/p>\n<ul>\n<li>A\u011f\u0131rl\u0131k: 25 kg &#8211; 5 kg<\/li>\n<li>Paketleme: 42 torba \/ palet &#8211; 200 torba \/ palet<\/li>\n<li>Raf \u00d6mr\u00fc: 6 ay<\/li>\n<\/ul>\n<p>\u00dcr\u00fcn Standard\u0131: 4B &#8211; EN 13963: Al\u00e7\u0131 levhalar i\u00e7in derz malzemesi<\/p>","protected":false},"featured_media":634,"comment_status":"open","ping_status":"closed","template":"","meta":[],"product_cat":[32],"product_tag":[44,36,47,46,53,43,34,35,37,68,39,45,38],"class_list":["post-633","product","type-product","status-publish","has-post-thumbnail","hentry","product_cat-macunlar-astarlar-toz-alci","product_tag-alci","product_tag-astarlar","product_tag-atasehir-knauf","product_tag-atasehir-yapi","product_tag-derz-dolgusu","product_tag-kackar-yapi","product_tag-knauf","product_tag-macunlar","product_tag-toz-alci","product_tag-uniflott","product_tag-yapi","product_tag-yapi-onarim","product_tag-yapi-sistemleri"],"_links":{"self":[{"href":"https:\/\/kackaryapi.com.tr\/en\/wp-json\/wp\/v2\/product\/633","targetHints":{"allow":["GET"]}}],"collection":[{"href":"https:\/\/kackaryapi.com.tr\/en\/wp-json\/wp\/v2\/product"}],"about":[{"href":"https:\/\/kackaryapi.com.tr\/en\/wp-json\/wp\/v2\/types\/product"}],"replies":[{"embeddable":true,"href":"https:\/\/kackaryapi.com.tr\/en\/wp-json\/wp\/v2\/comments?post=633"}],"wp:featuredmedia":[{"embeddable":true,"href":"https:\/\/kackaryapi.com.tr\/en\/wp-json\/wp\/v2\/media\/634"}],"wp:attachment":[{"href":"https:\/\/kackaryapi.com.tr\/en\/wp-json\/wp\/v2\/media?parent=633"}],"wp:term":[{"taxonomy":"product_cat","embeddable":true,"href":"https:\/\/kackaryapi.com.tr\/en\/wp-json\/wp\/v2\/product_cat?post=633"},{"taxonomy":"product_tag","embeddable":true,"href":"https:\/\/kackaryapi.com.tr\/en\/wp-json\/wp\/v2\/product_tag?post=633"}],"curies":[{"name":"wp","href":"https:\/\/api.w.org\/{rel}","templated":true}]}}