{"id":631,"date":"2022-12-18T02:18:36","date_gmt":"2022-12-17T23:18:36","guid":{"rendered":"https:\/\/kackaryapi.com.tr\/?post_type=product&#038;p=631"},"modified":"2024-11-04T09:42:34","modified_gmt":"2024-11-04T06:42:34","slug":"tamirgips","status":"publish","type":"product","link":"https:\/\/kackaryapi.com.tr\/en\/product\/tamirgips\/","title":{"rendered":"Tamirgips\u00ae"},"content":{"rendered":"","protected":false},"excerpt":{"rendered":"<p><strong>Al\u00e7\u0131 y\u00fczeylerdeki tamiratlar i\u00e7in s\u0131va uygulanmas\u0131nda kullan\u0131lan tamir al\u00e7\u0131s\u0131d\u0131r.<\/strong><\/p>\n<p><strong>\u00d6zellikler:<\/strong><\/p>\n<ul>\n<li>Kolay ve h\u0131zl\u0131 uygulama<\/li>\n<\/ul>\n<p><strong>Kullan\u0131m Alanlar\u0131:<\/strong><\/p>\n<ul>\n<li>Al\u00e7\u0131 y\u00fczey tamiratlar\u0131<\/li>\n<\/ul>\n<p><strong>Ebatlar ve Genel \u00d6zellikler:<\/strong><\/p>\n<ul>\n<li>A\u011f\u0131rl\u0131k: 3 kg<\/li>\n<li>Paketleme: 1 adet \/ torba<\/li>\n<li>Raf \u00d6mr\u00fc: 6 ay<\/li>\n<\/ul>\n<p>\u00dcr\u00fcn Standard\u0131: TS EN 13279<\/p>","protected":false},"featured_media":632,"comment_status":"open","ping_status":"closed","template":"","meta":[],"product_cat":[32],"product_tag":[44,36,47,46,53,67,43,34,35,37,39,45,38],"class_list":["post-631","product","type-product","status-publish","has-post-thumbnail","hentry","product_cat-macunlar-astarlar-toz-alci","product_tag-alci","product_tag-astarlar","product_tag-atasehir-knauf","product_tag-atasehir-yapi","product_tag-derz-dolgusu","product_tag-fugagips","product_tag-kackar-yapi","product_tag-knauf","product_tag-macunlar","product_tag-toz-alci","product_tag-yapi","product_tag-yapi-onarim","product_tag-yapi-sistemleri"],"_links":{"self":[{"href":"https:\/\/kackaryapi.com.tr\/en\/wp-json\/wp\/v2\/product\/631","targetHints":{"allow":["GET"]}}],"collection":[{"href":"https:\/\/kackaryapi.com.tr\/en\/wp-json\/wp\/v2\/product"}],"about":[{"href":"https:\/\/kackaryapi.com.tr\/en\/wp-json\/wp\/v2\/types\/product"}],"replies":[{"embeddable":true,"href":"https:\/\/kackaryapi.com.tr\/en\/wp-json\/wp\/v2\/comments?post=631"}],"wp:featuredmedia":[{"embeddable":true,"href":"https:\/\/kackaryapi.com.tr\/en\/wp-json\/wp\/v2\/media\/632"}],"wp:attachment":[{"href":"https:\/\/kackaryapi.com.tr\/en\/wp-json\/wp\/v2\/media?parent=631"}],"wp:term":[{"taxonomy":"product_cat","embeddable":true,"href":"https:\/\/kackaryapi.com.tr\/en\/wp-json\/wp\/v2\/product_cat?post=631"},{"taxonomy":"product_tag","embeddable":true,"href":"https:\/\/kackaryapi.com.tr\/en\/wp-json\/wp\/v2\/product_tag?post=631"}],"curies":[{"name":"wp","href":"https:\/\/api.w.org\/{rel}","templated":true}]}}