{"id":629,"date":"2022-12-18T02:17:02","date_gmt":"2022-12-17T23:17:02","guid":{"rendered":"https:\/\/kackaryapi.com.tr\/?post_type=product&#038;p=629"},"modified":"2022-12-18T02:17:52","modified_gmt":"2022-12-17T23:17:52","slug":"fugagips","status":"publish","type":"product","link":"https:\/\/kackaryapi.com.tr\/en\/product\/fugagips\/","title":{"rendered":"Fugagips\u00ae"},"content":{"rendered":"","protected":false},"excerpt":{"rendered":"<p><strong>Al\u00e7\u0131pan\u00ae \u00e7e\u015fitlerinin birle\u015fim yerlerindeki derzlerin doldurulmas\u0131nda kullan\u0131lan derzdolgu al\u00e7\u0131s\u0131d\u0131r.<\/strong><\/p>\n<p><strong>\u00d6zellikler:<\/strong><\/p>\n<ul>\n<li>Kolay uygulama<\/li>\n<li>Y\u00fcksek aderans<\/li>\n<li>Uzat\u0131lm\u0131\u015f \u00e7al\u0131\u015fma s\u00fcresi<\/li>\n<\/ul>\n<p><strong>Kullan\u0131m Alanlar\u0131:<\/strong><\/p>\n<ul>\n<li>Al\u00e7\u0131pan\u00ae birle\u015fim yerlerindeki derzlerin doldurulmas\u0131nda kullan\u0131lan ve Al\u00e7\u0131pan\u00ae y\u00fczeylerde eksiz bir g\u00f6r\u00fcn\u00fcm sa\u011flayan \u00f6zel derz dolgu al\u00e7\u0131s\u0131d\u0131r. K\u00f6\u015fe profillerinin tutturulmas\u0131nda ve tamiratlarda da kullan\u0131labilir.<\/li>\n<\/ul>\n<p><strong>Ebatlar ve Genel \u00d6zellikler:<\/strong><\/p>\n<ul>\n<li>A\u011f\u0131rl\u0131k: 25 kg &#8211; 3kg<\/li>\n<li>Paketleme: 60 torba \/ palet &#8211; 180 torba \/ palet<\/li>\n<li>Raf \u00d6mr\u00fc: 6 ay<\/li>\n<\/ul>\n<p>\u00dcr\u00fcn Standard\u0131: TS EN 13963 &#8211; 3B : Al\u00e7\u0131 levhalar i\u00e7in derz malzemesi<\/p>","protected":false},"featured_media":630,"comment_status":"open","ping_status":"closed","template":"","meta":[],"product_cat":[32],"product_tag":[44,36,47,46,53,67,43,34,35,37,39,45,38],"class_list":["post-629","product","type-product","status-publish","has-post-thumbnail","hentry","product_cat-macunlar-astarlar-toz-alci","product_tag-alci","product_tag-astarlar","product_tag-atasehir-knauf","product_tag-atasehir-yapi","product_tag-derz-dolgusu","product_tag-fugagips","product_tag-kackar-yapi","product_tag-knauf","product_tag-macunlar","product_tag-toz-alci","product_tag-yapi","product_tag-yapi-onarim","product_tag-yapi-sistemleri"],"_links":{"self":[{"href":"https:\/\/kackaryapi.com.tr\/en\/wp-json\/wp\/v2\/product\/629","targetHints":{"allow":["GET"]}}],"collection":[{"href":"https:\/\/kackaryapi.com.tr\/en\/wp-json\/wp\/v2\/product"}],"about":[{"href":"https:\/\/kackaryapi.com.tr\/en\/wp-json\/wp\/v2\/types\/product"}],"replies":[{"embeddable":true,"href":"https:\/\/kackaryapi.com.tr\/en\/wp-json\/wp\/v2\/comments?post=629"}],"wp:featuredmedia":[{"embeddable":true,"href":"https:\/\/kackaryapi.com.tr\/en\/wp-json\/wp\/v2\/media\/630"}],"wp:attachment":[{"href":"https:\/\/kackaryapi.com.tr\/en\/wp-json\/wp\/v2\/media?parent=629"}],"wp:term":[{"taxonomy":"product_cat","embeddable":true,"href":"https:\/\/kackaryapi.com.tr\/en\/wp-json\/wp\/v2\/product_cat?post=629"},{"taxonomy":"product_tag","embeddable":true,"href":"https:\/\/kackaryapi.com.tr\/en\/wp-json\/wp\/v2\/product_tag?post=629"}],"curies":[{"name":"wp","href":"https:\/\/api.w.org\/{rel}","templated":true}]}}