{"id":627,"date":"2022-12-18T02:14:48","date_gmt":"2022-12-17T23:14:48","guid":{"rendered":"https:\/\/kackaryapi.com.tr\/?post_type=product&#038;p=627"},"modified":"2022-12-18T02:16:41","modified_gmt":"2022-12-17T23:16:41","slug":"satengips","status":"publish","type":"product","link":"https:\/\/kackaryapi.com.tr\/en\/product\/satengips\/","title":{"rendered":"Satengips\u00ae"},"content":{"rendered":"","protected":false},"excerpt":{"rendered":"<p><strong>\u0130\u00e7 mekanlarda el ile uygulanan son kat y\u00fczey d\u00fczeltme perdah al\u00e7\u0131s\u0131d\u0131r.<\/strong><\/p>\n<p><strong>\u00d6zellikler:<\/strong><\/p>\n<ul>\n<li>Son kat uygulamalara haz\u0131r p\u00fcr\u00fczs\u00fcz y\u00fczey<\/li>\n<li>Kolay ve h\u0131zl\u0131 uygulama imkan\u0131<\/li>\n<li>Uzat\u0131lm\u0131\u015f \u00e7al\u0131\u015fma s\u00fcresi<\/li>\n<li>A1 s\u0131n\u0131f\u0131 alev almaz yap\u0131 malzemesi<\/li>\n<li>Y\u00fcksek aderans<\/li>\n<\/ul>\n<p><strong>Kullan\u0131m Alanlar\u0131:<\/strong><\/p>\n<ul>\n<li>Al\u00e7\u0131 plaka, \u00e7imento veya al\u00e7\u0131 s\u0131va ile kaplanm\u0131\u015f duvarlar, d\u00fczg\u00fcn kara s\u0131va ve br\u00fct beton, kirli ve boyanm\u0131\u015f y\u00fczeyler \u00fczerine tek veya \u00e7ift kat olarak uygulan\u0131r. Boya ve duvar ka\u011f\u0131d\u0131 gibi y\u00fczey sonlama uygulamalar\u0131ndan \u00f6nce, d\u00fczg\u00fcn ve p\u00fcr\u00fczs\u00fcz y\u00fczey elde edilmesinde kullan\u0131l\u0131r.<\/li>\n<\/ul>\n<p><strong>Ebatlar ve Genel \u00d6zellikler:<\/strong><\/p>\n<ul>\n<li>A\u011f\u0131rl\u0131k: 25 kg &#8211; 3 kg<\/li>\n<li>Paketleme: 60 torba \/ palet &#8211; 180 torba \/ palet<\/li>\n<li>Raf \u00d6mr\u00fc: 6 ay<\/li>\n<\/ul>\n<p>\u00dcr\u00fcn Standard\u0131: TS EN 13279 &#8211; 1 Tip: C6, \u0130nce uygulanabilen al\u00e7\u0131<\/p>","protected":false},"featured_media":628,"comment_status":"open","ping_status":"closed","template":"","meta":[],"product_cat":[32],"product_tag":[44,36,47,46,53,43,34,35,66,37,39,45,38],"class_list":["post-627","product","type-product","status-publish","has-post-thumbnail","hentry","product_cat-macunlar-astarlar-toz-alci","product_tag-alci","product_tag-astarlar","product_tag-atasehir-knauf","product_tag-atasehir-yapi","product_tag-derz-dolgusu","product_tag-kackar-yapi","product_tag-knauf","product_tag-macunlar","product_tag-satengips","product_tag-toz-alci","product_tag-yapi","product_tag-yapi-onarim","product_tag-yapi-sistemleri"],"_links":{"self":[{"href":"https:\/\/kackaryapi.com.tr\/en\/wp-json\/wp\/v2\/product\/627","targetHints":{"allow":["GET"]}}],"collection":[{"href":"https:\/\/kackaryapi.com.tr\/en\/wp-json\/wp\/v2\/product"}],"about":[{"href":"https:\/\/kackaryapi.com.tr\/en\/wp-json\/wp\/v2\/types\/product"}],"replies":[{"embeddable":true,"href":"https:\/\/kackaryapi.com.tr\/en\/wp-json\/wp\/v2\/comments?post=627"}],"wp:featuredmedia":[{"embeddable":true,"href":"https:\/\/kackaryapi.com.tr\/en\/wp-json\/wp\/v2\/media\/628"}],"wp:attachment":[{"href":"https:\/\/kackaryapi.com.tr\/en\/wp-json\/wp\/v2\/media?parent=627"}],"wp:term":[{"taxonomy":"product_cat","embeddable":true,"href":"https:\/\/kackaryapi.com.tr\/en\/wp-json\/wp\/v2\/product_cat?post=627"},{"taxonomy":"product_tag","embeddable":true,"href":"https:\/\/kackaryapi.com.tr\/en\/wp-json\/wp\/v2\/product_tag?post=627"}],"curies":[{"name":"wp","href":"https:\/\/api.w.org\/{rel}","templated":true}]}}