{"id":625,"date":"2022-12-18T02:12:53","date_gmt":"2022-12-17T23:12:53","guid":{"rendered":"https:\/\/kackaryapi.com.tr\/?post_type=product&#038;p=625"},"modified":"2022-12-18T02:14:06","modified_gmt":"2022-12-17T23:14:06","slug":"kargips","status":"publish","type":"product","link":"https:\/\/kackaryapi.com.tr\/en\/product\/kargips\/","title":{"rendered":"Kargips\u00ae"},"content":{"rendered":"","protected":false},"excerpt":{"rendered":"<p><strong>\u0130\u00e7 mekan tavan ve s\u00fctun dekorasyonlar\u0131nda kullan\u0131lan kartonpiyer al\u00e7\u0131s\u0131d\u0131r.<\/strong><\/p>\n<p><strong>\u00d6zellikler:<\/strong><\/p>\n<ul>\n<li>P\u00fcr\u00fczs\u00fcz g\u00f6r\u00fcn\u00fcm<\/li>\n<li>Y\u00fcksek beyazl\u0131k derecesi<\/li>\n<li>Kolay i\u015flenebilirlik<\/li>\n<li>\u00c7abuk donma<\/li>\n<li>Kartonpiyer yap\u0131\u015ft\u0131rma<\/li>\n<li>A1 s\u0131n\u0131f\u0131 alev almaz yap\u0131 malzemesi<\/li>\n<\/ul>\n<p><strong>Kullan\u0131m Alanlar\u0131:<\/strong><\/p>\n<ul>\n<li>Kartonpiyer uygulamalar\u0131 ve onar\u0131m\u0131<\/li>\n<li>\u0130\u00e7 mekan tavan ve s\u00fctun \u00fcst ba\u015fl\u0131klar\u0131<\/li>\n<li>Duvar tavan s\u00fcslemeleri<\/li>\n<\/ul>\n<p><strong>Ebatlar ve Genel \u00d6zellikler:<\/strong><\/p>\n<ul>\n<li>A\u011f\u0131rl\u0131k: 25 kg &#8211; 3kg<\/li>\n<li>Paketleme: 60 torba \/ palet &#8211; 180 torba \/ palet<\/li>\n<li>Raf \u00d6mr\u00fc: 6 ay<\/li>\n<\/ul>\n<p>\u00dcr\u00fcn Standard\u0131: TS EN 13279 &#8211; 1 Tip: C1\/8, Lifle g\u00fc\u00e7lendirilmi\u015f al\u00e7\u0131 elemanlar\u0131 i\u00e7in yap\u0131 al\u00e7\u0131s\u0131<\/p>","protected":false},"featured_media":626,"comment_status":"open","ping_status":"closed","template":"","meta":[],"product_cat":[32],"product_tag":[44,36,47,46,53,43,65,34,49,35,37,39,45,38],"class_list":["post-625","product","type-product","status-publish","has-post-thumbnail","hentry","product_cat-macunlar-astarlar-toz-alci","product_tag-alci","product_tag-astarlar","product_tag-atasehir-knauf","product_tag-atasehir-yapi","product_tag-derz-dolgusu","product_tag-kackar-yapi","product_tag-kargips","product_tag-knauf","product_tag-knauf-fill","product_tag-macunlar","product_tag-toz-alci","product_tag-yapi","product_tag-yapi-onarim","product_tag-yapi-sistemleri"],"_links":{"self":[{"href":"https:\/\/kackaryapi.com.tr\/en\/wp-json\/wp\/v2\/product\/625","targetHints":{"allow":["GET"]}}],"collection":[{"href":"https:\/\/kackaryapi.com.tr\/en\/wp-json\/wp\/v2\/product"}],"about":[{"href":"https:\/\/kackaryapi.com.tr\/en\/wp-json\/wp\/v2\/types\/product"}],"replies":[{"embeddable":true,"href":"https:\/\/kackaryapi.com.tr\/en\/wp-json\/wp\/v2\/comments?post=625"}],"wp:featuredmedia":[{"embeddable":true,"href":"https:\/\/kackaryapi.com.tr\/en\/wp-json\/wp\/v2\/media\/626"}],"wp:attachment":[{"href":"https:\/\/kackaryapi.com.tr\/en\/wp-json\/wp\/v2\/media?parent=625"}],"wp:term":[{"taxonomy":"product_cat","embeddable":true,"href":"https:\/\/kackaryapi.com.tr\/en\/wp-json\/wp\/v2\/product_cat?post=625"},{"taxonomy":"product_tag","embeddable":true,"href":"https:\/\/kackaryapi.com.tr\/en\/wp-json\/wp\/v2\/product_tag?post=625"}],"curies":[{"name":"wp","href":"https:\/\/api.w.org\/{rel}","templated":true}]}}